{"id":9274,"date":"2023-04-27T16:12:30","date_gmt":"2023-04-27T15:12:30","guid":{"rendered":"https:\/\/barcelona.wordcamp.org\/2023\/?page_id=9274"},"modified":"2023-05-05T05:04:18","modified_gmt":"2023-05-05T04:04:18","slug":"wordcamp-for-teens","status":"publish","type":"page","link":"https:\/\/barcelona.wordcamp.org\/2023\/wordcamp-for-teens\/","title":{"rendered":"WordCamp for Teens"},"content":{"rendered":"\n<div class=\"wp-block-group has-custom-blanc-wc-bcn-background-color has-background is-content-justification-left is-layout-constrained wp-container-core-group-is-layout-2047fa87 wp-block-group-is-layout-constrained\" style=\"margin-top:50px;margin-bottom:90px;padding-top:var(--wp--preset--spacing--40);padding-right:var(--wp--preset--spacing--40);padding-bottom:var(--wp--preset--spacing--40);padding-left:var(--wp--preset--spacing--40)\">\n<p>En aquesta <strong>WordCamp Barcelona 2023<\/strong> realitzarem el que es denomina una &#8220;<strong>WordCamp for Teens<\/strong>&#8221; que compr\u00e8n les <strong>edats de 13 a 16 anys<\/strong>. Es realitzar\u00e0 el <strong>5 de maig del 2023<\/strong>, de 9:00 a 13:00.<\/p>\n\n\n\n<p>Amb la &#8220;WordCamp for Teens&#8221;, volem donar a con\u00e8ixer WordPress als joves, mostrar-los el seu potencial i les possibilitats que els ofereix. Tamb\u00e9 els parlarem de seguretat i reputaci\u00f3 en l\u00ednia perqu\u00e8 entenguin els riscos de l&#8217;exposici\u00f3 p\u00fablica que un lloc web sobre ells mateixos pot tenir.<\/p>\n\n\n\n<p>L&#8217;<strong>esdeveniment ser\u00e0 totalment gratu\u00eft<\/strong> (sense cap cost per als assistents) i es realitzar\u00e0 al centre c\u00edvic <strong>Cotxeres de Sants<\/strong>. Els assistents pertanyen a escoles que han acudit per invitaci\u00f3 a l&#8217;esdeveniment, arribant a una participaci\u00f3 de 90 joves.<\/p>\n\n\n\n<p>En aquestes instal\u00b7lacions hi haur\u00e0 unes <strong>xerrades exclusives per a ells<\/strong> en les quals es parlar\u00e0 de <strong>Ciberseguretat<\/strong>, qu\u00e8 \u00e9s <strong>WordPress<\/strong> o <strong>Com crear un lloc web<\/strong>.<\/p>\n\n\n\n<p>A continuaci\u00f3 es mostra el programa.<\/p>\n<\/div>\n\n\n\n<h2 class=\"wp-block-heading has-text-align-center\">Programa<\/h2>\n\n\n\n<table class=\"table-wc-teens\">\n  <tr>\n    <td class=\"col-1\">9:00 a 9:50.<\/td>\n    <td class=\"col-2\">Benvinguda i jocs per trencar el gel.<\/td>\n  <\/tr>\n  <tr>\n    <td class=\"col-1\">9:50 a 10:00.<\/td>\n    <td class=\"col-2\">Presentaci\u00f3 de WordCamp Teens.<\/td>\n  <\/tr>\n  <tr>\n    <td class=\"col-1\">10:00 a 10:40.<\/td>\n    <td class=\"col-2\">\n      <strong>Ponent:<\/strong> Mossos d&#8217;Esquadra.<br>\n      <strong>T\u00edtol:<\/strong> Ciberseguretat i reputaci\u00f3 en l\u00ednia. Els perills d&#8217;Internet.<br>\n      <strong>Descripci\u00f3:<\/strong> Revisarem els aspectes que has de tenir en compte per tenir una reputaci\u00f3 en l\u00ednia correcta i favorable als teus interessos. Consells de ciberseguretat indispensables.\n    <\/td>\n  <\/tr>\n  <tr>\n    <td class=\"col-1\">10:40 a 11:00.<\/td>\n    <td class=\"col-2\">Refrigeri.<\/td>\n  <\/tr>\n  <tr>\n    <td class=\"col-1\">11:00 a 11:40.<\/td>\n    <td class=\"col-2\">\n      <strong>Ponent:<\/strong> Juanka D\u00edaz.<br>\n      <strong>T\u00edtol:<\/strong> Apr\u00e8n qu\u00e8 \u00e9s WordPress i com instal\u00b7lar-lo.<br>\n      <strong>Descripci\u00f3:<\/strong> Durant aquesta xerrada introduct\u00f2ria de WordPress repassarem conceptes b\u00e0sics entorn d&#8217;aquest CMS, gestor de continguts, i no nom\u00e9s repassarem les bases d&#8217;aquest sin\u00f3 que veurem fins on podem arribar, perqu\u00e8 no nom\u00e9s per fer blocs serveix WordPress, com reza el mite \ud83d\ude09 A m\u00e9s a m\u00e9s, finalitzarem la xerrada amb una demostraci\u00f3 de com instal\u00b7lar-lo, perqu\u00e8 quan acabi aquesta sessi\u00f3 tinguis totes les claus per comen\u00e7ar a fer coses amb WordPress.\n    <\/td>\n  <\/tr>\n  <tr>\n    <td class=\"col-1\">11:40 a 12:00.<\/td>\n    <td class=\"col-2\">Descans.<\/td>\n  <\/tr>\n  <tr>\n    <td class=\"col-1\">12:00 a 12:40.<\/td>\n    <td class=\"col-2\">\n      <strong>Ponent:<\/strong> Maite Mercader.<br>\n      <strong>T\u00edtol:<\/strong> Donant vida al teu nou projecte WordPress.<br>\n      <strong>Descripci\u00f3:<\/strong> Veurem com incorporar contingut en una nova web WordPress, aix\u00ed com eines que ens ajudaran a ser m\u00e9s eficients.\n    <\/td>\n  <\/tr>\n  <tr>\n    <td class=\"col-1\">12:40 a 12:50.<\/td>\n    <td class=\"col-2\">Tancament i acomiadament.<\/td>\n  <\/tr>\n<\/table>\n","protected":false},"excerpt":{"rendered":"<p>En aquesta WordCamp Barcelona 2023 realitzarem el que es denomina una &#8220;WordCamp for Teens&#8221; que compr\u00e8n les edats de 13 a 16 anys. Es realitzar\u00e0 el 5 de maig del 2023, de 9:00 a 13:00. Amb la &#8220;WordCamp for Teens&#8221;, volem donar a con\u00e8ixer WordPress als joves, mostrar-los el seu potencial i les possibilitats que [&hellip;]<\/p>\n","protected":false},"author":13045717,"featured_media":0,"parent":0,"menu_order":0,"comment_status":"closed","ping_status":"closed","template":"wp-custom-template-plantilla-pagina-cat-2","meta":{"jetpack_post_was_ever_published":false,"footnotes":""},"class_list":["post-9274","page","type-page","status-publish","hentry"],"jetpack_sharing_enabled":true,"_links":{"self":[{"href":"https:\/\/barcelona.wordcamp.org\/2023\/wp-json\/wp\/v2\/pages\/9274","targetHints":{"allow":["GET"]}}],"collection":[{"href":"https:\/\/barcelona.wordcamp.org\/2023\/wp-json\/wp\/v2\/pages"}],"about":[{"href":"https:\/\/barcelona.wordcamp.org\/2023\/wp-json\/wp\/v2\/types\/page"}],"author":[{"embeddable":true,"href":"https:\/\/barcelona.wordcamp.org\/2023\/wp-json\/wp\/v2\/users\/13045717"}],"replies":[{"embeddable":true,"href":"https:\/\/barcelona.wordcamp.org\/2023\/wp-json\/wp\/v2\/comments?post=9274"}],"version-history":[{"count":3,"href":"https:\/\/barcelona.wordcamp.org\/2023\/wp-json\/wp\/v2\/pages\/9274\/revisions"}],"predecessor-version":[{"id":9432,"href":"https:\/\/barcelona.wordcamp.org\/2023\/wp-json\/wp\/v2\/pages\/9274\/revisions\/9432"}],"wp:attachment":[{"href":"https:\/\/barcelona.wordcamp.org\/2023\/wp-json\/wp\/v2\/media?parent=9274"}],"curies":[{"name":"wp","href":"https:\/\/api.w.org\/{rel}","templated":true}]}}