{"id":9253,"date":"2023-04-27T16:11:13","date_gmt":"2023-04-27T15:11:13","guid":{"rendered":"https:\/\/barcelona.wordcamp.org\/2023\/?page_id=9253"},"modified":"2023-05-05T05:04:50","modified_gmt":"2023-05-05T04:04:50","slug":"wordcamp-for-teens","status":"publish","type":"page","link":"https:\/\/barcelona.wordcamp.org\/2023\/es\/wordcamp-for-teens\/","title":{"rendered":"WordCamp for Teens"},"content":{"rendered":"\n<div class=\"wp-block-group has-custom-blanc-wc-bcn-background-color has-background is-content-justification-left is-layout-constrained wp-container-core-group-is-layout-2047fa87 wp-block-group-is-layout-constrained\" style=\"margin-top:50px;margin-bottom:90px;padding-top:var(--wp--preset--spacing--40);padding-right:var(--wp--preset--spacing--40);padding-bottom:var(--wp--preset--spacing--40);padding-left:var(--wp--preset--spacing--40)\">\n<p>En esta <strong>WordCamp Barcelona 2023<\/strong> realizaremos lo que se denomina una <strong>\u00abWordCamp for Teens\u00bb<\/strong> que comprende las <strong>edades de 13 a 16 a\u00f1os<\/strong>. Se realizar\u00e1 el <strong>5 de mayo del 2023<\/strong>, de 9:00 a 13:00.<\/p>\n\n\n\n<p>Con la \u201cWordCamp for Teens\u201d, queremos dar a conocer WordPress a los j\u00f3venes, mostrarles su potencial, y las posibilidades que les brinda. Tambi\u00e9n les hablaremos de seguridad y reputaci\u00f3n online para que entiendan los riesgos de la exposici\u00f3n p\u00fablica que una web sobre s\u00ed mismos puede tener.&nbsp;&nbsp;<\/p>\n\n\n\n<p>El <strong>evento ser\u00e1 totalmente gratuito<\/strong> (sin ning\u00fan coste para los asistentes) y se realizar\u00e1 en el centro c\u00edvico<strong> Cotxeres de Sants<\/strong>. Los asistentes pertenecen a colegios que han acudido por invitaci\u00f3n al evento, llegando a una participaci\u00f3n de 90 j\u00f3venes.<\/p>\n\n\n\n<p>En estas instalaciones habr\u00e1 unas <strong>charlas exclusivas para ellos<\/strong> en las que se hablar\u00e1 de <strong>Ciberseguridad<\/strong>, qu\u00e9 es <strong>WordPress<\/strong> o <strong>C\u00f3mo crear un sitio web<\/strong>.<\/p>\n\n\n\n<p>A continuaci\u00f3n se muestra el programa.<\/p>\n<\/div>\n\n\n\n<h2 class=\"wp-block-heading has-text-align-center\">Programa<\/h2>\n\n\n\n<table class=\"table-wc-teens\">\n  <tr>\n    <td class=\"col-1\">9:00 a 9:50.<\/td>\n    <td class=\"col-2\">Bienvenida, y juegos rompe hielo.<\/td>\n  <\/tr>\n  <tr>\n    <td class=\"col-1\">9:50 a 10:00.<\/td>\n    <td class=\"col-2\">Presentaci\u00f3n de WordCamp Teens.<\/td>\n  <\/tr>\n  <tr>\n    <td class=\"col-1\">10:00 a 10:40.<\/td>\n    <td class=\"col-2\">\n      <strong>Ponente:<\/strong> Mossos d&#8217;escuadra.<br>\n      <strong>T\u00edtulo:<\/strong> Ciberseguridad y reputaci\u00f3n online. Los peligros de internet.<br>\n      <strong>Descripci\u00f3n:<\/strong> Revisaremos los aspectos que debes considerar para tener una reputaci\u00f3n online correcta y favorable para tus intereses. Consejos de ciberseguridad indispensables.\n    <\/td>\n  <\/tr>\n  <tr>\n    <td class=\"col-1\">10:40 a 11:00.<\/td>\n    <td class=\"col-2\">Desayuno.<\/td>\n  <\/tr>\n  <tr>\n    <td class=\"col-1\">11:00 a 11:40.<\/td>\n    <td class=\"col-2\">\n      <strong>Ponente:<\/strong> Juanka D\u00edaz.<br>\n      <strong>T\u00edtulo:<\/strong> Aprende qu\u00e9 es WordPress y c\u00f3mo instalarlo.<br>\n      <strong>Descripci\u00f3n:<\/strong> Durante esta charla introductoria de WordPress repasaremos conceptos b\u00e1sicos en torno a este CMS, gestor de contenidos, y no solo repasaremos las bases de este sino que veremos hasta d\u00f3nde podemos llegar, porque no solo para hacer blogs sirve WordPress, como reza el mito \ud83d\ude09 Adem\u00e1s finalizaremos la charla con una demo de como instalarlo, para que cuando acabe esta sesi\u00f3n tengas todas las claves para comenzar a hacer cosas con WordPress.\n    <\/td>\n  <\/tr>\n  <tr>\n    <td class=\"col-1\">11:40 a 12:00.<\/td>\n    <td class=\"col-2\">Descanso.<\/td>\n  <\/tr>\n  <tr>\n    <td class=\"col-1\">12:00 a 12:40.<\/td>\n    <td class=\"col-2\">\n      <strong>Ponente:<\/strong> Maite Mercader.<br>\n      <strong>T\u00edtulo:<\/strong> Dando vida a tu nuevo proyecto WordPress.<br>\n      <strong>Descripci\u00f3n:<\/strong> Veremos c\u00f3mo incorporar contenido en una nueva web WordPress, as\u00ed como herramientas que nos ayudar\u00e1n a ser m\u00e1s eficientes.\n    <\/td>\n  <\/tr>\n  <tr>\n    <td class=\"col-1\">12:40 a 12:50.<\/td>\n    <td class=\"col-2\">Cierre y despedida.<\/td>\n  <\/tr>\n<\/table>\n","protected":false},"excerpt":{"rendered":"<p>En esta WordCamp Barcelona 2023 realizaremos lo que se denomina una \u00abWordCamp for Teens\u00bb que comprende las edades de 13 a 16 a\u00f1os. Se realizar\u00e1 el 5 de mayo del 2023, de 9:00 a 13:00. Con la \u201cWordCamp for Teens\u201d, queremos dar a conocer WordPress a los j\u00f3venes, mostrarles su potencial, y las posibilidades que [&hellip;]<\/p>\n","protected":false},"author":13045717,"featured_media":0,"parent":1855,"menu_order":0,"comment_status":"closed","ping_status":"closed","template":"wp-custom-template-plantilla-pagina-esp","meta":{"jetpack_post_was_ever_published":false,"footnotes":""},"class_list":["post-9253","page","type-page","status-publish","hentry"],"jetpack_sharing_enabled":true,"_links":{"self":[{"href":"https:\/\/barcelona.wordcamp.org\/2023\/wp-json\/wp\/v2\/pages\/9253","targetHints":{"allow":["GET"]}}],"collection":[{"href":"https:\/\/barcelona.wordcamp.org\/2023\/wp-json\/wp\/v2\/pages"}],"about":[{"href":"https:\/\/barcelona.wordcamp.org\/2023\/wp-json\/wp\/v2\/types\/page"}],"author":[{"embeddable":true,"href":"https:\/\/barcelona.wordcamp.org\/2023\/wp-json\/wp\/v2\/users\/13045717"}],"replies":[{"embeddable":true,"href":"https:\/\/barcelona.wordcamp.org\/2023\/wp-json\/wp\/v2\/comments?post=9253"}],"version-history":[{"count":5,"href":"https:\/\/barcelona.wordcamp.org\/2023\/wp-json\/wp\/v2\/pages\/9253\/revisions"}],"predecessor-version":[{"id":9433,"href":"https:\/\/barcelona.wordcamp.org\/2023\/wp-json\/wp\/v2\/pages\/9253\/revisions\/9433"}],"up":[{"embeddable":true,"href":"https:\/\/barcelona.wordcamp.org\/2023\/wp-json\/wp\/v2\/pages\/1855"}],"wp:attachment":[{"href":"https:\/\/barcelona.wordcamp.org\/2023\/wp-json\/wp\/v2\/media?parent=9253"}],"curies":[{"name":"wp","href":"https:\/\/api.w.org\/{rel}","templated":true}]}}