{"id":7985,"date":"2023-04-04T13:26:34","date_gmt":"2023-04-04T12:26:34","guid":{"rendered":"https:\/\/barcelona.wordcamp.org\/2023\/?page_id=7985"},"modified":"2023-04-04T20:29:36","modified_gmt":"2023-04-04T19:29:36","slug":"hoteles-en-barcelona","status":"publish","type":"page","link":"https:\/\/barcelona.wordcamp.org\/2023\/es\/hoteles-en-barcelona\/","title":{"rendered":"Hoteles en Barcelona"},"content":{"rendered":"\n<div class=\"wp-block-group has-custom-blanc-wc-bcn-background-color has-background is-content-justification-left is-layout-constrained wp-container-core-group-is-layout-7e33e7ff wp-block-group-is-layout-constrained\" style=\"margin-bottom:21px;padding-top:var(--wp--preset--spacing--40);padding-right:var(--wp--preset--spacing--40);padding-bottom:var(--wp--preset--spacing--40);padding-left:var(--wp--preset--spacing--40)\">\n<p>Si eres de fuera de Barcelona y tienes que buscar un hotel para disfrutar de la WordCamp sabemos que puede ser un poco complicado, y m\u00e1s si queremos estar en el centro.<\/p>\n\n\n\n<p>Te ofrecemos un listado con varias alternativas para que puedas valorar tu estancia en la ciudad condal.<\/p>\n\n\n\n<p>Los enlaces mostrados no tienen ninguna afiliaci\u00f3n con WordCamp Barcelona ni con ninguno de sus organizadores<\/p>\n<\/div>\n\n\n\n<div style=\"height:68px\" aria-hidden=\"true\" class=\"wp-block-spacer\"><\/div>\n\n\n\n<h2 class=\"wp-block-heading\" style=\"font-size:31px\">Propuesta de hoteles en Barcelona<\/h2>\n\n\n\n<div class=\"wp-block-columns has-custom-blanc-wc-bcn-background-color has-background is-layout-flex wp-container-core-columns-is-layout-28f84493 wp-block-columns-is-layout-flex\">\n<div class=\"wp-block-column is-layout-flow wp-block-column-is-layout-flow\">\n<p><strong>Hostal Yomo BCN Port<\/strong><\/p>\n\n\n\n<p>Av. del Paral\u00b7lel, 15, 08004 Barcelona<br>933 24 95 00<\/p>\n\n\n\n<p>Hostal 2 estrellas. El Hostal BCN Port est\u00e1 cerca del puerto y a 400m de Las Ramblas de Barcelona y del Barrio G\u00f3tico. <\/p>\n\n\n\n<p><a href=\"https:\/\/www.yomohotels.com\/hotel\/bcn-port\/\">Ver web<\/a><br><a href=\"https:\/\/www.google.com\/travel\/hotels\/Hostal%20Yomo%20BCN%20Port\/entity\/CgsIscqGneb9q7raARAB\/prices?q=Hostal%20Yomo%20BCN%20Port&amp;g2lb=2502548%2C2503771%2C2503781%2C4258168%2C4270442%2C4284970%2C4291517%2C4306835%2C4308226%2C4597339%2C4754388%2C4757164%2C4814050%2C4850738%2C4861688%2C4864715%2C4874190%2C4886480%2C4893075%2C4920132%2C4924070%2C4936396%2C4965990%2C4967051%2C4968087%2C4972345%2C4977394%2C4977499%2C4983186%2C4989886&amp;hl=ca-ES&amp;gl=es&amp;ssta=1&amp;rp=ELHKhp3m_au62gEQscqGneb9q7raATgCQABIAcABAg&amp;ictx=1&amp;ved=0CAAQ5JsGahcKEwjoqcrhyYT-AhUAAAAAHQAAAAAQBA&amp;utm_campaign=sharing&amp;utm_medium=link&amp;utm_source=htls&amp;ts=CAESABpJCisSJzIlMHgxMmE0YTI1MDllMmViMGMxOjB4ZGE3NGFmZWU2M2ExYTUzMRoAEhoSFAoHCOcPEAUYBBIHCOcPEAUYBxgDMgIIAioJCgU6A0VVUhoA\">Ver ficha en Google Travel<\/a> con comparativa de precios.<\/p>\n<\/div>\n\n\n\n<div class=\"wp-block-column is-layout-flow wp-block-column-is-layout-flow\">\n<p><strong>Generator Barcelona<\/strong><\/p>\n\n\n\n<p>C\/ de C\u00f2rsega, 373, 08037 Barcelona<br>932 20 03 77<\/p>\n\n\n\n<p>Hotel de 1 estrella. Habitaciones compartidas y privadas simples pero funcionales. <\/p>\n\n\n\n<p><a href=\"https:\/\/staygenerator.com\/hostels\/barcelona?lang=es-ES\">Ver web<\/a><br><a href=\"https:\/\/www.google.com\/travel\/hotels\/entity\/ChkIw6Cs3c_U5LTCARoML2cvMWhqaDh4bmxoEAE?gsas=1&amp;rp=yAEB&amp;ts=CAESCgoCCAMKAggDEAAaVAo2EjIyJTB4MTJhNDk4MTY3MThlMzBlNToweDQ0YjBmYjNkNGY0NzY2MGE6CUJhcmNlbG9uYRoAEhoSFAoHCOcPEAUYBBIHCOcPEAUYBxgDMgIQACoNCgliAggBOgNFVVIaAA&amp;ved=0CAAQ5JsGahcKEwjgzqre1IT-AhUAAAAAHQAAAAAQBA&amp;hl=ca&amp;gl=ES&amp;utm_campaign=sharing&amp;utm_medium=link&amp;utm_source=htls\">Ver ficha en Google Travel <\/a>con comparativa de precios. <\/p>\n<\/div>\n\n\n\n<div class=\"wp-block-column is-layout-flow wp-block-column-is-layout-flow\">\n<p><strong>Hostal Felipe II<\/strong><\/p>\n\n\n\n<p>C\/ de Mallorca, 329, Floor, 3\u00ba, 08037 Barcelona<br>934 58 77 58<\/p>\n\n\n\n<p>Hostal de 2 estrellas en un bonito edificio modernista en el Eixample de Barcelona. <\/p>\n\n\n\n<p><a href=\"http:\/\/www.hostalfelipe2.com\/es\/\">Ver web<\/a><br><a href=\"https:\/\/www.google.com\/travel\/hotels\/Hostal%20Felipe%20II\/entity\/CgoIqvGvi76Em4c8EAE\/overview?q=Hostal%20Felipe%20II&amp;g2lb=2502548%2C2503771%2C2503781%2C4258168%2C4270442%2C4284970%2C4291517%2C4306835%2C4308226%2C4597339%2C4754388%2C4757164%2C4814050%2C4850738%2C4861688%2C4864715%2C4874190%2C4886480%2C4893075%2C4920132%2C4924070%2C4936396%2C4965990%2C4967051%2C4968087%2C4972345%2C4977394%2C4977499%2C4983186%2C4989886&amp;hl=ca-ES&amp;gl=es&amp;ssta=1&amp;rp=EKrxr4u-hJuHPBCq8a-LvoSbhzw4AkAASAHAAQI&amp;ictx=1&amp;utm_campaign=sharing&amp;utm_medium=link&amp;utm_source=htls&amp;ts=CAESABpJCisSJzIlMHgxMmE0YTJlYmNhODU3MTUxOjB4M2MwZTZjMjNlMTZiZjhhYRoAEhoSFAoHCOcPEAUYBBIHCOcPEAUYBxgDMgIIAioJCgU6A0VVUhoA\">Ver ficha en Google Travel<\/a> con comparativa de precios.<\/p>\n<\/div>\n<\/div>\n\n\n\n<div class=\"wp-block-columns has-custom-blanc-wc-bcn-background-color has-background is-layout-flex wp-container-core-columns-is-layout-28f84493 wp-block-columns-is-layout-flex\">\n<div class=\"wp-block-column is-layout-flow wp-block-column-is-layout-flow\">\n<p><strong>Hotel Best Auto Hogar<\/strong><\/p>\n\n\n\n<p>Av. del Paral\u00b7lel, 64, 08001 Barcelona<br>934 43 98 50<\/p>\n\n\n\n<p>Hotel de 3 estrellas muy tranquilo con habitaciones muy luminosas. En el momento de elaborar esta ficha ya no ten\u00edan habitaciones disponibles para los d\u00edas de la WordCamp.<\/p>\n\n\n\n<p><a href=\"https:\/\/www.besthotels.es\/destinos-y-hoteles\/best-auto-hogar.html\">Ver web<\/a><br><a href=\"https:\/\/www.google.com\/travel\/hotels\/Barcelona\/entity\/ChcI6arv04TP1q5IGgsvZy8xdGh2MV92dxAB?gsas=1&amp;hl=ca&amp;gl=ES&amp;ts=CAESCgoCCAMKAggDEAAaVAo2EjIyJTB4MTJhNDk4MTY3MThlMzBlNToweDQ0YjBmYjNkNGY0NzY2MGE6CUJhcmNlbG9uYRoAEhoSFAoHCOcPEAUYBBIHCOcPEAUYBxgDMgIQACoNCgliAggBOgNFVVIaAA&amp;sa=X&amp;utm_campaign=sharing&amp;utm_medium=link&amp;utm_source=htls&amp;rp=OAFIAg&amp;ap=MAA&amp;ved=0CAAQ5JsGahcKEwjo1YeS0oT-AhUAAAAAHQAAAAAQBA\">Ver ficha en Google Travel<\/a> con comparativa de precios. <\/p>\n<\/div>\n\n\n\n<div class=\"wp-block-column is-layout-flow wp-block-column-is-layout-flow\">\n<p><strong>Hotel Restaurant La Ciutadella<\/strong><\/p>\n\n\n\n<p>Passeig de Llu\u00eds Companys, 2, 08018 Barcelona<br>933 09 95 57<\/p>\n\n\n\n<p>Hotel de 1 estrella. Hotel tradicional con parking. En el momento de elaborar esta ficha ya no ten\u00edan habitaciones disponibles para los d\u00edas de la WordCamp. <\/p>\n\n\n\n<p><a href=\"https:\/\/www.ciudadelaparc.com\/\">Ver web<\/a><br><a href=\"https:\/\/www.google.com\/travel\/hotels\/entity\/ChgIs7iRyuum_eQiGgwvZy8xeW5ucTRibmMQAQ?gsas=1&amp;hl=ca&amp;gl=ES&amp;ts=CAESCAoCCAMKAggDGiwKDhIKCggvbS8wMWY2MhoAEhoSFAoHCOcPEAUYBBIHCOcPEAUYBxgDMgIQACoJCgU6A0VVUhoA&amp;sa=X&amp;ved=0CAAQ5JsGahcKEwjouem7zYT-AhUAAAAAHQAAAAAQAw&amp;utm_campaign=sharing&amp;utm_medium=link&amp;utm_source=htls\">Ver ficha en Google Travel <\/a>con comparativa de precios<\/p>\n<\/div>\n\n\n\n<div class=\"wp-block-column is-layout-flow wp-block-column-is-layout-flow\">\n<p><strong>Ibis Meridiana<\/strong><\/p>\n\n\n\n<p>Passeig d&#8217;Andreu Nin, 9, 08016 Barcelona<br>932 76 83 10<\/p>\n\n\n\n<p>Hotel econ\u00f3mico de 2 estrellas con habitaciones peque\u00f1as. <\/p>\n\n\n\n<p><a href=\"https:\/\/all.accor.com\/hotel\/3310\/index.es.shtml\">Ver web<br><\/a><a href=\"https:\/\/www.google.com\/travel\/hotels\/entity\/ChkI6NSS0LzCws2jARoML2cvMWhoZ3ZjNTEwEAE?gsas=1&amp;hl=ca&amp;gl=ES&amp;ts=CAESCAoCCAMKAggDGiwKDhIKCggvbS8wMWY2MhoAEhoSFAoHCOcPEAUYBBIHCOcPEAUYBxgDMgIQACoJCgU6A0VVUhoA&amp;sa=X&amp;ved=0CAAQ5JsGahcKEwiYndr_y4T-AhUAAAAAHQAAAAAQBA&amp;utm_campaign=sharing&amp;utm_medium=link&amp;utm_source=htls\">Ver ficha en Google Travel<\/a> con comparativa de precios.<\/p>\n<\/div>\n<\/div>\n\n\n\n<div class=\"wp-block-columns has-custom-blanc-wc-bcn-background-color has-background is-layout-flex wp-container-core-columns-is-layout-28f84493 wp-block-columns-is-layout-flex\">\n<div class=\"wp-block-column is-layout-flow wp-block-column-is-layout-flow\">\n<p><strong>ibis Styles Barcelona City Bogatell<\/strong><\/p>\n\n\n\n<p>Carrer de Llull, 71, 08005 Barcelona<br>934 83 37 48<\/p>\n\n\n\n<p>Hotel 2 estrellas. Elegante y con habitaciones informales. <\/p>\n\n\n\n<p><a href=\"https:\/\/all.accor.com\/hotel\/9663\/index.es.shtml\">Ver web<\/a><br><a href=\"https:\/\/www.google.com\/travel\/hotels\/Barcelona\/entity\/ChkIv8TxsK7xpLxLGg0vZy8xMWNyeG1fenJrEAE?gsas=1&amp;hl=ca&amp;gl=ES&amp;ts=CAESCgoCCAMKAggDEAAaVAo2EjIyJTB4MTJhNDk4MTY3MThlMzBlNToweDQ0YjBmYjNkNGY0NzY2MGE6CUJhcmNlbG9uYRoAEhoSFAoHCOcPEAUYBBIHCOcPEAUYBxgDMgIQACoNCgliAggBOgNFVVIaAA&amp;sa=X&amp;utm_campaign=sharing&amp;utm_medium=link&amp;utm_source=htls&amp;rp=OAFIAg&amp;ap=MAA&amp;ved=0CAAQ5JsGahcKEwjY1YPe0oT-AhUAAAAAHQAAAAAQBA\">Ver ficha en Google Travel<\/a> con comparativa de precios.<\/p>\n<\/div>\n\n\n\n<div class=\"wp-block-column is-layout-flow wp-block-column-is-layout-flow\">\n<p><strong>SmartRoom Hotel<\/strong><\/p>\n\n\n\n<p>Carrer d&#8217;Olzinelles, 56-58, 08014 Barcelona<br>934 31 18 64<\/p>\n\n\n\n<p>Hotel de 2 estrellas y sostenible. Buena calidad precio, con habitaciones modernas y funcionales, todas con ba\u00f1o privado. Con certificaci\u00f3n ecol\u00f3gica. <\/p>\n\n\n\n<p><a href=\"https:\/\/www.smartroombarcelona.com\/es\/\">Ver web<br><\/a><a href=\"https:\/\/www.google.com\/travel\/hotels\/entity\/ChgIodKq29ea3N8PGgwvZy8xcTY0NnJfczYQAQ?gsas=1&amp;hl=ca&amp;gl=ES&amp;ts=CAESCAoCCAMKAggDGiwKDhIKCggvbS8wMWY2MhoAEhoSFAoHCOcPEAUYBBIHCOcPEAUYBxgDMgIQACoJCgU6A0VVUhoA&amp;sa=X&amp;ved=0CAAQ5JsGahcKEwiQ_bfMzYT-AhUAAAAAHQAAAAAQBA&amp;utm_campaign=sharing&amp;utm_medium=link&amp;utm_source=htls\" data-type=\"URL\" data-id=\"https:\/\/www.google.com\/travel\/hotels\/entity\/ChgIodKq29ea3N8PGgwvZy8xcTY0NnJfczYQAQ?gsas=1&amp;hl=ca&amp;gl=ES&amp;ts=CAESCAoCCAMKAggDGiwKDhIKCggvbS8wMWY2MhoAEhoSFAoHCOcPEAUYBBIHCOcPEAUYBxgDMgIQACoJCgU6A0VVUhoA&amp;sa=X&amp;ved=0CAAQ5JsGahcKEwiQ_bfMzYT-AhUAAAAAHQAAAAAQBA&amp;utm_campaign=sharing&amp;utm_medium=link&amp;utm_source=htls\">Ver ficha en Google Travel<\/a> con comparativa de precios.<\/p>\n<\/div>\n\n\n\n<div class=\"wp-block-column is-layout-flow wp-block-column-is-layout-flow\">\n<p><strong>Hostal Ruta de Francia<\/strong><\/p>\n\n\n\n<p>C. de los Castillejos, 204, 08013 Barcelona<br><br>Hostal de estilo desenfadado, con un bar informal y habitaciones sencillas con ba\u00f1o privado o compartido.<\/p>\n\n\n\n<p><a href=\"http:\/\/www.hostalrutadefrancia.com\/\">Ver web<\/a><br><a href=\"https:\/\/www.google.com\/travel\/hotels\/entity\/ChcIjvCc17-a0tVkGgsvZy8xdGN6NWdwbBAB?gsas=1&amp;hl=ca&amp;gl=ES&amp;ts=CAESCAoCCAMKAggDGiwKDhIKCggvbS8wMWY2MhoAEhoSFAoHCOcPEAUYBBIHCOcPEAUYBxgDMgIQACoJCgU6A0VVUhoA&amp;sa=X&amp;ved=0CAAQ5JsGahcKEwi4zZTJzYT-AhUAAAAAHQAAAAAQBA&amp;utm_campaign=sharing&amp;utm_medium=link&amp;utm_source=htls\">Ver ficha en Google Travel<\/a> con comparativa de precios<\/p>\n<\/div>\n<\/div>\n\n\n\n<div class=\"wp-block-columns has-custom-blanc-wc-bcn-background-color has-background is-layout-flex wp-container-core-columns-is-layout-28f84493 wp-block-columns-is-layout-flex\">\n<div class=\"wp-block-column is-layout-flow wp-block-column-is-layout-flow\">\n<p><strong>chic&amp;basic Born Boutique Hotel<\/strong><\/p>\n\n\n\n<p>Carrer de la Princesa, 50, 08003 Barcelona<br>932 95 46 52<br><\/p>\n\n\n\n<p>Hotel de 3 estrellas. Hotel boutique con alquiler de bicis, un sal\u00f3n elegante y habitaciones minimalistas con iluminaci\u00f3n ambiental.<\/p>\n\n\n\n<p><a href=\"https:\/\/www.chicandbasic.com\/es\/hotel-born-barcelona\/\">Ver web<\/a><br><a href=\"https:\/\/www.google.com\/travel\/hotels\/entity\/ChoI28zujfm49rTYARoNL2cvMTFieDl3aHNzZBAB?gsas=1&amp;hl=ca&amp;gl=ES&amp;ts=CAESCAoCCAMKAggDGiwKDhIKCggvbS8wMWY2MhoAEhoSFAoHCOcPEAUYBBIHCOcPEAUYBxgDMgIQACoJCgU6A0VVUhoA&amp;sa=X&amp;ved=0CAAQ5JsGahcKEwjohYPHzYT-AhUAAAAAHQAAAAAQBA&amp;utm_campaign=sharing&amp;utm_medium=link&amp;utm_source=htls\">Ver ficha en Google Travel<\/a> con comparativa de precios.<\/p>\n<\/div>\n\n\n\n<div class=\"wp-block-column is-layout-flow wp-block-column-is-layout-flow\">\n<p><strong>Hotel SB Ic\u00e0ria<\/strong><\/p>\n\n\n\n<p>Av. d&#8217;Ic\u00e0ria, 195, 196, 08005 Barcelona<br>932 21 82 00<\/p>\n\n\n\n<p>Hotel de 4 estrellas. Con piscina, restaurante, gimnasio y sauna. Ubicaci\u00f3n ideal junto a la playa y Puerto Ol\u00edmpico.<\/p>\n\n\n\n<p><a href=\"https:\/\/www.hotelicariabarcelona.com\/\">Ver web<\/a><br><a href=\"https:\/\/www.google.com\/travel\/hotels\/entity\/ChgI24etyavu3f3gARoLL2cvMXRjd3oxam0QAQ?gsas=1&amp;hl=ca&amp;gl=ES&amp;ts=CAESCAoCCAMKAggDGiwKDhIKCggvbS8wMWY2MhoAEhoSFAoHCOcPEAUYBBIHCOcPEAUYBxgDMgIQACoJCgU6A0VVUhoA&amp;sa=X&amp;ved=0CAAQ5JsGahcKEwjQqdbEzYT-AhUAAAAAHQAAAAAQBA&amp;utm_campaign=sharing&amp;utm_medium=link&amp;utm_source=htls\">Ver ficha en Google Travel<\/a> con comparativa de precios. <\/p>\n<\/div>\n\n\n\n<div class=\"wp-block-column is-layout-flow wp-block-column-is-layout-flow\">\n<p><strong>Hotel &amp; Spa Vila Ol\u00edmpic@ Suites<\/strong><\/p>\n\n\n\n<p>C. de Pallars, 121, 125, 08018 Barcelona<br>933 56 97 27<\/p>\n\n\n\n<p>Hotel de 4 estrellas. Hotel con spa en Barcelona en el barrio de Poblenou conectado con los principales centros tur\u00edsticos.<\/p>\n\n\n\n<p>Ver web<br>Ver ficha en Google Travel con comparativa de precios.<\/p>\n<\/div>\n<\/div>\n\n\n\n<div class=\"wp-block-columns has-custom-blanc-wc-bcn-background-color has-background is-layout-flex wp-container-core-columns-is-layout-28f84493 wp-block-columns-is-layout-flex\">\n<div class=\"wp-block-column is-layout-flow wp-block-column-is-layout-flow\">\n<p><strong>Hotel Ciutadella Barcelona<\/strong><\/p>\n\n\n\n<p>Av. del Marqu\u00e8s de l&#8217;Argentera, 4, 08003 Barcelona<br>932 68 90 70<br><\/p>\n\n\n\n<p>Hotel de 4 estrellas. Informal y con habitaciones sencillas. <\/p>\n\n\n\n<p><a href=\"https:\/\/www.hotelciutadellabarcelona.com\/\">Ver web<\/a><br><a href=\"https:\/\/www.google.com\/travel\/hotels\/entity\/ChkI_YWRuu_h8f7qARoML2cvMWhtMjJfamR3EAE?gsas=1&amp;hl=ca&amp;gl=ES&amp;ts=CAESCAoCCAMKAggDGiwKDhIKCggvbS8wMWY2MhoAEhoSFAoHCOcPEAUYBBIHCOcPEAUYBxgDMgIQACoJCgU6A0VVUhoA&amp;sa=X&amp;ved=0CAAQ5JsGahcKEwiAytu9zYT-AhUAAAAAHQAAAAAQBA&amp;utm_campaign=sharing&amp;utm_medium=link&amp;utm_source=htls\">Ver ficha en Google Travel<\/a> con comparativa de precios. <\/p>\n<\/div>\n\n\n\n<div class=\"wp-block-column is-layout-flow wp-block-column-is-layout-flow\">\n<p><strong>H10 Marina Barcelona<\/strong><\/p>\n\n\n\n<p>Av. del Bogatell, 64, 68, 08005 Barcelona<br>933 09 79 17<\/p>\n\n\n\n<p>Hotel de 4 estrellas. Habitaciones y suites elegantes con buenas vistas. <\/p>\n\n\n\n<p><a href=\"https:\/\/www.h10hotels.com\/es\/hoteles-barcelona\/h10-marina-barcelona\">Ver web<\/a><br><a href=\"https:\/\/www.google.com\/travel\/hotels\/entity\/ChcInJbXgp-Owdc1GgsvZy8xdHJ6czkzNhAB\/overview?gsas=1&amp;hl=ca&amp;gl=ES&amp;ts=CAESCAoCCAMKAggDGiwKDhIKCggvbS8wMWY2MhoAEhoSFAoHCOcPEAUYBBIHCOcPEAUYBxgDMgIQACoJCgU6A0VVUhoA&amp;sa=X&amp;utm_campaign=sharing&amp;utm_medium=link&amp;utm_source=htls\">Ver ficha en Google Travel<\/a> con comparativa de precios<\/p>\n<\/div>\n\n\n\n<div class=\"wp-block-column is-layout-flow wp-block-column-is-layout-flow\">\n<p><strong>Hotel Barcelona Princess<\/strong><\/p>\n\n\n\n<p>Avinguda Diagonal, 1, 08019 Barcelona<br>933 56 10 00<\/p>\n\n\n\n<p>Hotel de 4 estrellas con vistas y habitaciones muy elegantes. Tiene certificaci\u00f3n ecol\u00f3gica. <\/p>\n\n\n\n<p><a href=\"https:\/\/www.hotelbarcelonaprincess.com\/\">Ver web<br><\/a><a href=\"https:\/\/www.google.com\/travel\/hotels\/entity\/ChYIl63G7O7f-74LGgovbS8waGdsa3ZkEAE?gsas=1&amp;hl=ca&amp;gl=ES&amp;ts=CAESCAoCCAMKAggDGiwKDhIKCggvbS8wMWY2MhoAEhoSFAoHCOcPEAUYBBIHCOcPEAUYBxgDMgIQACoJCgU6A0VVUhoA&amp;sa=X&amp;ved=0CAAQ5JsGahcKEwjQvLrqzIT-AhUAAAAAHQAAAAAQBA&amp;utm_campaign=sharing&amp;utm_medium=link&amp;utm_source=htls\">Ver ficha en Google Travel<\/a> con comparativa de precios.<\/p>\n<\/div>\n<\/div>\n\n\n\n<div class=\"wp-block-group has-custom-blanc-wc-bcn-background-color has-background is-content-justification-left is-layout-constrained wp-container-core-group-is-layout-7e33e7ff wp-block-group-is-layout-constrained\" style=\"margin-bottom:21px;padding-top:var(--wp--preset--spacing--40);padding-right:var(--wp--preset--spacing--40);padding-bottom:var(--wp--preset--spacing--40);padding-left:var(--wp--preset--spacing--40)\">\n<p>En Barcelona hay muchas m\u00e1s alternativas. Puedes echar un vistazo <a href=\"https:\/\/www.google.com\/travel\/hotels\/Barcelona?gsas=1&amp;rp=CiJYAGAAcgQIAhgAmgEVCggvbS8wMWY2MhIJQmFyY2Vsb25hqAIA&amp;ts=CAESCgoCCAMKAggDEAAaNwoZEhUKCC9tLzAxZjYyOglCYXJjZWxvbmEaABIaEhQKBwjnDxAFGAQSBwjnDxAFGAcYAzICEAAqDQoJYgIIAToDRVVSGgA&amp;ved=0CAAQ8IAIahcKEwjo1YeS0oT-AhUAAAAAHQAAAAAQew&amp;hl=ca&amp;gl=ES\">al metabuscador de Google Travel<\/a> para adecuar tu b\u00fasqueda a tus necesidades y ampliar un poco la zona. Tambi\u00e9n puedes mirar en las poblaciones vecinas como Badalona que est\u00e1n conectadas con Barcelona por metro.<\/p>\n\n\n\n<p>\u00bfPensando en compartir habitaci\u00f3n? M\u00e1ndanos un mensaje <a href=\"https:\/\/barcelona.wordcamp.org\/2023\/es\/contacto\/\" data-type=\"page\" data-id=\"1864\">a trav\u00e9s del formulario de contacto.<\/a> <\/p>\n\n\n\n<p>Recuerda que tambi\u00e9n tenemos un grupo de <a href=\"https:\/\/t.me\/+iMFHOwUPRuVkNjBk\">asistentes de la WordCamp en Telegram<\/a> para charlar y poder organizaros.<\/p>\n<\/div>\n\n\n\n<p><br><\/p>\n","protected":false},"excerpt":{"rendered":"<p>Si eres de fuera de Barcelona y tienes que buscar un hotel para disfrutar de la WordCamp sabemos que puede ser un poco complicado, y m\u00e1s si queremos estar en el centro. Te ofrecemos un listado con varias alternativas para que puedas valorar tu estancia en la ciudad condal. Los enlaces mostrados no tienen ninguna [&hellip;]<\/p>\n","protected":false},"author":14304322,"featured_media":0,"parent":1855,"menu_order":0,"comment_status":"closed","ping_status":"closed","template":"wp-custom-template-plantilla-pagina-esp","meta":{"jetpack_post_was_ever_published":false,"footnotes":""},"class_list":["post-7985","page","type-page","status-publish","hentry"],"jetpack_sharing_enabled":true,"_links":{"self":[{"href":"https:\/\/barcelona.wordcamp.org\/2023\/wp-json\/wp\/v2\/pages\/7985","targetHints":{"allow":["GET"]}}],"collection":[{"href":"https:\/\/barcelona.wordcamp.org\/2023\/wp-json\/wp\/v2\/pages"}],"about":[{"href":"https:\/\/barcelona.wordcamp.org\/2023\/wp-json\/wp\/v2\/types\/page"}],"author":[{"embeddable":true,"href":"https:\/\/barcelona.wordcamp.org\/2023\/wp-json\/wp\/v2\/users\/14304322"}],"replies":[{"embeddable":true,"href":"https:\/\/barcelona.wordcamp.org\/2023\/wp-json\/wp\/v2\/comments?post=7985"}],"version-history":[{"count":15,"href":"https:\/\/barcelona.wordcamp.org\/2023\/wp-json\/wp\/v2\/pages\/7985\/revisions"}],"predecessor-version":[{"id":8101,"href":"https:\/\/barcelona.wordcamp.org\/2023\/wp-json\/wp\/v2\/pages\/7985\/revisions\/8101"}],"up":[{"embeddable":true,"href":"https:\/\/barcelona.wordcamp.org\/2023\/wp-json\/wp\/v2\/pages\/1855"}],"wp:attachment":[{"href":"https:\/\/barcelona.wordcamp.org\/2023\/wp-json\/wp\/v2\/media?parent=7985"}],"curies":[{"name":"wp","href":"https:\/\/api.w.org\/{rel}","templated":true}]}}