{"id":4165,"date":"2023-03-26T16:17:41","date_gmt":"2023-03-26T15:17:41","guid":{"rendered":"https:\/\/barcelona.wordcamp.org\/2023\/?page_id=4165"},"modified":"2023-05-05T23:45:05","modified_gmt":"2023-05-05T22:45:05","slug":"entradas","status":"publish","type":"page","link":"https:\/\/barcelona.wordcamp.org\/2023\/es\/entradas\/","title":{"rendered":"Entradas"},"content":{"rendered":"\n<div class=\"wp-block-group is-layout-constrained wp-container-core-group-is-layout-f36bc466 wp-block-group-is-layout-constrained\">\n<div class=\"wp-block-group has-custom-blanc-wc-bcn-background-color has-background is-content-justification-left is-layout-constrained wp-container-core-group-is-layout-e077e08b wp-block-group-is-layout-constrained\" style=\"margin-bottom:21px;padding-top:var(--wp--preset--spacing--40);padding-right:var(--wp--preset--spacing--40);padding-bottom:var(--wp--preset--spacing--40);padding-left:var(--wp--preset--spacing--40)\">\n<h2 class=\"wp-block-heading has-custom-negre-wc-bcn-color has-text-color\">Tu entrada a la WordCamp<\/h2>\n\n\n\n<p>La WordCamp Barcelona se celebrar\u00e1 los d\u00edas 5 y 6 de mayo. En esos d\u00edas la comunidad se organiza para realizar una serie de actividades interesantes e informativas alrededor de WordPress.<\/p>\n\n\n\n<p>El d\u00eda de la comunidad se celebrar\u00e1 el viernes 5 de mayo en l\u2019Auditori de les Cotxeres de Sants y el d\u00eda de ponencias el s\u00e1bado 6 de mayo en el Campus de la Ciutadella de la UPF.<\/p>\n\n\n\n<p>A lo largo de estos dos d\u00edas podr\u00e1s disfrutar de diferentes actividades como charlas, talleres impartidos por expertos, din\u00e1micas de networking&#8230;<\/p>\n\n\n\n<p>La entrada de la WordCamp te permite acceder al dia de la comunidad y tambi\u00e9n a la jornada de ponencias. Adem\u00e1s, tambi\u00e9n incluye todo esto:<\/p>\n\n\n\n<ul class=\"wp-block-list\">\n<li>Acreditaci\u00f3n<\/li>\n\n\n\n<li>Regalos de bienvenida de la WordCamp Barcelona 2023 con una camiseta, una botella de aluminio, detalles de los fant\u00e1sticos patrocinadores y alguna cosa m\u00e1s que no podemos explicarte.<\/li>\n\n\n\n<li>Caf\u00e9s de bienvenida.<\/li>\n\n\n\n<li>Desayuno<\/li>\n\n\n\n<li>Comida<\/li>\n\n\n\n<li>Merienda<\/li>\n\n\n\n<li>Una fiesta de clausura de las jornadas<\/li>\n\n\n\n<li>M\u00e1s detalles que todav\u00eda estamos acabando de perfilar.<\/li>\n<\/ul>\n\n\n\n<p>Esta vez, los m\u00e1s r\u00e1pidos tienen un premio. <strong>Las primeras 75 entradas compradas antes del 12 de abril de 2023 a las 23:59 entrar\u00e1n en un sorteo de un obsequio de edici\u00f3n limitada.<\/strong><\/p>\n\n\n\n<p>\u00bfNo sabes si comprar tu entrada? C\u00f3mprala ahora y si al final no vas a poder venir, podr\u00e1s solicitar tu <strong>reembolso hasta el pr\u00f3ximo 28 de abril de 2023.<\/strong><\/p>\n\n\n<a href=\"https:\/\/barcelona.wordcamp.org\/2023\/es\/entradas\/\">Please view this page in a browser to purchase or manage tickets.<\/a>\n<\/div>\n<\/div>\n","protected":false},"excerpt":{"rendered":"<p>Tu entrada a la WordCamp La WordCamp Barcelona se celebrar\u00e1 los d\u00edas 5 y 6 de mayo. En esos d\u00edas la comunidad se organiza para realizar una serie de actividades interesantes e informativas alrededor de WordPress. El d\u00eda de la comunidad se celebrar\u00e1 el viernes 5 de mayo en l\u2019Auditori de les Cotxeres de Sants [&hellip;]<\/p>\n","protected":false},"author":13045717,"featured_media":0,"parent":1855,"menu_order":0,"comment_status":"closed","ping_status":"closed","template":"wp-custom-template-plantilla-pagina-esp","meta":{"jetpack_post_was_ever_published":false,"footnotes":""},"class_list":["post-4165","page","type-page","status-publish","hentry"],"jetpack_sharing_enabled":true,"_links":{"self":[{"href":"https:\/\/barcelona.wordcamp.org\/2023\/wp-json\/wp\/v2\/pages\/4165","targetHints":{"allow":["GET"]}}],"collection":[{"href":"https:\/\/barcelona.wordcamp.org\/2023\/wp-json\/wp\/v2\/pages"}],"about":[{"href":"https:\/\/barcelona.wordcamp.org\/2023\/wp-json\/wp\/v2\/types\/page"}],"author":[{"embeddable":true,"href":"https:\/\/barcelona.wordcamp.org\/2023\/wp-json\/wp\/v2\/users\/13045717"}],"replies":[{"embeddable":true,"href":"https:\/\/barcelona.wordcamp.org\/2023\/wp-json\/wp\/v2\/comments?post=4165"}],"version-history":[{"count":15,"href":"https:\/\/barcelona.wordcamp.org\/2023\/wp-json\/wp\/v2\/pages\/4165\/revisions"}],"predecessor-version":[{"id":8240,"href":"https:\/\/barcelona.wordcamp.org\/2023\/wp-json\/wp\/v2\/pages\/4165\/revisions\/8240"}],"up":[{"embeddable":true,"href":"https:\/\/barcelona.wordcamp.org\/2023\/wp-json\/wp\/v2\/pages\/1855"}],"wp:attachment":[{"href":"https:\/\/barcelona.wordcamp.org\/2023\/wp-json\/wp\/v2\/media?parent=4165"}],"curies":[{"name":"wp","href":"https:\/\/api.w.org\/{rel}","templated":true}]}}