{"id":3904,"date":"2023-04-13T17:50:54","date_gmt":"2023-04-13T16:50:54","guid":{"rendered":"https:\/\/barcelona.wordcamp.org\/2023\/?page_id=3904"},"modified":"2023-04-13T17:50:54","modified_gmt":"2023-04-13T16:50:54","slug":"prensa","status":"publish","type":"page","link":"https:\/\/barcelona.wordcamp.org\/2023\/es\/prensa\/","title":{"rendered":"Prensa"},"content":{"rendered":"\n<div class=\"wp-block-group has-custom-blanc-wc-bcn-background-color has-background is-content-justification-left is-layout-constrained wp-container-core-group-is-layout-7e33e7ff wp-block-group-is-layout-constrained\" style=\"margin-bottom:21px;padding-top:var(--wp--preset--spacing--40);padding-right:var(--wp--preset--spacing--40);padding-bottom:var(--wp--preset--spacing--40);padding-left:var(--wp--preset--spacing--40)\">\n<h2 class=\"wp-block-heading has-custom-negre-wc-bcn-color has-text-color\">Sala de prensa<\/h2>\n\n\n\n<p class=\"has-custom-negre-wc-bcn-color has-text-color\">En esta sala de prensa encontrar\u00e1s los recursos necesarios para facilitar el trabajo a los medios de comunicaci\u00f3n. <\/p>\n<\/div>\n\n\n\n<div class=\"wp-block-group has-custom-blanc-wc-bcn-background-color has-background is-content-justification-left is-layout-constrained wp-container-core-group-is-layout-7e33e7ff wp-block-group-is-layout-constrained\" style=\"margin-bottom:21px;padding-top:var(--wp--preset--spacing--40);padding-right:var(--wp--preset--spacing--40);padding-bottom:var(--wp--preset--spacing--40);padding-left:var(--wp--preset--spacing--40)\">\n<h2 class=\"wp-block-heading has-text-align-center has-custom-negre-wc-bcn-color has-text-color\">Materiales<\/h2>\n\n\n\n<div class=\"wp-block-columns is-layout-flex wp-container-core-columns-is-layout-c79e7542 wp-block-columns-is-layout-flex\" style=\"margin-top:50px;margin-bottom:40px\">\n<div class=\"wp-block-column is-content-justification-center is-layout-constrained wp-block-column-is-layout-constrained\">\n<figure class=\"wp-block-image aligncenter size-full is-resized\"><img loading=\"lazy\" decoding=\"async\" src=\"https:\/\/barcelona.wordcamp.org\/2023\/files\/2023\/02\/cropped-avatar.jpg\" alt=\"\" class=\"wp-image-2654\" width=\"158\" height=\"158\" srcset=\"https:\/\/barcelona.wordcamp.org\/2023\/files\/2023\/02\/cropped-avatar.jpg 512w, https:\/\/barcelona.wordcamp.org\/2023\/files\/2023\/02\/cropped-avatar-300x300.jpg 300w, https:\/\/barcelona.wordcamp.org\/2023\/files\/2023\/02\/cropped-avatar-150x150.jpg 150w, https:\/\/barcelona.wordcamp.org\/2023\/files\/2023\/02\/cropped-avatar-270x270.jpg 270w, https:\/\/barcelona.wordcamp.org\/2023\/files\/2023\/02\/cropped-avatar-192x192.jpg 192w, https:\/\/barcelona.wordcamp.org\/2023\/files\/2023\/02\/cropped-avatar-180x180.jpg 180w, https:\/\/barcelona.wordcamp.org\/2023\/files\/2023\/02\/cropped-avatar-32x32.jpg 32w\" sizes=\"auto, (max-width: 158px) 100vw, 158px\" \/><\/figure>\n\n\n\n<p class=\"has-text-align-center\"><strong><a href=\"https:\/\/drive.google.com\/drive\/folders\/1HJxdFHDmGLCa4oQXfCedOMh-VhuWFqWO?usp=share_link\" target=\"_blank\" rel=\"noreferrer noopener\">Notas de prensa<\/a><\/strong><\/p>\n<\/div>\n\n\n\n<div class=\"wp-block-column is-layout-flow wp-block-column-is-layout-flow\">\n<figure class=\"wp-block-image aligncenter size-full is-resized\"><img loading=\"lazy\" decoding=\"async\" src=\"https:\/\/barcelona.wordcamp.org\/2023\/files\/2023\/02\/cropped-avatar.jpg\" alt=\"\" class=\"wp-image-2654\" width=\"158\" height=\"158\" srcset=\"https:\/\/barcelona.wordcamp.org\/2023\/files\/2023\/02\/cropped-avatar.jpg 512w, https:\/\/barcelona.wordcamp.org\/2023\/files\/2023\/02\/cropped-avatar-300x300.jpg 300w, https:\/\/barcelona.wordcamp.org\/2023\/files\/2023\/02\/cropped-avatar-150x150.jpg 150w, https:\/\/barcelona.wordcamp.org\/2023\/files\/2023\/02\/cropped-avatar-270x270.jpg 270w, https:\/\/barcelona.wordcamp.org\/2023\/files\/2023\/02\/cropped-avatar-192x192.jpg 192w, https:\/\/barcelona.wordcamp.org\/2023\/files\/2023\/02\/cropped-avatar-180x180.jpg 180w, https:\/\/barcelona.wordcamp.org\/2023\/files\/2023\/02\/cropped-avatar-32x32.jpg 32w\" sizes=\"auto, (max-width: 158px) 100vw, 158px\" \/><\/figure>\n\n\n\n<p class=\"has-text-align-center\"><strong><a rel=\"noreferrer noopener\" href=\"https:\/\/drive.google.com\/drive\/folders\/1SW1UDF6TwtVe265iO26If9qSjBusLRqS?usp=sharing\" target=\"_blank\">Material gr\u00e1fico<\/a><\/strong><\/p>\n<\/div>\n\n\n\n<div class=\"wp-block-column is-layout-flow wp-block-column-is-layout-flow\">\n<figure class=\"wp-block-image aligncenter size-full is-resized\"><img loading=\"lazy\" decoding=\"async\" src=\"https:\/\/barcelona.wordcamp.org\/2023\/files\/2023\/02\/cropped-avatar.jpg\" alt=\"\" class=\"wp-image-2654\" width=\"158\" height=\"158\" srcset=\"https:\/\/barcelona.wordcamp.org\/2023\/files\/2023\/02\/cropped-avatar.jpg 512w, https:\/\/barcelona.wordcamp.org\/2023\/files\/2023\/02\/cropped-avatar-300x300.jpg 300w, https:\/\/barcelona.wordcamp.org\/2023\/files\/2023\/02\/cropped-avatar-150x150.jpg 150w, https:\/\/barcelona.wordcamp.org\/2023\/files\/2023\/02\/cropped-avatar-270x270.jpg 270w, https:\/\/barcelona.wordcamp.org\/2023\/files\/2023\/02\/cropped-avatar-192x192.jpg 192w, https:\/\/barcelona.wordcamp.org\/2023\/files\/2023\/02\/cropped-avatar-180x180.jpg 180w, https:\/\/barcelona.wordcamp.org\/2023\/files\/2023\/02\/cropped-avatar-32x32.jpg 32w\" sizes=\"auto, (max-width: 158px) 100vw, 158px\" \/><\/figure>\n\n\n\n<p class=\"has-text-align-center\"><strong><a rel=\"noreferrer noopener\" href=\"https:\/\/drive.google.com\/drive\/folders\/18IXHH01IPurO5d0Mb7d1wIFvPjwE0wk0?usp=sharing\" target=\"_blank\">Fotografias<\/a><\/strong><\/p>\n<\/div>\n<\/div>\n\n\n\n<p class=\"has-custom-negre-wc-bcn-color has-text-color\">Para cualquier duda o aclaraci\u00f3n puedes ponerte en contacto con <a href=\"https:\/\/barcelona.wordcamp.org\/2023\/es\/contacto\/\" data-type=\"page\" data-id=\"1864\">el equipo de comunicaci\u00f3n de la WordCamp Barcelona 2023.<\/a><\/p>\n<\/div>\n\n\n\n<div class=\"wp-block-group has-custom-blanc-wc-bcn-background-color has-background is-content-justification-left is-layout-constrained wp-container-core-group-is-layout-7e33e7ff wp-block-group-is-layout-constrained\" style=\"margin-bottom:21px;padding-top:var(--wp--preset--spacing--40);padding-right:var(--wp--preset--spacing--40);padding-bottom:var(--wp--preset--spacing--40);padding-left:var(--wp--preset--spacing--40)\">\n<h2 class=\"wp-block-heading has-custom-negre-wc-bcn-color has-text-color\">Informaci\u00f3n de inter\u00e8s.<\/h2>\n\n\n\n<ul class=\"wp-block-list\">\n<li>Informaci\u00f3n sobre <a href=\"https:\/\/barcelona.wordcamp.org\/2023\/es\/organizadores\/\" data-type=\"page\" data-id=\"1857\">los organitzadores de la WordCamp Barcelona 2023<\/a><\/li>\n\n\n\n<li>Informaci\u00f3n sobre los patrocinadores de la WordCamp Barcelona 2023<\/li>\n\n\n\n<li><a href=\"https:\/\/barcelona.wordcamp.org\/2023\/es\/noticias\/\" data-type=\"page\" data-id=\"2255\">\u00daltimas publicaciones<\/a> sobre la WordCamp Barcelona<\/li>\n<\/ul>\n\n\n\n<p><\/p>\n<\/div>\n","protected":false},"excerpt":{"rendered":"<p>Sala de prensa En esta sala de prensa encontrar\u00e1s los recursos necesarios para facilitar el trabajo a los medios de comunicaci\u00f3n. Materiales Notas de prensa Material gr\u00e1fico Fotografias Para cualquier duda o aclaraci\u00f3n puedes ponerte en contacto con el equipo de comunicaci\u00f3n de la WordCamp Barcelona 2023. Informaci\u00f3n de inter\u00e8s.<\/p>\n","protected":false},"author":14304322,"featured_media":0,"parent":1855,"menu_order":0,"comment_status":"closed","ping_status":"closed","template":"wp-custom-template-plantilla-pagina-esp","meta":{"jetpack_post_was_ever_published":false,"footnotes":""},"class_list":["post-3904","page","type-page","status-publish","hentry"],"jetpack_sharing_enabled":true,"_links":{"self":[{"href":"https:\/\/barcelona.wordcamp.org\/2023\/wp-json\/wp\/v2\/pages\/3904","targetHints":{"allow":["GET"]}}],"collection":[{"href":"https:\/\/barcelona.wordcamp.org\/2023\/wp-json\/wp\/v2\/pages"}],"about":[{"href":"https:\/\/barcelona.wordcamp.org\/2023\/wp-json\/wp\/v2\/types\/page"}],"author":[{"embeddable":true,"href":"https:\/\/barcelona.wordcamp.org\/2023\/wp-json\/wp\/v2\/users\/14304322"}],"replies":[{"embeddable":true,"href":"https:\/\/barcelona.wordcamp.org\/2023\/wp-json\/wp\/v2\/comments?post=3904"}],"version-history":[{"count":5,"href":"https:\/\/barcelona.wordcamp.org\/2023\/wp-json\/wp\/v2\/pages\/3904\/revisions"}],"predecessor-version":[{"id":8315,"href":"https:\/\/barcelona.wordcamp.org\/2023\/wp-json\/wp\/v2\/pages\/3904\/revisions\/8315"}],"up":[{"embeddable":true,"href":"https:\/\/barcelona.wordcamp.org\/2023\/wp-json\/wp\/v2\/pages\/1855"}],"wp:attachment":[{"href":"https:\/\/barcelona.wordcamp.org\/2023\/wp-json\/wp\/v2\/media?parent=3904"}],"curies":[{"name":"wp","href":"https:\/\/api.w.org\/{rel}","templated":true}]}}