{"id":3902,"date":"2023-03-20T12:08:49","date_gmt":"2023-03-20T11:08:49","guid":{"rendered":"https:\/\/barcelona.wordcamp.org\/2023\/?page_id=3902"},"modified":"2023-04-14T08:57:37","modified_gmt":"2023-04-14T07:57:37","slug":"premsa","status":"publish","type":"page","link":"https:\/\/barcelona.wordcamp.org\/2023\/premsa\/","title":{"rendered":"Premsa"},"content":{"rendered":"\n<div class=\"wp-block-group has-custom-blanc-wc-bcn-background-color has-background is-content-justification-left is-layout-constrained wp-container-core-group-is-layout-7e33e7ff wp-block-group-is-layout-constrained\" style=\"margin-bottom:21px;padding-top:var(--wp--preset--spacing--40);padding-right:var(--wp--preset--spacing--40);padding-bottom:var(--wp--preset--spacing--40);padding-left:var(--wp--preset--spacing--40)\">\n<h2 class=\"wp-block-heading has-custom-negre-wc-bcn-color has-text-color\">Sala de premsa<\/h2>\n\n\n\n<p class=\"has-custom-negre-wc-bcn-color has-text-color\">En aquesta sala de premsa trobar\u00e0s els recursos necessaris per facilitar la feina als mitjans de comunicaci\u00f3. <\/p>\n<\/div>\n\n\n\n<div class=\"wp-block-group has-custom-blanc-wc-bcn-background-color has-background is-content-justification-left is-layout-constrained wp-container-core-group-is-layout-7e33e7ff wp-block-group-is-layout-constrained\" style=\"margin-bottom:21px;padding-top:var(--wp--preset--spacing--40);padding-right:var(--wp--preset--spacing--40);padding-bottom:var(--wp--preset--spacing--40);padding-left:var(--wp--preset--spacing--40)\">\n<h2 class=\"wp-block-heading has-text-align-center has-custom-negre-wc-bcn-color has-text-color\">Materials<\/h2>\n\n\n\n<div class=\"wp-block-columns is-layout-flex wp-container-core-columns-is-layout-c79e7542 wp-block-columns-is-layout-flex\" style=\"margin-top:50px;margin-bottom:40px\">\n<div class=\"wp-block-column is-content-justification-center is-layout-constrained wp-block-column-is-layout-constrained\">\n<figure class=\"wp-block-image aligncenter size-full is-resized\"><img loading=\"lazy\" decoding=\"async\" src=\"https:\/\/barcelona.wordcamp.org\/2023\/files\/2023\/02\/cropped-avatar.jpg\" alt=\"\" class=\"wp-image-2654\" width=\"158\" height=\"158\" srcset=\"https:\/\/barcelona.wordcamp.org\/2023\/files\/2023\/02\/cropped-avatar.jpg 512w, https:\/\/barcelona.wordcamp.org\/2023\/files\/2023\/02\/cropped-avatar-300x300.jpg 300w, https:\/\/barcelona.wordcamp.org\/2023\/files\/2023\/02\/cropped-avatar-150x150.jpg 150w, https:\/\/barcelona.wordcamp.org\/2023\/files\/2023\/02\/cropped-avatar-270x270.jpg 270w, https:\/\/barcelona.wordcamp.org\/2023\/files\/2023\/02\/cropped-avatar-192x192.jpg 192w, https:\/\/barcelona.wordcamp.org\/2023\/files\/2023\/02\/cropped-avatar-180x180.jpg 180w, https:\/\/barcelona.wordcamp.org\/2023\/files\/2023\/02\/cropped-avatar-32x32.jpg 32w\" sizes=\"auto, (max-width: 158px) 100vw, 158px\" \/><\/figure>\n\n\n\n<p class=\"has-text-align-center\"><strong><a href=\"https:\/\/drive.google.com\/drive\/folders\/15iEfv5j2gDMrWOJHfNKuHTV29ttAeVzI?usp=sharing\" target=\"_blank\" rel=\"noreferrer noopener\">Notes de premsa<\/a><\/strong><\/p>\n<\/div>\n\n\n\n<div class=\"wp-block-column is-layout-flow wp-block-column-is-layout-flow\">\n<figure class=\"wp-block-image aligncenter size-full is-resized\"><img loading=\"lazy\" decoding=\"async\" src=\"https:\/\/barcelona.wordcamp.org\/2023\/files\/2023\/02\/cropped-avatar.jpg\" alt=\"\" class=\"wp-image-2654\" width=\"158\" height=\"158\" srcset=\"https:\/\/barcelona.wordcamp.org\/2023\/files\/2023\/02\/cropped-avatar.jpg 512w, https:\/\/barcelona.wordcamp.org\/2023\/files\/2023\/02\/cropped-avatar-300x300.jpg 300w, https:\/\/barcelona.wordcamp.org\/2023\/files\/2023\/02\/cropped-avatar-150x150.jpg 150w, https:\/\/barcelona.wordcamp.org\/2023\/files\/2023\/02\/cropped-avatar-270x270.jpg 270w, https:\/\/barcelona.wordcamp.org\/2023\/files\/2023\/02\/cropped-avatar-192x192.jpg 192w, https:\/\/barcelona.wordcamp.org\/2023\/files\/2023\/02\/cropped-avatar-180x180.jpg 180w, https:\/\/barcelona.wordcamp.org\/2023\/files\/2023\/02\/cropped-avatar-32x32.jpg 32w\" sizes=\"auto, (max-width: 158px) 100vw, 158px\" \/><\/figure>\n\n\n\n<p class=\"has-text-align-center\"><strong><a href=\"https:\/\/drive.google.com\/drive\/folders\/1SW1UDF6TwtVe265iO26If9qSjBusLRqS?usp=sharing\" target=\"_blank\" rel=\"noreferrer noopener\">Material gr\u00e0fic<\/a><\/strong><\/p>\n<\/div>\n\n\n\n<div class=\"wp-block-column is-layout-flow wp-block-column-is-layout-flow\">\n<figure class=\"wp-block-image aligncenter size-full is-resized\"><img loading=\"lazy\" decoding=\"async\" src=\"https:\/\/barcelona.wordcamp.org\/2023\/files\/2023\/02\/cropped-avatar.jpg\" alt=\"\" class=\"wp-image-2654\" width=\"158\" height=\"158\" srcset=\"https:\/\/barcelona.wordcamp.org\/2023\/files\/2023\/02\/cropped-avatar.jpg 512w, https:\/\/barcelona.wordcamp.org\/2023\/files\/2023\/02\/cropped-avatar-300x300.jpg 300w, https:\/\/barcelona.wordcamp.org\/2023\/files\/2023\/02\/cropped-avatar-150x150.jpg 150w, https:\/\/barcelona.wordcamp.org\/2023\/files\/2023\/02\/cropped-avatar-270x270.jpg 270w, https:\/\/barcelona.wordcamp.org\/2023\/files\/2023\/02\/cropped-avatar-192x192.jpg 192w, https:\/\/barcelona.wordcamp.org\/2023\/files\/2023\/02\/cropped-avatar-180x180.jpg 180w, https:\/\/barcelona.wordcamp.org\/2023\/files\/2023\/02\/cropped-avatar-32x32.jpg 32w\" sizes=\"auto, (max-width: 158px) 100vw, 158px\" \/><\/figure>\n\n\n\n<p class=\"has-text-align-center\"><strong><a href=\"https:\/\/drive.google.com\/drive\/folders\/18IXHH01IPurO5d0Mb7d1wIFvPjwE0wk0?usp=sharing\" target=\"_blank\" rel=\"noreferrer noopener\">Fotografies<\/a><\/strong><\/p>\n<\/div>\n<\/div>\n\n\n\n<p class=\"has-custom-negre-wc-bcn-color has-text-color\">Per qualsevol dubte o aclariment pots posar-te en <a href=\"https:\/\/barcelona.wordcamp.org\/2023\/contacte\/\" data-type=\"page\" data-id=\"17\">contacte amb l&#8217;equip de Comunicaci\u00f3 de la WordCamp Barcelona 2023.<\/a><\/p>\n<\/div>\n\n\n\n<div class=\"wp-block-group has-custom-blanc-wc-bcn-background-color has-background is-content-justification-left is-layout-constrained wp-container-core-group-is-layout-7e33e7ff wp-block-group-is-layout-constrained\" style=\"margin-bottom:21px;padding-top:var(--wp--preset--spacing--40);padding-right:var(--wp--preset--spacing--40);padding-bottom:var(--wp--preset--spacing--40);padding-left:var(--wp--preset--spacing--40)\">\n<h2 class=\"wp-block-heading has-custom-negre-wc-bcn-color has-text-color\">Informaci\u00f3 d&#8217;inter\u00e9s<\/h2>\n\n\n\n<ul class=\"wp-block-list\">\n<li>Informaci\u00f3 sobre <a href=\"https:\/\/barcelona.wordcamp.org\/2023\/organitzadors\/\" data-type=\"page\" data-id=\"12\">els organitzadors de la WordCamp Barcelona 2023<\/a><\/li>\n\n\n\n<li>Informaci\u00f3 sobre els patrocinadors de la WordCamp Barcelona 2023<\/li>\n\n\n\n<li>\u00daltimes <a href=\"https:\/\/barcelona.wordcamp.org\/2023\/noticies\/\" data-type=\"page\" data-id=\"2233\">publicacions sobre la WordCamp Barcelona<\/a><\/li>\n<\/ul>\n\n\n\n<p><\/p>\n<\/div>\n","protected":false},"excerpt":{"rendered":"<p>Sala de premsa En aquesta sala de premsa trobar\u00e0s els recursos necessaris per facilitar la feina als mitjans de comunicaci\u00f3. Materials Notes de premsa Material gr\u00e0fic Fotografies Per qualsevol dubte o aclariment pots posar-te en contacte amb l&#8217;equip de Comunicaci\u00f3 de la WordCamp Barcelona 2023. Informaci\u00f3 d&#8217;inter\u00e9s<\/p>\n","protected":false},"author":14304322,"featured_media":0,"parent":0,"menu_order":0,"comment_status":"closed","ping_status":"closed","template":"wp-custom-template-plantilla-pagina-cat-2","meta":{"jetpack_post_was_ever_published":true,"footnotes":""},"class_list":["post-3902","page","type-page","status-publish","hentry"],"jetpack_sharing_enabled":true,"_links":{"self":[{"href":"https:\/\/barcelona.wordcamp.org\/2023\/wp-json\/wp\/v2\/pages\/3902","targetHints":{"allow":["GET"]}}],"collection":[{"href":"https:\/\/barcelona.wordcamp.org\/2023\/wp-json\/wp\/v2\/pages"}],"about":[{"href":"https:\/\/barcelona.wordcamp.org\/2023\/wp-json\/wp\/v2\/types\/page"}],"author":[{"embeddable":true,"href":"https:\/\/barcelona.wordcamp.org\/2023\/wp-json\/wp\/v2\/users\/14304322"}],"replies":[{"embeddable":true,"href":"https:\/\/barcelona.wordcamp.org\/2023\/wp-json\/wp\/v2\/comments?post=3902"}],"version-history":[{"count":7,"href":"https:\/\/barcelona.wordcamp.org\/2023\/wp-json\/wp\/v2\/pages\/3902\/revisions"}],"predecessor-version":[{"id":8374,"href":"https:\/\/barcelona.wordcamp.org\/2023\/wp-json\/wp\/v2\/pages\/3902\/revisions\/8374"}],"wp:attachment":[{"href":"https:\/\/barcelona.wordcamp.org\/2023\/wp-json\/wp\/v2\/media?parent=3902"}],"curies":[{"name":"wp","href":"https:\/\/api.w.org\/{rel}","templated":true}]}}