{"id":1860,"date":"2023-02-09T17:10:38","date_gmt":"2023-02-09T16:10:38","guid":{"rendered":"https:\/\/barcelona.wordcamp.org\/2023\/?page_id=1860"},"modified":"2023-02-20T21:31:55","modified_gmt":"2023-02-20T20:31:55","slug":"recinto","status":"publish","type":"page","link":"https:\/\/barcelona.wordcamp.org\/2023\/es\/recinto\/","title":{"rendered":"Recinto"},"content":{"rendered":"\n<div class=\"wp-block-group is-layout-constrained wp-container-core-group-is-layout-5062002a wp-block-group-is-layout-constrained\" style=\"margin-top:71px\">\n<h2 class=\"wp-block-heading\" style=\"margin-bottom:35px\">LOCALIZACI\u00d3N<\/h2>\n\n\n\n<div class=\"wp-block-columns is-layout-flex wp-container-core-columns-is-layout-28f84493 wp-block-columns-is-layout-flex\">\n<div class=\"wp-block-column has-custom-negre-wc-bcn-background-color has-background is-layout-flow wp-container-core-column-is-layout-d8fbb6dc wp-block-column-is-layout-flow\" style=\"padding-top:20px;padding-right:20px;padding-bottom:20px;padding-left:20px\">\n<p class=\"has-custom-blanc-wc-bcn-color has-text-color\" style=\"margin-top:0px;margin-right:0px;margin-bottom:5px;margin-left:0px;font-size:32px;font-style:normal;font-weight:900;line-height:0.8\">5 de mayo<\/p>\n\n\n\n<p class=\"has-custom-blanc-wc-bcn-color has-text-color\" style=\"margin-bottom:17px;font-size:32px;font-style:normal;font-weight:900;line-height:1.2\">D\u00cdA DE LA COMUNIDAD<\/p>\n\n\n\n<figure class=\"wp-block-image size-full\"><img loading=\"lazy\" decoding=\"async\" width=\"1120\" height=\"429\" src=\"https:\/\/barcelona.wordcamp.org\/2023\/files\/2023\/01\/cotxeres2.jpg\" alt=\"\" class=\"wp-image-1589\" srcset=\"https:\/\/barcelona.wordcamp.org\/2023\/files\/2023\/01\/cotxeres2.jpg 1120w, https:\/\/barcelona.wordcamp.org\/2023\/files\/2023\/01\/cotxeres2-300x115.jpg 300w, https:\/\/barcelona.wordcamp.org\/2023\/files\/2023\/01\/cotxeres2-1024x392.jpg 1024w, https:\/\/barcelona.wordcamp.org\/2023\/files\/2023\/01\/cotxeres2-768x294.jpg 768w, https:\/\/barcelona.wordcamp.org\/2023\/files\/2023\/01\/cotxeres2-500x192.jpg 500w\" sizes=\"auto, (max-width: 1120px) 100vw, 1120px\" \/><\/figure>\n\n\n\n<p class=\"has-custom-blanc-wc-bcn-color has-text-color\" style=\"margin-top:15px;font-size:18px;font-style:normal;font-weight:700\">Cotxeres de Sants &#8211; Auditori<\/p>\n\n\n\n<p class=\"has-custom-blanc-wc-bcn-color has-text-color\">Carrer de Sants, 79<\/p>\n\n\n\n<p class=\"has-custom-blanc-wc-bcn-color has-text-color\">08014 Barcelona<\/p>\n\n\n\n<p class=\"has-custom-blanc-wc-bcn-color has-text-color\" style=\"margin-bottom:10px;font-size:18px\"><\/p>\n\n\n\n<p class=\"ico_plus_blanc_before link_blanc has-custom-blanc-wc-bcn-color has-text-color\" style=\"margin-top:15px;font-size:18px;font-style:normal;font-weight:700\"><a href=\"#\">C\u00f3mo llegar<\/a><\/p>\n\n\n\n<p class=\"has-custom-blanc-wc-bcn-color has-text-color\">Te recomendamos que utilices el transporte p\u00fablico.<\/p>\n\n\n\n<p><\/p>\n\n\n\n<ul class=\"has-custom-blanc-wc-bcn-color has-text-color wp-block-list\">\n<li>Bus: D20, H12, V7, 44, 50, 78, 109 i 115<\/li>\n\n\n\n<li>Metro: Pla\u00e7a de Sants (L1 i L5), Sants-Estaci\u00f3 (L3)<\/li>\n\n\n\n<li>Renfe: Estaci\u00f3 de Sants<\/li>\n<\/ul>\n\n\n\n<p><\/p>\n\n\n\n<p class=\"has-custom-blanc-wc-bcn-color has-text-color\">Si tienes que venir en transporte privado, en la zona encontrar\u00e1s varios <a href=\"https:\/\/www.google.es\/maps\/search\/aparcamiento\/@41.377098,2.137334,16z?hl=es\">garajes, aparcamientos y zonas de estacionamiento para coches, motos y bicicletas.<\/a><\/p>\n\n\n\n<p><\/p>\n\n\n\n<p class=\"ico_arrow_blanc_before link_blanc has-custom-blanc-wc-bcn-color has-text-color\" style=\"margin-top:25px;font-size:18px;font-style:normal;font-weight:700\"><a href=\"https:\/\/www.google.es\/maps\/place\/Auditori+Cotxeres+de+Sants\/@41.3751534,2.1367419,19z\/data=!4m14!1m7!3m6!1s0x12a49885c7a77755:0xa7a03a3c69e5129f!2sCentro+C%C3%ADvico+Cocheras+de+Sants!8m2!3d41.375267!4d2.136894!16s%2Fg%2F11c57gxy4q!3m5!1s0x12a4996b4186d91b:0x7e809d67a0e36659!8m2!3d41.3749279!4d2.136689!16s%2Fg%2F11j1d_hjzt?hl=es\" target=\"_blank\" rel=\"noreferrer noopener\">MAPA<\/a><\/p>\n<\/div>\n\n\n\n<div class=\"wp-block-column has-custom-blanc-wc-bcn-background-color has-background is-layout-flow wp-container-core-column-is-layout-2af35ac6 wp-block-column-is-layout-flow\" style=\"padding-top:20px;padding-right:20px;padding-bottom:20px;padding-left:20px\">\n<p class=\"has-custom-negre-wc-bcn-color has-text-color\" style=\"margin-top:0px;margin-right:0px;margin-bottom:5px;margin-left:0px;font-size:32px;font-style:normal;font-weight:900;line-height:0.8\">6 de mayo<\/p>\n\n\n\n<p class=\"has-custom-negre-wc-bcn-color has-text-color\" style=\"margin-bottom:17px;font-size:32px;font-style:normal;font-weight:900;line-height:1.1\">JORNADA DE PONENCIAS<\/p>\n\n\n\n<figure class=\"wp-block-image size-large\"><img loading=\"lazy\" decoding=\"async\" width=\"1024\" height=\"392\" src=\"https:\/\/barcelona.wordcamp.org\/2023\/files\/2023\/02\/68360689-e282-4d6c-a93b-1d1d5692a9be_16-9-aspect-ratio_default_0-1-1024x392.jpg\" alt=\"\" class=\"wp-image-1611\" srcset=\"https:\/\/barcelona.wordcamp.org\/2023\/files\/2023\/02\/68360689-e282-4d6c-a93b-1d1d5692a9be_16-9-aspect-ratio_default_0-1-1024x392.jpg 1024w, https:\/\/barcelona.wordcamp.org\/2023\/files\/2023\/02\/68360689-e282-4d6c-a93b-1d1d5692a9be_16-9-aspect-ratio_default_0-1-300x115.jpg 300w, https:\/\/barcelona.wordcamp.org\/2023\/files\/2023\/02\/68360689-e282-4d6c-a93b-1d1d5692a9be_16-9-aspect-ratio_default_0-1-768x294.jpg 768w, https:\/\/barcelona.wordcamp.org\/2023\/files\/2023\/02\/68360689-e282-4d6c-a93b-1d1d5692a9be_16-9-aspect-ratio_default_0-1-500x192.jpg 500w, https:\/\/barcelona.wordcamp.org\/2023\/files\/2023\/02\/68360689-e282-4d6c-a93b-1d1d5692a9be_16-9-aspect-ratio_default_0-1.jpg 1120w\" sizes=\"auto, (max-width: 1024px) 100vw, 1024px\" \/><\/figure>\n\n\n\n<p class=\"has-custom-negre-wc-bcn-color has-text-color\" style=\"margin-top:15px;font-size:18px;font-style:normal;font-weight:700\">UPF &#8211; Campus Ciutadella &#8211; Edifici Roger de Ll\u00faria<\/p>\n\n\n\n<p>Carrer de Ramon Trias Fargas, 25<br>08005 Barcelona<\/p>\n\n\n\n<p><\/p>\n\n\n\n<p class=\"ico_plus_negre_before link_negre has-custom-blanc-wc-bcn-color has-text-color\" style=\"margin-top:15px;font-size:18px;font-style:normal;font-weight:700\"><a href=\"#\">C\u00f3mo llegar<\/a><\/p>\n\n\n\n<p>Te recomendamos que utilices el transporte p\u00fablico.<\/p>\n\n\n\n<p><\/p>\n\n\n\n<ul class=\"wp-block-list\">\n<li>Bus: H16, V21, 136<\/li>\n<\/ul>\n\n\n\n<ul class=\"wp-block-list\">\n<li>Metro: Ciutadella-Vila Ol\u00edmpica (L4)<\/li>\n\n\n\n<li>Tram: T4 Wellington i Ciutadella-Vila Ol\u00edmpica<\/li>\n<\/ul>\n\n\n\n<p><\/p>\n\n\n\n<p>Si tienes que venir en transporte privado, en la zona encontrar\u00e1s varios <a href=\"https:\/\/www.google.es\/maps\/search\/aparcamiento\/@41.38964,2.1902935,15z?hl=es\">garajes, aparcamientos y zonas de estacionamiento para coches, motos y bicicletas.<\/a><\/p>\n\n\n\n<p><\/p>\n\n\n\n<p class=\"ico_arrow_negre_before link_negre has-custom-blanc-wc-bcn-color has-text-color\" style=\"margin-top:25px;font-size:18px;font-style:normal;font-weight:700\"><a href=\"https:\/\/www.google.es\/maps\/place\/Universitat+Pompeu+Fabra+-+Campus+de+la+Ciudadela\/@41.38964,2.1902935,17z\/data=!3m2!4b1!5s0x12a4a304b8dc5001:0xecf406c770ad6c01!4m6!3m5!1s0x12a4a31acb13f157:0x375d277935ed5c7b!8m2!3d41.38964!4d2.1902935!16s%2Fg%2F11yd9rcvl?hl=es\" target=\"_blank\" rel=\"noreferrer noopener\">MAPA<\/a><\/p>\n<\/div>\n<\/div>\n<\/div>\n\n\n\n<div class=\"wp-block-group is-layout-constrained wp-container-core-group-is-layout-4383d167 wp-block-group-is-layout-constrained\">\n<div style=\"height:40px\" aria-hidden=\"true\" class=\"wp-block-spacer\"><\/div>\n\n\n\n<div class=\"wp-block-group has-custom-negre-wc-bcn-background-color has-background is-vertical is-layout-flex wp-container-core-group-is-layout-13d2694b wp-block-group-is-layout-flex\" style=\"padding-top:20px;padding-right:20px;padding-bottom:20px;padding-left:20px\">\n<figure class=\"wp-block-image size-full is-resized\"><img loading=\"lazy\" decoding=\"async\" src=\"https:\/\/barcelona.wordcamp.org\/2023\/files\/2023\/01\/ico-sentiment_satisfied.png\" alt=\"\" class=\"wp-image-1568\" width=\"48\" height=\"49\" \/><\/figure>\n\n\n\n<h2 class=\"wp-block-heading has-custom-blanc-wc-bcn-color has-text-color\" style=\"text-transform:uppercase\">Un Lugar \u00fanico para una wordcamp muy especial<\/h2>\n\n\n\n<p><br><\/p>\n\n\n\n<p class=\"has-custom-blanc-wc-bcn-color has-text-color\">La&nbsp;WordCamp&nbsp;Barcelona 2023 se celebrar\u00e1 en el Campus de la Ciutadella de la Universitat Pompeu Fabra. Un lugar \u00fanico para una&nbsp;WordCamp&nbsp;muy especial.<\/p>\n\n\n\n<p class=\"has-custom-blanc-wc-bcn-color has-text-color\">El Campus de la Ciutadella de la Universitat Pompeu Fabra est\u00e1 ubicado en el barrio de la Vila Ol\u00edmpica, a tocar del parque de la Ciutadella y del Zoo de Barcelona. Su instalaci\u00f3n en esta zona es el resultado del proceso de regeneraci\u00f3n urbana que vivi\u00f3 la ciudad a partir de los Juegos Ol\u00edmpicos, puesto que dio una nueva vida en tres edificios hist\u00f3ricos que hab\u00edan ca\u00eddo en desuso. Dos de los edificios del Campus, denominados Jaume I y Roger de Ll\u00faria, hab\u00edan estado en sus or\u00edgenes unos cuarteles militares que se construyeron en 1887. El otro, el Dep\u00f3sito de las Aig\u00fces, se hab\u00eda se hab\u00eda construido unos a\u00f1os antes y se hab\u00eda inaugurado el 1880 con la funci\u00f3n de regular el caudal de la cascada del parque de la Ciutadella y regar los jardines. A d\u00eda de hoy, el Campus concentra los estudios de ciencias sociales y humanas.<\/p>\n\n\n\n<p class=\"has-custom-blanc-wc-bcn-color has-text-color\">La&nbsp;WordCamp&nbsp;se celebrar\u00e1 en el edificio Roger de Ll\u00faria. Por fuera, tiene el aspecto de un antiguo cuartel militar, pero en el interior destaca para tener una planta en forma de anillo, que configura un patio central muy \u00e1mplio. En este espacio se levantan dos construcciones nuevas: una con fachada de vidrio, donde hay las aulas de gran capacidad; y otra que acoge los despachos del profesorado y se ha construido como un cuerpo suspendido sobre el patio. Esta \u00faltima consta de cuatro plantas y una fachada que se corona con madera y con grandes cortes horizontales a las ventanas. El patio est\u00e1 situado a nivel de s\u00f3tano y lo cubre una cubierta de aluminio, vidrio y hierro que, con estructura de diente de sierra, permite captar la luz natural. Un edificio con mucha historia y un escenario perfecto para compartir conocimientos, crear comunidad y aprender sobre&nbsp;WordPress.<\/p>\n\n\n\n<h2 class=\"wp-block-heading has-custom-blanc-wc-bcn-color has-text-color\">El D\u00eda de la comunidad, este a\u00f1o con sorpresa<\/h2>\n\n\n\n<p class=\"has-custom-blanc-wc-bcn-color has-text-color\">Como es habitual en Barcelona, el d\u00eda de la comunidad se celebrar\u00e1 el viernes 05 de mayo, un d\u00eda antes de la WordCamp Barcelona 2023. Este a\u00f1o, adem\u00e1s de las tradicionales mesas de trabajo incorporamos dos novedades: una TeensCamp, en que se realizar\u00e1n ponencias sobre seguridad web y creaci\u00f3n de p\u00e1ginas web con WordPress dirigidas a pre-adolescentes; y un do_action, una hackaton solidaria en que varios profesionales realizar\u00e1n una p\u00e1gina web por una asociaci\u00f3n de Barcelona.<\/p>\n\n\n\n<p class=\"has-custom-blanc-wc-bcn-color has-text-color\">El d\u00eda de la comunidad se celebrar\u00e1 en las Cocheras de Sants, uno de los centros culturales y de ocio m\u00e1s conocidos de Barcelona.<\/p>\n\n\n\n<p class=\"has-custom-blanc-wc-bcn-color has-text-color\">El equipamiento est\u00e1 ubicado en un edificio muy emblem\u00e1tico del Distrito de Sants-Montjuic y cuenta con salas de conferencias, un auditorio y varios espacios polivalentes. A lo largo de todo el a\u00f1o acoge acontecimientos emblem\u00e1ticos, conciertos, exposiciones, conferencias, ferias y todo tipo de actividades.<\/p>\n\n\n\n<p class=\"has-custom-blanc-wc-bcn-color has-text-color\"><\/p>\n<\/div>\n<\/div>\n\n\n\n<div class=\"wp-block-group is-layout-constrained wp-container-core-group-is-layout-4383d167 wp-block-group-is-layout-constrained\">\n<div class=\"wp-block-columns amagar is-layout-flex wp-container-core-columns-is-layout-7bcf0bad wp-block-columns-is-layout-flex\" style=\"margin-top:75px\">\n<div class=\"wp-block-column has-custom-negre-wc-bcn-background-color has-background is-layout-flow wp-container-core-column-is-layout-d8fbb6dc wp-block-column-is-layout-flow\" style=\"padding-top:20px;padding-right:20px;padding-bottom:20px;padding-left:20px\">\n<figure class=\"wp-block-image aligncenter size-full is-resized\"><img loading=\"lazy\" decoding=\"async\" src=\"https:\/\/barcelona.wordcamp.org\/2023\/files\/2023\/02\/pin_drop.png\" alt=\"\" class=\"wp-image-1674\" width=\"56\" height=\"57\" \/><\/figure>\n\n\n\n<p class=\"has-text-align-center has-custom-blanc-wc-bcn-color has-text-color\" style=\"margin-bottom:10px;font-size:18px;font-style:normal;font-weight:900\">EL RECINTE<\/p>\n\n\n\n<p class=\"has-custom-blanc-wc-bcn-color has-text-color\" style=\"font-size:18px;font-style:normal;font-weight:900;text-transform:uppercase\">Lorem ipsum dolor sit amet<\/p>\n\n\n\n<p class=\"has-custom-blanc-wc-bcn-color has-text-color\">consectetur adipiscing elit. Etiam eu turpis molestie, dictum est a.<\/p>\n\n\n\n<p class=\"ico_fletxa_blanc_after link_blanc has-custom-blanc-wc-bcn-color has-text-color\" style=\"margin-top:9px;font-size:18px;font-style:normal;font-weight:700\"><a href=\"#\">M\u00c9S DETALLS<\/a><\/p>\n<\/div>\n\n\n\n<div class=\"wp-block-column has-custom-negre-wc-bcn-background-color has-background is-layout-flow wp-container-core-column-is-layout-d8fbb6dc wp-block-column-is-layout-flow\" style=\"padding-top:20px;padding-right:20px;padding-bottom:20px;padding-left:20px\">\n<figure class=\"wp-block-image aligncenter size-full is-resized\"><img loading=\"lazy\" decoding=\"async\" src=\"https:\/\/barcelona.wordcamp.org\/2023\/files\/2023\/02\/calendar_month.png\" alt=\"\" class=\"wp-image-1675\" width=\"56\" height=\"57\" \/><\/figure>\n\n\n\n<p class=\"has-text-align-center has-custom-blanc-wc-bcn-color has-text-color\" style=\"margin-bottom:10px;font-size:18px;font-style:normal;font-weight:900\">DATES<\/p>\n\n\n\n<p class=\"has-custom-blanc-wc-bcn-color has-text-color\" style=\"font-size:18px;font-style:normal;font-weight:900;text-transform:uppercase\">5 i 6 de maig.<\/p>\n\n\n\n<p class=\"has-custom-blanc-wc-bcn-color has-text-color\">adipiscing elit. Etiam eu turpis molestie, dictum est a.<\/p>\n\n\n\n<p class=\"ico_fletxa_blanc_after link_blanc has-custom-blanc-wc-bcn-color has-text-color\" style=\"margin-top:9px;font-size:18px;font-style:normal;font-weight:700\"><a href=\"#\">COMPRAR ENTRADES<\/a><\/p>\n<\/div>\n\n\n\n<div class=\"wp-block-column amagar has-custom-negre-wc-bcn-background-color has-background is-layout-flow wp-container-core-column-is-layout-d8fbb6dc wp-block-column-is-layout-flow\" style=\"padding-top:20px;padding-right:20px;padding-bottom:20px;padding-left:20px\">\n<figure class=\"wp-block-image aligncenter size-full is-resized\"><img loading=\"lazy\" decoding=\"async\" src=\"https:\/\/barcelona.wordcamp.org\/2023\/files\/2023\/02\/campaign.png\" alt=\"\" class=\"wp-image-1673\" width=\"56\" height=\"57\" \/><\/figure>\n\n\n\n<p class=\"has-text-align-center has-custom-blanc-wc-bcn-color has-text-color\" style=\"margin-bottom:10px;font-size:18px;font-style:normal;font-weight:900\">PONENTS<\/p>\n\n\n\n<p class=\"has-custom-blanc-wc-bcn-color has-text-color\" style=\"font-size:18px;font-style:normal;font-weight:900;text-transform:uppercase\">Lorem ipsum dolor sit amet<\/p>\n\n\n\n<p class=\"has-custom-blanc-wc-bcn-color has-text-color\">consectetur adipiscing elit. Etiam eu turpis molestie, dictum est a.<\/p>\n\n\n\n<p class=\"ico_fletxa_blanc_after link_blanc has-custom-blanc-wc-bcn-color has-text-color\" style=\"margin-top:9px;font-size:18px;font-style:normal;font-weight:700\"><a href=\"#\">VEURE&#8217;LS TOTS<\/a><\/p>\n<\/div>\n<\/div>\n<\/div>\n","protected":false},"excerpt":{"rendered":"<p>LOCALIZACI\u00d3N 5 de mayo D\u00cdA DE LA COMUNIDAD Cotxeres de Sants &#8211; Auditori Carrer de Sants, 79 08014 Barcelona C\u00f3mo llegar Te recomendamos que utilices el transporte p\u00fablico. Si tienes que venir en transporte privado, en la zona encontrar\u00e1s varios garajes, aparcamientos y zonas de estacionamiento para coches, motos y bicicletas. MAPA 6 de mayo [&hellip;]<\/p>\n","protected":false},"author":13045717,"featured_media":0,"parent":1855,"menu_order":0,"comment_status":"closed","ping_status":"closed","template":"wp-custom-template-plantilla-pagina-esp","meta":{"jetpack_post_was_ever_published":false,"footnotes":""},"class_list":["post-1860","page","type-page","status-publish","hentry"],"jetpack_sharing_enabled":true,"_links":{"self":[{"href":"https:\/\/barcelona.wordcamp.org\/2023\/wp-json\/wp\/v2\/pages\/1860","targetHints":{"allow":["GET"]}}],"collection":[{"href":"https:\/\/barcelona.wordcamp.org\/2023\/wp-json\/wp\/v2\/pages"}],"about":[{"href":"https:\/\/barcelona.wordcamp.org\/2023\/wp-json\/wp\/v2\/types\/page"}],"author":[{"embeddable":true,"href":"https:\/\/barcelona.wordcamp.org\/2023\/wp-json\/wp\/v2\/users\/13045717"}],"replies":[{"embeddable":true,"href":"https:\/\/barcelona.wordcamp.org\/2023\/wp-json\/wp\/v2\/comments?post=1860"}],"version-history":[{"count":4,"href":"https:\/\/barcelona.wordcamp.org\/2023\/wp-json\/wp\/v2\/pages\/1860\/revisions"}],"predecessor-version":[{"id":2687,"href":"https:\/\/barcelona.wordcamp.org\/2023\/wp-json\/wp\/v2\/pages\/1860\/revisions\/2687"}],"up":[{"embeddable":true,"href":"https:\/\/barcelona.wordcamp.org\/2023\/wp-json\/wp\/v2\/pages\/1855"}],"wp:attachment":[{"href":"https:\/\/barcelona.wordcamp.org\/2023\/wp-json\/wp\/v2\/media?parent=1860"}],"curies":[{"name":"wp","href":"https:\/\/api.w.org\/{rel}","templated":true}]}}