{"id":13,"date":"2023-03-24T12:00:38","date_gmt":"2023-03-24T11:00:38","guid":{"rendered":"https:\/\/barcelona.wordcamp.org\/2023\/?page_id=13"},"modified":"2023-04-10T18:24:31","modified_gmt":"2023-04-10T17:24:31","slug":"entrades","status":"publish","type":"page","link":"https:\/\/barcelona.wordcamp.org\/2023\/entrades\/","title":{"rendered":"Entrades"},"content":{"rendered":"\n<div class=\"wp-block-group is-layout-constrained wp-container-core-group-is-layout-f36bc466 wp-block-group-is-layout-constrained\">\n<div class=\"wp-block-group has-custom-blanc-wc-bcn-background-color has-background is-content-justification-left is-layout-constrained wp-container-core-group-is-layout-e077e08b wp-block-group-is-layout-constrained\" style=\"margin-bottom:21px;padding-top:var(--wp--preset--spacing--40);padding-right:var(--wp--preset--spacing--40);padding-bottom:var(--wp--preset--spacing--40);padding-left:var(--wp--preset--spacing--40)\">\n<h2 class=\"wp-block-heading has-custom-negre-wc-bcn-color has-text-color\">La teva entrada a la WordCamp <\/h2>\n\n\n\n<p>La WordCamp Barcelona se celebrar\u00e1 els dies 5 i 6 de maig. En aquests dies la comunitat s\u2019organitza per a realitzar una s\u00e8rie d\u2019activitats interessants i informatives al voltant de WordPress.<\/p>\n\n\n\n<p>El dia de la comunitat s\u2019organitzar\u00e0 el divendres 5 de maig a l\u2019Auditori de les Cotxeres de Sants i el dia de pon\u00e8ncies ser\u00e0 el dissabte 6 de maig al Campus de la Ciutadella de la UPF.<\/p>\n\n\n\n<p>Al llarg d\u2019aquests dos dies podr\u00e0s gaudir de diferents activitats com xerrades, tallers impartits per experts, din\u00e0miques de per fer contactes\u2026<\/p>\n\n\n\n<p>L&#8217;entrada de la WordCamp Barcelona 2023 et permet accedir al dia de la Comunitat i tamb\u00e9 a la jornada de pon\u00e8ncies. <\/p>\n\n\n\n<p>A m\u00e9s, tamb\u00e9 inclou tot aix\u00f2:<\/p>\n\n\n\n<ul class=\"wp-block-list\">\n<li>Acreditaci\u00f3<\/li>\n\n\n\n<li>Regal de benvinguda de la WordCamp Barcelona 2023 amb una samarreta, una ampolla d&#8217;alumini, detalls dels fant\u00e0stics patrocinadors i alguna cosa m\u00e9s que encara no podem explicar-vos.<\/li>\n\n\n\n<li>Caf\u00e8s de benvinguda<\/li>\n\n\n\n<li>Esmorzar<\/li>\n\n\n\n<li>Dinar<\/li>\n\n\n\n<li>Berenar<\/li>\n\n\n\n<li>Una festa de clausura de les jornades<\/li>\n\n\n\n<li>M\u00e9s detalls que estem acabant d&#8217;enllestir.<\/li>\n<\/ul>\n\n\n\n<p>Aquest cop, els m\u00e9s r\u00e0pids tenen premi: <strong>Les primeres 75 entrades comprades fins el 12 d\u2019abril a les 23:59 de 2023 entraran en un sorteig d\u2019un obsequi d\u2019edici\u00f3 limitada<\/strong>.<\/p>\n\n\n\n<p>No saps si comprar la teva entrada? Compra-la ara i si al final no pots venir, podr\u00e0s sol\u00b7licitar el teu <strong>reemborsament fins al 28 d&#8217;abril de 2023.<\/strong><\/p>\n\n\n<a href=\"https:\/\/barcelona.wordcamp.org\/2023\/entrades\/\">Please view this page in a browser to purchase or manage tickets.<\/a>\n<\/div>\n<\/div>\n","protected":false},"excerpt":{"rendered":"<p>La teva entrada a la WordCamp La WordCamp Barcelona se celebrar\u00e1 els dies 5 i 6 de maig. En aquests dies la comunitat s\u2019organitza per a realitzar una s\u00e8rie d\u2019activitats interessants i informatives al voltant de WordPress. El dia de la comunitat s\u2019organitzar\u00e0 el divendres 5 de maig a l\u2019Auditori de les Cotxeres de Sants [&hellip;]<\/p>\n","protected":false},"author":16097498,"featured_media":0,"parent":0,"menu_order":0,"comment_status":"closed","ping_status":"closed","template":"wp-custom-template-plantilla-pagina-cat-2","meta":{"jetpack_post_was_ever_published":true,"footnotes":""},"class_list":["post-13","page","type-page","status-publish","hentry"],"jetpack_sharing_enabled":true,"_links":{"self":[{"href":"https:\/\/barcelona.wordcamp.org\/2023\/wp-json\/wp\/v2\/pages\/13","targetHints":{"allow":["GET"]}}],"collection":[{"href":"https:\/\/barcelona.wordcamp.org\/2023\/wp-json\/wp\/v2\/pages"}],"about":[{"href":"https:\/\/barcelona.wordcamp.org\/2023\/wp-json\/wp\/v2\/types\/page"}],"author":[{"embeddable":true,"href":"https:\/\/barcelona.wordcamp.org\/2023\/wp-json\/wp\/v2\/users\/16097498"}],"replies":[{"embeddable":true,"href":"https:\/\/barcelona.wordcamp.org\/2023\/wp-json\/wp\/v2\/comments?post=13"}],"version-history":[{"count":17,"href":"https:\/\/barcelona.wordcamp.org\/2023\/wp-json\/wp\/v2\/pages\/13\/revisions"}],"predecessor-version":[{"id":8239,"href":"https:\/\/barcelona.wordcamp.org\/2023\/wp-json\/wp\/v2\/pages\/13\/revisions\/8239"}],"wp:attachment":[{"href":"https:\/\/barcelona.wordcamp.org\/2023\/wp-json\/wp\/v2\/media?parent=13"}],"curies":[{"name":"wp","href":"https:\/\/api.w.org\/{rel}","templated":true}]}}