{"id":11,"date":"2022-05-27T08:14:03","date_gmt":"2022-05-27T06:14:03","guid":{"rendered":"https:\/\/barcelona.wordcamp.org\/2023\/location\/"},"modified":"2023-02-20T21:31:32","modified_gmt":"2023-02-20T20:31:32","slug":"recinte","status":"publish","type":"page","link":"https:\/\/barcelona.wordcamp.org\/2023\/recinte\/","title":{"rendered":"Recinte"},"content":{"rendered":"\n<div class=\"wp-block-group is-layout-constrained wp-container-core-group-is-layout-5062002a wp-block-group-is-layout-constrained\" style=\"margin-top:71px\">\n<h2 class=\"wp-block-heading\" style=\"margin-bottom:35px\">LOCALITZACI\u00d3<\/h2>\n\n\n\n<div class=\"wp-block-columns is-layout-flex wp-container-core-columns-is-layout-28f84493 wp-block-columns-is-layout-flex\">\n<div class=\"wp-block-column fons-negre has-custom-negre-wc-bcn-background-color has-background is-layout-flow wp-container-core-column-is-layout-d8fbb6dc wp-block-column-is-layout-flow\" style=\"padding-top:20px;padding-right:20px;padding-bottom:20px;padding-left:20px\">\n<p class=\"has-custom-blanc-wc-bcn-color has-text-color\" style=\"margin-top:0px;margin-right:0px;margin-bottom:5px;margin-left:0px;font-size:32px;font-style:normal;font-weight:900;line-height:0.8\">5 de maig<\/p>\n\n\n\n<p class=\"has-custom-blanc-wc-bcn-color has-text-color\" style=\"margin-bottom:17px;font-size:32px;font-style:normal;font-weight:900;line-height:1.2\">DIA DE LA COMUNITAT<\/p>\n\n\n\n<figure class=\"wp-block-image size-full\"><img loading=\"lazy\" decoding=\"async\" width=\"1120\" height=\"429\" src=\"https:\/\/barcelona.wordcamp.org\/2023\/files\/2023\/01\/cotxeres2.jpg\" alt=\"\" class=\"wp-image-1589\" srcset=\"https:\/\/barcelona.wordcamp.org\/2023\/files\/2023\/01\/cotxeres2.jpg 1120w, https:\/\/barcelona.wordcamp.org\/2023\/files\/2023\/01\/cotxeres2-300x115.jpg 300w, https:\/\/barcelona.wordcamp.org\/2023\/files\/2023\/01\/cotxeres2-1024x392.jpg 1024w, https:\/\/barcelona.wordcamp.org\/2023\/files\/2023\/01\/cotxeres2-768x294.jpg 768w, https:\/\/barcelona.wordcamp.org\/2023\/files\/2023\/01\/cotxeres2-500x192.jpg 500w\" sizes=\"auto, (max-width: 1120px) 100vw, 1120px\" \/><\/figure>\n\n\n\n<p class=\"has-custom-blanc-wc-bcn-color has-text-color\" style=\"margin-top:15px;font-size:18px;font-style:normal;font-weight:700\">Cotxeres de Sants &#8211; Auditori<\/p>\n\n\n\n<p class=\"has-custom-blanc-wc-bcn-color has-text-color\">Carrer de Sants, 79<\/p>\n\n\n\n<p class=\"has-custom-blanc-wc-bcn-color has-text-color\">08014 Barcelona<\/p>\n\n\n\n<p class=\"has-custom-blanc-wc-bcn-color has-text-color\" style=\"margin-bottom:10px;font-size:18px\"><\/p>\n\n\n\n<p class=\"ico_plus_blanc_before link_blanc has-custom-blanc-wc-bcn-color has-text-color\" style=\"margin-top:15px;font-size:18px;font-style:normal;font-weight:700\"><a href=\"#\">Com arribar-hi<\/a><\/p>\n\n\n\n<p class=\"has-custom-blanc-wc-bcn-color has-text-color\">Et recomanem que utilitzis el transport p\u00fablic.<\/p>\n\n\n\n<p><\/p>\n\n\n\n<ul class=\"has-custom-blanc-wc-bcn-color has-text-color wp-block-list\">\n<li>Bus: D20, H12, V7, 44, 50, 78, 109 i 115<\/li>\n\n\n\n<li>Metro: Pla\u00e7a de Sants (L1 i L5), Sants-Estaci\u00f3 (L3)<\/li>\n\n\n\n<li>Renfe: Estaci\u00f3 de Sants<\/li>\n<\/ul>\n\n\n\n<p><\/p>\n\n\n\n<p class=\"has-custom-blanc-wc-bcn-color has-text-color\">Si has de venir en transport privat, a la zona trobar\u00e0s diversos <a href=\"https:\/\/www.google.es\/maps\/search\/aparcamiento\/@41.377098,2.137334,16z?hl=es\" target=\"_blank\" rel=\"noreferrer noopener\">garatges, aparcaments i zones d&#8217;estacionament per a cotxes, motos i bicicletes.<\/a><\/p>\n\n\n\n<p><\/p>\n\n\n\n<p class=\"ico_arrow_blanc_before link_blanc has-custom-blanc-wc-bcn-color has-text-color\" style=\"margin-top:25px;font-size:18px;font-style:normal;font-weight:700\"><a href=\"https:\/\/www.google.es\/maps\/place\/Auditori+Cotxeres+de+Sants\/@41.3751534,2.1367419,19z\/data=!4m14!1m7!3m6!1s0x12a49885c7a77755:0xa7a03a3c69e5129f!2sCentro+C%C3%ADvico+Cocheras+de+Sants!8m2!3d41.375267!4d2.136894!16s%2Fg%2F11c57gxy4q!3m5!1s0x12a4996b4186d91b:0x7e809d67a0e36659!8m2!3d41.3749279!4d2.136689!16s%2Fg%2F11j1d_hjzt?hl=es\" target=\"_blank\" rel=\"noreferrer noopener\">MAPA<\/a><\/p>\n<\/div>\n\n\n\n<div class=\"wp-block-column has-custom-blanc-wc-bcn-background-color has-background is-layout-flow wp-container-core-column-is-layout-2af35ac6 wp-block-column-is-layout-flow\" style=\"padding-top:20px;padding-right:20px;padding-bottom:20px;padding-left:20px\">\n<p class=\"has-custom-negre-wc-bcn-color has-text-color\" style=\"margin-top:0px;margin-right:0px;margin-bottom:5px;margin-left:0px;font-size:32px;font-style:normal;font-weight:900;line-height:0.8\">6 de maig<\/p>\n\n\n\n<p class=\"has-custom-negre-wc-bcn-color has-text-color\" style=\"margin-bottom:17px;font-size:32px;font-style:normal;font-weight:900;line-height:1.1\">JORNADA DE PON\u00c8NCIES<\/p>\n\n\n\n<figure class=\"wp-block-image size-large\"><img loading=\"lazy\" decoding=\"async\" width=\"1024\" height=\"392\" src=\"https:\/\/barcelona.wordcamp.org\/2023\/files\/2023\/02\/68360689-e282-4d6c-a93b-1d1d5692a9be_16-9-aspect-ratio_default_0-1-1024x392.jpg\" alt=\"\" class=\"wp-image-1611\" srcset=\"https:\/\/barcelona.wordcamp.org\/2023\/files\/2023\/02\/68360689-e282-4d6c-a93b-1d1d5692a9be_16-9-aspect-ratio_default_0-1-1024x392.jpg 1024w, https:\/\/barcelona.wordcamp.org\/2023\/files\/2023\/02\/68360689-e282-4d6c-a93b-1d1d5692a9be_16-9-aspect-ratio_default_0-1-300x115.jpg 300w, https:\/\/barcelona.wordcamp.org\/2023\/files\/2023\/02\/68360689-e282-4d6c-a93b-1d1d5692a9be_16-9-aspect-ratio_default_0-1-768x294.jpg 768w, https:\/\/barcelona.wordcamp.org\/2023\/files\/2023\/02\/68360689-e282-4d6c-a93b-1d1d5692a9be_16-9-aspect-ratio_default_0-1-500x192.jpg 500w, https:\/\/barcelona.wordcamp.org\/2023\/files\/2023\/02\/68360689-e282-4d6c-a93b-1d1d5692a9be_16-9-aspect-ratio_default_0-1.jpg 1120w\" sizes=\"auto, (max-width: 1024px) 100vw, 1024px\" \/><\/figure>\n\n\n\n<p class=\"has-custom-negre-wc-bcn-color has-text-color\" style=\"margin-top:15px;font-size:18px;font-style:normal;font-weight:700\">UPF &#8211; Campus Ciutadella &#8211; Edifici Roger de Ll\u00faria<\/p>\n\n\n\n<p>Carrer de Ramon Trias Fargas, 25<br>08005 Barcelona<\/p>\n\n\n\n<p><\/p>\n\n\n\n<p class=\"ico_plus_negre_before link_negre has-custom-blanc-wc-bcn-color has-text-color\" style=\"margin-top:15px;font-size:18px;font-style:normal;font-weight:700\"><a href=\"#\">Com arribar-hi<\/a><\/p>\n\n\n\n<p>Et recomanem que utilitzis el transport p\u00fablic.<\/p>\n\n\n\n<p><\/p>\n\n\n\n<ul class=\"wp-block-list\">\n<li>Bus: H16, V21, 136<\/li>\n<\/ul>\n\n\n\n<ul class=\"wp-block-list\">\n<li>Metro: Ciutadella-Vila Ol\u00edmpica (L4)<\/li>\n\n\n\n<li>Tram: T4 Wellington i Ciutadella-Vila Ol\u00edmpica<\/li>\n<\/ul>\n\n\n\n<p><\/p>\n\n\n\n<p>Si has de venir en transport privat, a la zona trobar\u00e0s diversos <a href=\"https:\/\/www.google.es\/maps\/search\/aparcamiento\/@41.38964,2.1902935,15z?hl=es\" target=\"_blank\" rel=\"noreferrer noopener\">garatges, aparcaments i zones d&#8217;estacionament per a cotxes, motos i bicicletes. <\/a><\/p>\n\n\n\n<p><\/p>\n\n\n\n<p class=\"ico_arrow_negre_before link_negre has-custom-blanc-wc-bcn-color has-text-color\" style=\"margin-top:25px;font-size:18px;font-style:normal;font-weight:700\"><a href=\"https:\/\/www.google.es\/maps\/place\/Universitat+Pompeu+Fabra+-+Campus+de+la+Ciudadela\/@41.38964,2.1902935,17z\/data=!3m2!4b1!5s0x12a4a304b8dc5001:0xecf406c770ad6c01!4m6!3m5!1s0x12a4a31acb13f157:0x375d277935ed5c7b!8m2!3d41.38964!4d2.1902935!16s%2Fg%2F11yd9rcvl?hl=es\" target=\"_blank\" rel=\"noreferrer noopener\">MAPA<\/a><\/p>\n<\/div>\n<\/div>\n<\/div>\n\n\n\n<div class=\"wp-block-group is-layout-constrained wp-container-core-group-is-layout-4383d167 wp-block-group-is-layout-constrained\">\n<div style=\"height:40px\" aria-hidden=\"true\" class=\"wp-block-spacer\"><\/div>\n\n\n\n<div class=\"wp-block-group has-custom-negre-wc-bcn-background-color has-background is-vertical is-layout-flex wp-container-core-group-is-layout-13d2694b wp-block-group-is-layout-flex\" style=\"padding-top:20px;padding-right:20px;padding-bottom:20px;padding-left:20px\">\n<figure class=\"wp-block-image size-full is-resized\"><img loading=\"lazy\" decoding=\"async\" src=\"https:\/\/barcelona.wordcamp.org\/2023\/files\/2023\/01\/ico-sentiment_satisfied.png\" alt=\"\" class=\"wp-image-1568\" width=\"48\" height=\"49\" \/><\/figure>\n\n\n\n<h2 class=\"wp-block-heading has-custom-blanc-wc-bcn-color has-text-color\" style=\"text-transform:uppercase\">Un lloc \u00fanic per una wordcamp molt especial<\/h2>\n\n\n\n<p><br><\/p>\n\n\n\n<p class=\"has-custom-blanc-wc-bcn-color has-text-color\">La&nbsp;WordCamp&nbsp;Barcelona 2023 se celebrar\u00e0 al Campus de la Ciutadella de la Universitat Pompeu Fabra. Un lloc \u00fanic per a una&nbsp;WordCamp&nbsp;molt especial.<\/p>\n\n\n\n<p class=\"has-custom-blanc-wc-bcn-color has-text-color\">El Campus de la Ciutadella de la Universitat Pompeu Fabra est\u00e0 situat en el barri de la Vila Ol\u00edmpica, a tocar del parc de la Ciutadella i del Zoo de Barcelona. La seva instal\u00b7laci\u00f3 en aquesta zona \u00e9s el resultat del proc\u00e9s de regeneraci\u00f3 urbana que va viure la ciutat a partir dels Jocs Ol\u00edmpics, ja que va donar una nova vida en tres edificis hist\u00f2rics que havien caigut en des\u00fas. Dos dels edificis del Campus, denominats Jaume I i Roger de Ll\u00faria, havien estat en els seus or\u00edgens unes casernes militars que es van construir en 1887. L&#8217;altre, el Dip\u00f2sit de les Aig\u00fces, s&#8217;hi havia s&#8217;havia constru\u00eft uns anys abans i s&#8217;havia inaugurat el 1880 amb la funci\u00f3 de regular el cabal de la cascada del parc de la Ciutadella i regar els jardins. Avui dia, el Campus concentra els estudis de ci\u00e8ncies socials i humanes.<\/p>\n\n\n\n<p class=\"has-custom-blanc-wc-bcn-color has-text-color\">La&nbsp;WordCamp&nbsp;se celebrar\u00e0 en l&#8217;edifici Roger de Ll\u00faria. Per fora, t\u00e9 l&#8217;aspecte d&#8217;una antiga caserna militar, per\u00f2 a l&#8217;interior destaca per a tenir una planta en forma d&#8217;anell, que configura un pati central de gran d&#8217;ampl\u00e0ria. En aquest espai s&#8217;aixequen dues construccions noves: una amb fa\u00e7ana de vidre, on hi ha les aules de gran capacitat; i una altra que acull els despatxos del professorat i s&#8217;ha constru\u00eft com un cos susp\u00e8s sobre el pati. Aquesta \u00faltima consta de quatre plantes i una fa\u00e7ana que es corona amb fusta i amb grans corts horitzontals a les finestres. El pati est\u00e0 situat a nivell de soterrani i el cobreix una coberta d&#8217;alumini, vidre i ferro que, amb estructura de dent de serra, permet captar la llum natural. Un edifici amb molta hist\u00f2ria i un escenari perfecte per a compartir coneixements, crear comunitat i aprendre sobre&nbsp;WordPress.<\/p>\n\n\n\n<h2 class=\"wp-block-heading has-custom-blanc-wc-bcn-color has-text-color\">El Dia de la comunitat, enguany amb sorpresa<\/h2>\n\n\n\n<p class=\"has-custom-blanc-wc-bcn-color has-text-color\">Com \u00e9s habitual a Barcelona, el dia de la comunitat se celebrar\u00e0 el divendres 5 de maig, un dia abans de la&nbsp;WordCamp&nbsp;Barcelona 2023. Enguany, a m\u00e9s de les tradicionals taules de treball incorporem dues novetats: una&nbsp;TeensCamp, en qu\u00e8 es realitzaran pon\u00e8ncies sobre seguretat web i creaci\u00f3 de p\u00e0gines web amb&nbsp;WordPress&nbsp;dirigides a&nbsp;pre-adolescents; i un do_action, una&nbsp;hackaton&nbsp;solid\u00e0ria en qu\u00e8 diversos professionals realitzaran una p\u00e0gina web per una associaci\u00f3 de Barcelona.<\/p>\n\n\n\n<p class=\"has-custom-blanc-wc-bcn-color has-text-color\">El dia de la comunitat se celebrar\u00e0 a les Cotxeres de Sants, un dels centres culturals i d&#8217;oci m\u00e9s coneguts de Barcelona.<\/p>\n\n\n\n<p class=\"has-custom-blanc-wc-bcn-color has-text-color\">L&#8217;equipament est\u00e0 situat en un edifici molt emblem\u00e0tic del Districte de Sants-Montju\u00efc i compta amb sales de confer\u00e8ncies, un auditori i diversos espais polivalents. Al llarg de tot l&#8217;any acull esdeveniments emblem\u00e0tics, concerts, exposicions, confer\u00e8ncies, fires i tot tipus d&#8217;activitats.<\/p>\n\n\n\n<p class=\"has-custom-blanc-wc-bcn-color has-text-color\"><\/p>\n<\/div>\n<\/div>\n\n\n\n<div class=\"wp-block-group is-layout-constrained wp-container-core-group-is-layout-4383d167 wp-block-group-is-layout-constrained\">\n<div class=\"wp-block-columns amagar is-layout-flex wp-container-core-columns-is-layout-7bcf0bad wp-block-columns-is-layout-flex\" style=\"margin-top:75px\">\n<div class=\"wp-block-column has-custom-negre-wc-bcn-background-color has-background is-layout-flow wp-container-core-column-is-layout-d8fbb6dc wp-block-column-is-layout-flow\" style=\"padding-top:20px;padding-right:20px;padding-bottom:20px;padding-left:20px\">\n<figure class=\"wp-block-image aligncenter size-full is-resized\"><img loading=\"lazy\" decoding=\"async\" src=\"https:\/\/barcelona.wordcamp.org\/2023\/files\/2023\/02\/pin_drop.png\" alt=\"\" class=\"wp-image-1674\" width=\"56\" height=\"57\" \/><\/figure>\n\n\n\n<p class=\"has-text-align-center has-custom-blanc-wc-bcn-color has-text-color\" style=\"margin-bottom:10px;font-size:18px;font-style:normal;font-weight:900\">EL RECINTE<\/p>\n\n\n\n<p class=\"has-custom-blanc-wc-bcn-color has-text-color\" style=\"font-size:18px;font-style:normal;font-weight:900;text-transform:uppercase\">Lorem ipsum dolor sit amet<\/p>\n\n\n\n<p class=\"has-custom-blanc-wc-bcn-color has-text-color\">consectetur adipiscing elit. Etiam eu turpis molestie, dictum est a.<\/p>\n\n\n\n<p class=\"ico_fletxa_blanc_after link_blanc has-custom-blanc-wc-bcn-color has-text-color\" style=\"margin-top:9px;font-size:18px;font-style:normal;font-weight:700\"><a href=\"#\">M\u00c9S DETALLS<\/a><\/p>\n<\/div>\n\n\n\n<div class=\"wp-block-column has-custom-negre-wc-bcn-background-color has-background is-layout-flow wp-container-core-column-is-layout-d8fbb6dc wp-block-column-is-layout-flow\" style=\"padding-top:20px;padding-right:20px;padding-bottom:20px;padding-left:20px\">\n<figure class=\"wp-block-image aligncenter size-full is-resized\"><img loading=\"lazy\" decoding=\"async\" src=\"https:\/\/barcelona.wordcamp.org\/2023\/files\/2023\/02\/calendar_month.png\" alt=\"\" class=\"wp-image-1675\" width=\"56\" height=\"57\" \/><\/figure>\n\n\n\n<p class=\"has-text-align-center has-custom-blanc-wc-bcn-color has-text-color\" style=\"margin-bottom:10px;font-size:18px;font-style:normal;font-weight:900\">DATES<\/p>\n\n\n\n<p class=\"has-custom-blanc-wc-bcn-color has-text-color\" style=\"font-size:18px;font-style:normal;font-weight:900;text-transform:uppercase\">5 i 6 de maig.<\/p>\n\n\n\n<p class=\"has-custom-blanc-wc-bcn-color has-text-color\">adipiscing elit. Etiam eu turpis molestie, dictum est a.<\/p>\n\n\n\n<p class=\"ico_fletxa_blanc_after link_blanc has-custom-blanc-wc-bcn-color has-text-color\" style=\"margin-top:9px;font-size:18px;font-style:normal;font-weight:700\"><a href=\"#\">COMPRAR ENTRADES<\/a><\/p>\n<\/div>\n\n\n\n<div class=\"wp-block-column amagar has-custom-negre-wc-bcn-background-color has-background is-layout-flow wp-container-core-column-is-layout-d8fbb6dc wp-block-column-is-layout-flow\" style=\"padding-top:20px;padding-right:20px;padding-bottom:20px;padding-left:20px\">\n<figure class=\"wp-block-image aligncenter size-full is-resized\"><img loading=\"lazy\" decoding=\"async\" src=\"https:\/\/barcelona.wordcamp.org\/2023\/files\/2023\/02\/campaign.png\" alt=\"\" class=\"wp-image-1673\" width=\"56\" height=\"57\" \/><\/figure>\n\n\n\n<p class=\"has-text-align-center has-custom-blanc-wc-bcn-color has-text-color\" style=\"margin-bottom:10px;font-size:18px;font-style:normal;font-weight:900\">PONENTS<\/p>\n\n\n\n<p class=\"has-custom-blanc-wc-bcn-color has-text-color\" style=\"font-size:18px;font-style:normal;font-weight:900;text-transform:uppercase\">Lorem ipsum dolor sit amet<\/p>\n\n\n\n<p class=\"has-custom-blanc-wc-bcn-color has-text-color\">consectetur adipiscing elit. Etiam eu turpis molestie, dictum est a.<\/p>\n\n\n\n<p class=\"ico_fletxa_blanc_after link_blanc has-custom-blanc-wc-bcn-color has-text-color\" style=\"margin-top:9px;font-size:18px;font-style:normal;font-weight:700\"><a href=\"#\">VEURE&#8217;LS TOTS<\/a><\/p>\n<\/div>\n<\/div>\n<\/div>\n","protected":false},"excerpt":{"rendered":"<p>LOCALITZACI\u00d3 5 de maig DIA DE LA COMUNITAT Cotxeres de Sants &#8211; Auditori Carrer de Sants, 79 08014 Barcelona Com arribar-hi Et recomanem que utilitzis el transport p\u00fablic. Si has de venir en transport privat, a la zona trobar\u00e0s diversos garatges, aparcaments i zones d&#8217;estacionament per a cotxes, motos i bicicletes. MAPA 6 de maig [&hellip;]<\/p>\n","protected":false},"author":292556,"featured_media":0,"parent":0,"menu_order":0,"comment_status":"closed","ping_status":"closed","template":"wp-custom-template-plantilla-pagina-cat-2","meta":{"jetpack_post_was_ever_published":false,"footnotes":""},"class_list":["post-11","page","type-page","status-publish","hentry"],"jetpack_sharing_enabled":true,"_links":{"self":[{"href":"https:\/\/barcelona.wordcamp.org\/2023\/wp-json\/wp\/v2\/pages\/11","targetHints":{"allow":["GET"]}}],"collection":[{"href":"https:\/\/barcelona.wordcamp.org\/2023\/wp-json\/wp\/v2\/pages"}],"about":[{"href":"https:\/\/barcelona.wordcamp.org\/2023\/wp-json\/wp\/v2\/types\/page"}],"author":[{"embeddable":true,"href":"https:\/\/barcelona.wordcamp.org\/2023\/wp-json\/wp\/v2\/users\/292556"}],"replies":[{"embeddable":true,"href":"https:\/\/barcelona.wordcamp.org\/2023\/wp-json\/wp\/v2\/comments?post=11"}],"version-history":[{"count":35,"href":"https:\/\/barcelona.wordcamp.org\/2023\/wp-json\/wp\/v2\/pages\/11\/revisions"}],"predecessor-version":[{"id":2686,"href":"https:\/\/barcelona.wordcamp.org\/2023\/wp-json\/wp\/v2\/pages\/11\/revisions\/2686"}],"wp:attachment":[{"href":"https:\/\/barcelona.wordcamp.org\/2023\/wp-json\/wp\/v2\/media?parent=11"}],"curies":[{"name":"wp","href":"https:\/\/api.w.org\/{rel}","templated":true}]}}