{"id":169,"date":"2019-11-20T18:26:43","date_gmt":"2019-11-20T17:26:43","guid":{"rendered":"https:\/\/2020-barcelona.publishers.wordcamp.org\/?page_id=169"},"modified":"2020-03-30T17:36:39","modified_gmt":"2020-03-30T15:36:39","slug":"wordcamp-barcelona","status":"publish","type":"page","link":"https:\/\/barcelona.wordcamp.org\/2020\/","title":{"rendered":"WordCamp Barcelona 2020"},"content":{"rendered":"\n<hr class=\"wp-block-separator\" \/>\n\n\n\n<p><strong><span class=\"has-inline-color has-accent-color\">ATENCI\u00d3N<\/span><\/strong>: La WordCamp Barcelona 2020 queda <strong>oficialmente cancelada<\/strong>. Si quieres saber m\u00e1s, lee la <a href=\"https:\/\/2020.barcelona.wordcamp.org\/2020\/03\/30\/wordcamp-barcelona-2020-cancelada\/\">entrada sobre la cancelaci\u00f3n de la #WCBCN<\/a>.<\/p>\n\n\n\n<hr class=\"wp-block-separator\" \/>\n\n\n\n<p><\/p>\n","protected":false},"excerpt":{"rendered":"<p>ATENCI\u00d3N: La WordCamp Barcelona 2020 queda oficialmente cancelada. Si quieres saber m\u00e1s, lee la entrada sobre la cancelaci\u00f3n de la #WCBCN.<\/p>\n","protected":false},"author":9330583,"featured_media":308,"parent":0,"menu_order":1,"comment_status":"closed","ping_status":"closed","template":"templates\/template-cover.php","meta":{"jetpack_post_was_ever_published":false,"footnotes":""},"class_list":["post-169","page","type-page","status-publish","has-post-thumbnail","hentry"],"jetpack_sharing_enabled":true,"_links":{"self":[{"href":"https:\/\/barcelona.wordcamp.org\/2020\/wp-json\/wp\/v2\/pages\/169","targetHints":{"allow":["GET"]}}],"collection":[{"href":"https:\/\/barcelona.wordcamp.org\/2020\/wp-json\/wp\/v2\/pages"}],"about":[{"href":"https:\/\/barcelona.wordcamp.org\/2020\/wp-json\/wp\/v2\/types\/page"}],"author":[{"embeddable":true,"href":"https:\/\/barcelona.wordcamp.org\/2020\/wp-json\/wp\/v2\/users\/9330583"}],"replies":[{"embeddable":true,"href":"https:\/\/barcelona.wordcamp.org\/2020\/wp-json\/wp\/v2\/comments?post=169"}],"version-history":[{"count":19,"href":"https:\/\/barcelona.wordcamp.org\/2020\/wp-json\/wp\/v2\/pages\/169\/revisions"}],"predecessor-version":[{"id":1042,"href":"https:\/\/barcelona.wordcamp.org\/2020\/wp-json\/wp\/v2\/pages\/169\/revisions\/1042"}],"wp:featuredmedia":[{"embeddable":true,"href":"https:\/\/barcelona.wordcamp.org\/2020\/wp-json\/wp\/v2\/media\/308"}],"wp:attachment":[{"href":"https:\/\/barcelona.wordcamp.org\/2020\/wp-json\/wp\/v2\/media?parent=169"}],"curies":[{"name":"wp","href":"https:\/\/api.w.org\/{rel}","templated":true}]}}