{"id":153,"date":"2019-11-20T17:42:23","date_gmt":"2019-11-20T16:42:23","guid":{"rendered":"https:\/\/2020-barcelona.publishers.wordcamp.org\/?page_id=153"},"modified":"2020-02-20T11:30:28","modified_gmt":"2020-02-20T10:30:28","slug":"localitzacio","status":"publish","type":"page","link":"https:\/\/barcelona.wordcamp.org\/2020\/ca\/localitzacio\/","title":{"rendered":"Localitzaci\u00f3"},"content":{"rendered":"\n<p>Enguany la WordCamp Barcelona ser\u00e0 a l&#8217;<strong>Edifici Hist\u00f2ric de la Universitat de Barcelona<\/strong>, ubicat a la <strong>Gran Via de les Corts Catalanes, 585<\/strong> (<a rel=\"noreferrer noopener\" aria-label=\" (opens in a new tab)\" href=\"https:\/\/goo.gl\/maps\/CSFa3EjwEe1SrJJPA\" target=\"_blank\">enlla\u00e7 a Google Maps<\/a>), ben a prop de Pla\u00e7a Catalunya.<\/p>\n\n\n\n<p>Constru\u00eft entre el 1863 i el 1889, aquest edifici d&#8217;estil neorom\u00e0nic va acollir durant gaireb\u00e9 un segle la majoria de facultats i escoles universit\u00e0ries de la ciutat i, per tant, pensem que \u00e9s l&#8217;escenari perfecte on compartir coneixements i aprendre de la comunitat del WordPress. Tal i com pots veure, es tracta d&#8217;un espai carism\u00e0tic, solemne i molt agradable.<\/p>\n\n\n\n<div class=\"wp-block-jetpack-tiled-gallery aligncenter is-style-rectangular\"><div class=\"tiled-gallery__gallery\"><div class=\"tiled-gallery__row\"><div class=\"tiled-gallery__col\"><figure class=\"tiled-gallery__item\"><img decoding=\"async\" srcset=\"https:\/\/i2.wp.com\/2020-barcelona.publishers.wordcamp.org\/files\/2019\/11\/rectorado.jpg?strip=info&#038;w=600&#038;ssl=1 600w,https:\/\/i2.wp.com\/2020-barcelona.publishers.wordcamp.org\/files\/2019\/11\/rectorado.jpg?strip=info&#038;w=900&#038;ssl=1 900w,https:\/\/i2.wp.com\/2020-barcelona.publishers.wordcamp.org\/files\/2019\/11\/rectorado.jpg?strip=info&#038;w=1200&#038;ssl=1 1200w\" alt=\"Escalera del rectorado del Edificio Hist\u00f3rico de la Universidad de Barcelona\" data-height=\"794\" data-id=\"164\" data-link=\"https:\/\/2020-barcelona.publishers.wordcamp.org\/rectorado\/\" data-url=\"https:\/\/2020-barcelona.publishers.wordcamp.org\/files\/2019\/11\/rectorado.jpg\" data-width=\"1200\" src=\"https:\/\/i2.wp.com\/2020-barcelona.publishers.wordcamp.org\/files\/2019\/11\/rectorado.jpg?ssl=1\" \/><\/figure><\/div><div class=\"tiled-gallery__col\"><figure class=\"tiled-gallery__item\"><img decoding=\"async\" srcset=\"https:\/\/i0.wp.com\/2020-barcelona.publishers.wordcamp.org\/files\/2019\/11\/galeria.jpg?strip=info&#038;w=600&#038;ssl=1 600w,https:\/\/i0.wp.com\/2020-barcelona.publishers.wordcamp.org\/files\/2019\/11\/galeria.jpg?strip=info&#038;w=900&#038;ssl=1 900w,https:\/\/i0.wp.com\/2020-barcelona.publishers.wordcamp.org\/files\/2019\/11\/galeria.jpg?strip=info&#038;w=1200&#038;ssl=1 1200w\" alt=\"Galer\u00eda Paranimf en el Edificio Hist\u00f3rico de la Universidad de Barcelona\" data-height=\"1800\" data-id=\"163\" data-link=\"https:\/\/2020-barcelona.publishers.wordcamp.org\/galeria\/\" data-url=\"https:\/\/2020-barcelona.publishers.wordcamp.org\/files\/2019\/11\/galeria.jpg\" data-width=\"1200\" src=\"https:\/\/i0.wp.com\/2020-barcelona.publishers.wordcamp.org\/files\/2019\/11\/galeria.jpg?ssl=1\" \/><\/figure><\/div><div class=\"tiled-gallery__col\"><figure class=\"tiled-gallery__item\"><img decoding=\"async\" srcset=\"https:\/\/i1.wp.com\/2020-barcelona.publishers.wordcamp.org\/files\/2019\/11\/paranimf-2.jpg?strip=info&#038;w=600&#038;ssl=1 600w,https:\/\/i1.wp.com\/2020-barcelona.publishers.wordcamp.org\/files\/2019\/11\/paranimf-2.jpg?strip=info&#038;w=900&#038;ssl=1 900w,https:\/\/i1.wp.com\/2020-barcelona.publishers.wordcamp.org\/files\/2019\/11\/paranimf-2.jpg?strip=info&#038;w=1200&#038;ssl=1 1200w\" alt=\"Sala Paranimf en el Edificio Hist\u00f3rico de la Universidad de Barcelona, vista desde el atril\" data-height=\"794\" data-id=\"162\" data-link=\"https:\/\/2020-barcelona.publishers.wordcamp.org\/paranimf-2\/\" data-url=\"https:\/\/2020-barcelona.publishers.wordcamp.org\/files\/2019\/11\/paranimf-2.jpg\" data-width=\"1200\" src=\"https:\/\/i1.wp.com\/2020-barcelona.publishers.wordcamp.org\/files\/2019\/11\/paranimf-2.jpg?ssl=1\" \/><\/figure><\/div><\/div><div class=\"tiled-gallery__row\"><div class=\"tiled-gallery__col\"><figure class=\"tiled-gallery__item\"><img decoding=\"async\" srcset=\"https:\/\/i2.wp.com\/2020-barcelona.publishers.wordcamp.org\/files\/2019\/11\/claustro.jpg?strip=info&#038;w=600&#038;ssl=1 600w,https:\/\/i2.wp.com\/2020-barcelona.publishers.wordcamp.org\/files\/2019\/11\/claustro.jpg?strip=info&#038;w=900&#038;ssl=1 900w,https:\/\/i2.wp.com\/2020-barcelona.publishers.wordcamp.org\/files\/2019\/11\/claustro.jpg?strip=info&#038;w=1200&#038;ssl=1 1200w\" alt=\"Claustro del Edificio Hist\u00f3rico de la Universidad de Barcelona\" data-height=\"791\" data-id=\"161\" data-link=\"https:\/\/2020-barcelona.publishers.wordcamp.org\/claustro\/\" data-url=\"https:\/\/2020-barcelona.publishers.wordcamp.org\/files\/2019\/11\/claustro.jpg\" data-width=\"1200\" src=\"https:\/\/i2.wp.com\/2020-barcelona.publishers.wordcamp.org\/files\/2019\/11\/claustro.jpg?ssl=1\" \/><\/figure><\/div><div class=\"tiled-gallery__col\"><figure class=\"tiled-gallery__item\"><img decoding=\"async\" srcset=\"https:\/\/i2.wp.com\/2020-barcelona.publishers.wordcamp.org\/files\/2019\/11\/jardines.jpg?strip=info&#038;w=600&#038;ssl=1 600w,https:\/\/i2.wp.com\/2020-barcelona.publishers.wordcamp.org\/files\/2019\/11\/jardines.jpg?strip=info&#038;w=900&#038;ssl=1 900w,https:\/\/i2.wp.com\/2020-barcelona.publishers.wordcamp.org\/files\/2019\/11\/jardines.jpg?strip=info&#038;w=1200&#038;ssl=1 1200w\" alt=\"Jardines del Edificio Hist\u00f3rico de la Universidad de Barcelona\" data-height=\"794\" data-id=\"160\" data-link=\"https:\/\/2020-barcelona.publishers.wordcamp.org\/jardines\/\" data-url=\"https:\/\/2020-barcelona.publishers.wordcamp.org\/files\/2019\/11\/jardines.jpg\" data-width=\"1200\" src=\"https:\/\/i2.wp.com\/2020-barcelona.publishers.wordcamp.org\/files\/2019\/11\/jardines.jpg?ssl=1\" \/><\/figure><figure class=\"tiled-gallery__item\"><img decoding=\"async\" srcset=\"https:\/\/i2.wp.com\/2020-barcelona.publishers.wordcamp.org\/files\/2019\/11\/entrada.jpg?strip=info&#038;w=600&#038;ssl=1 600w,https:\/\/i2.wp.com\/2020-barcelona.publishers.wordcamp.org\/files\/2019\/11\/entrada.jpg?strip=info&#038;w=900&#038;ssl=1 900w,https:\/\/i2.wp.com\/2020-barcelona.publishers.wordcamp.org\/files\/2019\/11\/entrada.jpg?strip=info&#038;w=1200&#038;ssl=1 1200w,https:\/\/i2.wp.com\/2020-barcelona.publishers.wordcamp.org\/files\/2019\/11\/entrada.jpg?strip=info&#038;w=1306&#038;ssl=1 1306w\" alt=\"Nave principal del vest\u00edbulo de entrada\" data-height=\"864\" data-id=\"159\" data-link=\"https:\/\/2020-barcelona.publishers.wordcamp.org\/entrada\/\" data-url=\"https:\/\/2020-barcelona.publishers.wordcamp.org\/files\/2019\/11\/entrada.jpg\" data-width=\"1306\" src=\"https:\/\/i2.wp.com\/2020-barcelona.publishers.wordcamp.org\/files\/2019\/11\/entrada.jpg?ssl=1\" \/><\/figure><\/div><\/div><div class=\"tiled-gallery__row\"><div class=\"tiled-gallery__col\"><figure class=\"tiled-gallery__item\"><img decoding=\"async\" srcset=\"https:\/\/i0.wp.com\/2020-barcelona.publishers.wordcamp.org\/files\/2019\/11\/paranimf.jpg?strip=info&#038;w=600&#038;ssl=1 600w,https:\/\/i0.wp.com\/2020-barcelona.publishers.wordcamp.org\/files\/2019\/11\/paranimf.jpg?strip=info&#038;w=900&#038;ssl=1 900w,https:\/\/i0.wp.com\/2020-barcelona.publishers.wordcamp.org\/files\/2019\/11\/paranimf.jpg?strip=info&#038;w=1200&#038;ssl=1 1200w,https:\/\/i0.wp.com\/2020-barcelona.publishers.wordcamp.org\/files\/2019\/11\/paranimf.jpg?strip=info&#038;w=1203&#038;ssl=1 1203w\" alt=\"Vista general del Paranimf de la Universitat de Barcelona desde la entrada principal\" data-height=\"800\" data-id=\"158\" data-link=\"https:\/\/2020-barcelona.publishers.wordcamp.org\/paranimf\/\" data-url=\"https:\/\/2020-barcelona.publishers.wordcamp.org\/files\/2019\/11\/paranimf.jpg\" data-width=\"1203\" src=\"https:\/\/i0.wp.com\/2020-barcelona.publishers.wordcamp.org\/files\/2019\/11\/paranimf.jpg?ssl=1\" \/><\/figure><figure class=\"tiled-gallery__item\"><img decoding=\"async\" srcset=\"https:\/\/i1.wp.com\/2020-barcelona.publishers.wordcamp.org\/files\/2019\/11\/vista-aeria.jpg?strip=info&#038;w=600&#038;ssl=1 600w,https:\/\/i1.wp.com\/2020-barcelona.publishers.wordcamp.org\/files\/2019\/11\/vista-aeria.jpg?strip=info&#038;w=900&#038;ssl=1 900w,https:\/\/i1.wp.com\/2020-barcelona.publishers.wordcamp.org\/files\/2019\/11\/vista-aeria.jpg?strip=info&#038;w=1199&#038;ssl=1 1199w\" alt=\"Vista a\u00e9ria del Edifici Hist\u00f2ric de la Universitat de Barcelona\" data-height=\"800\" data-id=\"157\" data-link=\"https:\/\/2020-barcelona.publishers.wordcamp.org\/vista-aeria\/\" data-url=\"https:\/\/2020-barcelona.publishers.wordcamp.org\/files\/2019\/11\/vista-aeria.jpg\" data-width=\"1199\" src=\"https:\/\/i1.wp.com\/2020-barcelona.publishers.wordcamp.org\/files\/2019\/11\/vista-aeria.jpg?ssl=1\" \/><\/figure><\/div><div class=\"tiled-gallery__col\"><figure class=\"tiled-gallery__item\"><img decoding=\"async\" srcset=\"https:\/\/i2.wp.com\/2020-barcelona.publishers.wordcamp.org\/files\/2019\/11\/aula-magna.jpg?strip=info&#038;w=600&#038;ssl=1 600w,https:\/\/i2.wp.com\/2020-barcelona.publishers.wordcamp.org\/files\/2019\/11\/aula-magna.jpg?strip=info&#038;w=900&#038;ssl=1 900w,https:\/\/i2.wp.com\/2020-barcelona.publishers.wordcamp.org\/files\/2019\/11\/aula-magna.jpg?strip=info&#038;w=1200&#038;ssl=1 1200w\" alt=\"Aula Magna del Edificio Hist\u00f3rico de la Universidad de Barcelona\" data-height=\"796\" data-id=\"156\" data-link=\"https:\/\/2020-barcelona.publishers.wordcamp.org\/aula-magna\/\" data-url=\"https:\/\/2020-barcelona.publishers.wordcamp.org\/files\/2019\/11\/aula-magna.jpg\" data-width=\"1200\" src=\"https:\/\/i2.wp.com\/2020-barcelona.publishers.wordcamp.org\/files\/2019\/11\/aula-magna.jpg?ssl=1\" \/><\/figure><\/div><\/div><\/div><\/div>\n","protected":false},"excerpt":{"rendered":"<p>Enguany la WordCamp Barcelona ser\u00e0 a l&#8217;Edifici Hist\u00f2ric de la Universitat de Barcelona, ubicat a la Gran Via de les Corts Catalanes, 585 (enlla\u00e7 a Google Maps), ben a prop de Pla\u00e7a Catalunya. Constru\u00eft entre el 1863 i el 1889, aquest edifici d&#8217;estil neorom\u00e0nic va acollir durant gaireb\u00e9 un segle la majoria de facultats i [&hellip;]<\/p>\n","protected":false},"author":9330583,"featured_media":0,"parent":118,"menu_order":30,"comment_status":"closed","ping_status":"closed","template":"templates\/template-full-width.php","meta":{"jetpack_post_was_ever_published":false,"footnotes":""},"class_list":["post-153","page","type-page","status-publish","hentry"],"jetpack_sharing_enabled":true,"_links":{"self":[{"href":"https:\/\/barcelona.wordcamp.org\/2020\/wp-json\/wp\/v2\/pages\/153","targetHints":{"allow":["GET"]}}],"collection":[{"href":"https:\/\/barcelona.wordcamp.org\/2020\/wp-json\/wp\/v2\/pages"}],"about":[{"href":"https:\/\/barcelona.wordcamp.org\/2020\/wp-json\/wp\/v2\/types\/page"}],"author":[{"embeddable":true,"href":"https:\/\/barcelona.wordcamp.org\/2020\/wp-json\/wp\/v2\/users\/9330583"}],"replies":[{"embeddable":true,"href":"https:\/\/barcelona.wordcamp.org\/2020\/wp-json\/wp\/v2\/comments?post=153"}],"version-history":[{"count":3,"href":"https:\/\/barcelona.wordcamp.org\/2020\/wp-json\/wp\/v2\/pages\/153\/revisions"}],"predecessor-version":[{"id":326,"href":"https:\/\/barcelona.wordcamp.org\/2020\/wp-json\/wp\/v2\/pages\/153\/revisions\/326"}],"up":[{"embeddable":true,"href":"https:\/\/barcelona.wordcamp.org\/2020\/wp-json\/wp\/v2\/pages\/118"}],"wp:attachment":[{"href":"https:\/\/barcelona.wordcamp.org\/2020\/wp-json\/wp\/v2\/media?parent=153"}],"curies":[{"name":"wp","href":"https:\/\/api.w.org\/{rel}","templated":true}]}}