{"id":151,"date":"2019-11-20T17:41:00","date_gmt":"2019-11-20T16:41:00","guid":{"rendered":"https:\/\/2020-barcelona.publishers.wordcamp.org\/?page_id=151"},"modified":"2020-02-01T09:52:45","modified_gmt":"2020-02-01T08:52:45","slug":"localizacion","status":"publish","type":"page","link":"https:\/\/barcelona.wordcamp.org\/2020\/es\/localizacion\/","title":{"rendered":"Localizaci\u00f3n"},"content":{"rendered":"\n<p>La WordCamp Barcelona 2020 tendr\u00e1 lugar en el <strong>Edificio Hist\u00f3rico de la Universidad de Barcelona<\/strong>, ubicado en la <strong>Gran Via de les Corts Catalanes, 585<\/strong>, muy cerca de Plaza Catalu\u00f1a (<a rel=\"noreferrer noopener\" href=\"https:\/\/goo.gl\/maps\/CSFa3EjwEe1SrJJPA\" target=\"_blank\">enlace a Google Maps<\/a>).<\/p>\n\n\n\n<h2 class=\"wp-block-heading\">Un edificio hist\u00f3rico para una WordCamp que pasar\u00e1 a la historia \ud83d\ude09 <\/h2>\n\n\n\n<p>Construido entre 1863 y 1889, este edificio de estilo neo-rom\u00e1nico acogi\u00f3 durante casi un siglo la mayor\u00eda de las facultades y escuelas universitarias de la ciudad. <\/p>\n\n\n\n<p><strong>\u00bfQu\u00e9 mejor escenario para compartir conocimientos, crear comunidad y aprender sobre creaci\u00f3n de contenidos con WordPress?<\/strong> <\/p>\n\n\n\n<p>Si te fijas en las fotograf\u00edas, ver\u00e1s se trata de un espacio con un estilo solemne y magestuoso, con suelos de m\u00e1rmol, tapices antiguos, pinturas al fresco y techos labrados en madera y escayola. <\/p>\n\n\n\n<div class=\"wp-block-jetpack-tiled-gallery aligncenter is-style-rectangular\"><div class=\"tiled-gallery__gallery\"><div class=\"tiled-gallery__row\"><div class=\"tiled-gallery__col\"><figure class=\"tiled-gallery__item\"><img decoding=\"async\" srcset=\"https:\/\/i2.wp.com\/2020-barcelona.publishers.wordcamp.org\/files\/2019\/11\/rectorado.jpg?strip=info&#038;w=600&#038;ssl=1 600w,https:\/\/i2.wp.com\/2020-barcelona.publishers.wordcamp.org\/files\/2019\/11\/rectorado.jpg?strip=info&#038;w=900&#038;ssl=1 900w,https:\/\/i2.wp.com\/2020-barcelona.publishers.wordcamp.org\/files\/2019\/11\/rectorado.jpg?strip=info&#038;w=1200&#038;ssl=1 1200w\" alt=\"Escalera del rectorado del Edificio Hist\u00f3rico de la Universidad de Barcelona\" data-height=\"794\" data-id=\"164\" data-link=\"https:\/\/2020-barcelona.publishers.wordcamp.org\/rectorado\/\" data-url=\"https:\/\/2020-barcelona.publishers.wordcamp.org\/files\/2019\/11\/rectorado.jpg\" data-width=\"1200\" src=\"https:\/\/i2.wp.com\/2020-barcelona.publishers.wordcamp.org\/files\/2019\/11\/rectorado.jpg?ssl=1\" \/><\/figure><\/div><div class=\"tiled-gallery__col\"><figure class=\"tiled-gallery__item\"><img decoding=\"async\" srcset=\"https:\/\/i0.wp.com\/2020-barcelona.publishers.wordcamp.org\/files\/2019\/11\/galeria.jpg?strip=info&#038;w=600&#038;ssl=1 600w,https:\/\/i0.wp.com\/2020-barcelona.publishers.wordcamp.org\/files\/2019\/11\/galeria.jpg?strip=info&#038;w=900&#038;ssl=1 900w,https:\/\/i0.wp.com\/2020-barcelona.publishers.wordcamp.org\/files\/2019\/11\/galeria.jpg?strip=info&#038;w=1200&#038;ssl=1 1200w\" alt=\"Galer\u00eda Paranimf en el Edificio Hist\u00f3rico de la Universidad de Barcelona\" data-height=\"1800\" data-id=\"163\" data-link=\"https:\/\/2020-barcelona.publishers.wordcamp.org\/galeria\/\" data-url=\"https:\/\/2020-barcelona.publishers.wordcamp.org\/files\/2019\/11\/galeria.jpg\" data-width=\"1200\" src=\"https:\/\/i0.wp.com\/2020-barcelona.publishers.wordcamp.org\/files\/2019\/11\/galeria.jpg?ssl=1\" \/><\/figure><\/div><div class=\"tiled-gallery__col\"><figure class=\"tiled-gallery__item\"><img decoding=\"async\" srcset=\"https:\/\/i1.wp.com\/2020-barcelona.publishers.wordcamp.org\/files\/2019\/11\/paranimf-2.jpg?strip=info&#038;w=600&#038;ssl=1 600w,https:\/\/i1.wp.com\/2020-barcelona.publishers.wordcamp.org\/files\/2019\/11\/paranimf-2.jpg?strip=info&#038;w=900&#038;ssl=1 900w,https:\/\/i1.wp.com\/2020-barcelona.publishers.wordcamp.org\/files\/2019\/11\/paranimf-2.jpg?strip=info&#038;w=1200&#038;ssl=1 1200w\" alt=\"Sala Paranimf en el Edificio Hist\u00f3rico de la Universidad de Barcelona, vista desde el atril\" data-height=\"794\" data-id=\"162\" data-link=\"https:\/\/2020-barcelona.publishers.wordcamp.org\/paranimf-2\/\" data-url=\"https:\/\/2020-barcelona.publishers.wordcamp.org\/files\/2019\/11\/paranimf-2.jpg\" data-width=\"1200\" src=\"https:\/\/i1.wp.com\/2020-barcelona.publishers.wordcamp.org\/files\/2019\/11\/paranimf-2.jpg?ssl=1\" \/><\/figure><\/div><\/div><div class=\"tiled-gallery__row\"><div class=\"tiled-gallery__col\"><figure class=\"tiled-gallery__item\"><img decoding=\"async\" srcset=\"https:\/\/i2.wp.com\/2020-barcelona.publishers.wordcamp.org\/files\/2019\/11\/claustro.jpg?strip=info&#038;w=600&#038;ssl=1 600w,https:\/\/i2.wp.com\/2020-barcelona.publishers.wordcamp.org\/files\/2019\/11\/claustro.jpg?strip=info&#038;w=900&#038;ssl=1 900w,https:\/\/i2.wp.com\/2020-barcelona.publishers.wordcamp.org\/files\/2019\/11\/claustro.jpg?strip=info&#038;w=1200&#038;ssl=1 1200w\" alt=\"Claustro del Edificio Hist\u00f3rico de la Universidad de Barcelona\" data-height=\"791\" data-id=\"161\" data-link=\"https:\/\/2020-barcelona.publishers.wordcamp.org\/claustro\/\" data-url=\"https:\/\/2020-barcelona.publishers.wordcamp.org\/files\/2019\/11\/claustro.jpg\" data-width=\"1200\" src=\"https:\/\/i2.wp.com\/2020-barcelona.publishers.wordcamp.org\/files\/2019\/11\/claustro.jpg?ssl=1\" \/><\/figure><\/div><div class=\"tiled-gallery__col\"><figure class=\"tiled-gallery__item\"><img decoding=\"async\" srcset=\"https:\/\/i2.wp.com\/2020-barcelona.publishers.wordcamp.org\/files\/2019\/11\/jardines.jpg?strip=info&#038;w=600&#038;ssl=1 600w,https:\/\/i2.wp.com\/2020-barcelona.publishers.wordcamp.org\/files\/2019\/11\/jardines.jpg?strip=info&#038;w=900&#038;ssl=1 900w,https:\/\/i2.wp.com\/2020-barcelona.publishers.wordcamp.org\/files\/2019\/11\/jardines.jpg?strip=info&#038;w=1200&#038;ssl=1 1200w\" alt=\"Jardines del Edificio Hist\u00f3rico de la Universidad de Barcelona\" data-height=\"794\" data-id=\"160\" data-link=\"https:\/\/2020-barcelona.publishers.wordcamp.org\/jardines\/\" data-url=\"https:\/\/2020-barcelona.publishers.wordcamp.org\/files\/2019\/11\/jardines.jpg\" data-width=\"1200\" src=\"https:\/\/i2.wp.com\/2020-barcelona.publishers.wordcamp.org\/files\/2019\/11\/jardines.jpg?ssl=1\" \/><\/figure><figure class=\"tiled-gallery__item\"><img decoding=\"async\" srcset=\"https:\/\/i2.wp.com\/2020-barcelona.publishers.wordcamp.org\/files\/2019\/11\/entrada.jpg?strip=info&#038;w=600&#038;ssl=1 600w,https:\/\/i2.wp.com\/2020-barcelona.publishers.wordcamp.org\/files\/2019\/11\/entrada.jpg?strip=info&#038;w=900&#038;ssl=1 900w,https:\/\/i2.wp.com\/2020-barcelona.publishers.wordcamp.org\/files\/2019\/11\/entrada.jpg?strip=info&#038;w=1200&#038;ssl=1 1200w,https:\/\/i2.wp.com\/2020-barcelona.publishers.wordcamp.org\/files\/2019\/11\/entrada.jpg?strip=info&#038;w=1306&#038;ssl=1 1306w\" alt=\"Nave principal del vest\u00edbulo de entrada\" data-height=\"864\" data-id=\"159\" data-link=\"https:\/\/2020-barcelona.publishers.wordcamp.org\/entrada\/\" data-url=\"https:\/\/2020-barcelona.publishers.wordcamp.org\/files\/2019\/11\/entrada.jpg\" data-width=\"1306\" src=\"https:\/\/i2.wp.com\/2020-barcelona.publishers.wordcamp.org\/files\/2019\/11\/entrada.jpg?ssl=1\" \/><\/figure><\/div><\/div><div class=\"tiled-gallery__row\"><div class=\"tiled-gallery__col\"><figure class=\"tiled-gallery__item\"><img decoding=\"async\" srcset=\"https:\/\/i0.wp.com\/2020-barcelona.publishers.wordcamp.org\/files\/2019\/11\/paranimf.jpg?strip=info&#038;w=600&#038;ssl=1 600w,https:\/\/i0.wp.com\/2020-barcelona.publishers.wordcamp.org\/files\/2019\/11\/paranimf.jpg?strip=info&#038;w=900&#038;ssl=1 900w,https:\/\/i0.wp.com\/2020-barcelona.publishers.wordcamp.org\/files\/2019\/11\/paranimf.jpg?strip=info&#038;w=1200&#038;ssl=1 1200w,https:\/\/i0.wp.com\/2020-barcelona.publishers.wordcamp.org\/files\/2019\/11\/paranimf.jpg?strip=info&#038;w=1203&#038;ssl=1 1203w\" alt=\"Vista general del Paranimf de la Universitat de Barcelona desde la entrada principal\" data-height=\"800\" data-id=\"158\" data-link=\"https:\/\/2020-barcelona.publishers.wordcamp.org\/paranimf\/\" data-url=\"https:\/\/2020-barcelona.publishers.wordcamp.org\/files\/2019\/11\/paranimf.jpg\" data-width=\"1203\" src=\"https:\/\/i0.wp.com\/2020-barcelona.publishers.wordcamp.org\/files\/2019\/11\/paranimf.jpg?ssl=1\" \/><\/figure><figure class=\"tiled-gallery__item\"><img decoding=\"async\" srcset=\"https:\/\/i1.wp.com\/2020-barcelona.publishers.wordcamp.org\/files\/2019\/11\/vista-aeria.jpg?strip=info&#038;w=600&#038;ssl=1 600w,https:\/\/i1.wp.com\/2020-barcelona.publishers.wordcamp.org\/files\/2019\/11\/vista-aeria.jpg?strip=info&#038;w=900&#038;ssl=1 900w,https:\/\/i1.wp.com\/2020-barcelona.publishers.wordcamp.org\/files\/2019\/11\/vista-aeria.jpg?strip=info&#038;w=1199&#038;ssl=1 1199w\" alt=\"Vista a\u00e9ria del Edifici Hist\u00f2ric de la Universitat de Barcelona\" data-height=\"800\" data-id=\"157\" data-link=\"https:\/\/2020-barcelona.publishers.wordcamp.org\/vista-aeria\/\" data-url=\"https:\/\/2020-barcelona.publishers.wordcamp.org\/files\/2019\/11\/vista-aeria.jpg\" data-width=\"1199\" src=\"https:\/\/i1.wp.com\/2020-barcelona.publishers.wordcamp.org\/files\/2019\/11\/vista-aeria.jpg?ssl=1\" \/><\/figure><\/div><div class=\"tiled-gallery__col\"><figure class=\"tiled-gallery__item\"><img decoding=\"async\" srcset=\"https:\/\/i2.wp.com\/2020-barcelona.publishers.wordcamp.org\/files\/2019\/11\/aula-magna.jpg?strip=info&#038;w=600&#038;ssl=1 600w,https:\/\/i2.wp.com\/2020-barcelona.publishers.wordcamp.org\/files\/2019\/11\/aula-magna.jpg?strip=info&#038;w=900&#038;ssl=1 900w,https:\/\/i2.wp.com\/2020-barcelona.publishers.wordcamp.org\/files\/2019\/11\/aula-magna.jpg?strip=info&#038;w=1200&#038;ssl=1 1200w\" alt=\"Aula Magna del Edificio Hist\u00f3rico de la Universidad de Barcelona\" data-height=\"796\" data-id=\"156\" data-link=\"https:\/\/2020-barcelona.publishers.wordcamp.org\/aula-magna\/\" data-url=\"https:\/\/2020-barcelona.publishers.wordcamp.org\/files\/2019\/11\/aula-magna.jpg\" data-width=\"1200\" src=\"https:\/\/i2.wp.com\/2020-barcelona.publishers.wordcamp.org\/files\/2019\/11\/aula-magna.jpg?ssl=1\" \/><\/figure><\/div><\/div><\/div><\/div>\n\n\n\n<p>Las salas y pasillos cuentan con techos altos y e iluminaci\u00f3n natural, lo que proporcionar\u00e1 un ambiente relajado y distendido durante todo el evento. <\/p>\n\n\n\n<p>Adem\u00e1s cuenta con un claustro central poblado de \u00e1rboles que har\u00e1 las delicias del tan apreciado \u00abpasilleo\u00bb. <\/p>\n\n\n\n<h2 class=\"wp-block-heading\">C\u00f3mo llegar<\/h2>\n\n\n\n<p>La direcci\u00f3n exacta del <strong>Edificio Hist\u00f3rico de la Universidad de Barcelona<\/strong> es: <\/p>\n\n\n\n<p class=\"has-text-align-center\"><strong>Gran Via de les Corts Catalanes, 585<\/strong> <\/p>\n\n\n\n<p class=\"has-text-align-center\">(<a rel=\"noreferrer noopener\" href=\"https:\/\/goo.gl\/maps\/CSFa3EjwEe1SrJJPA\" target=\"_blank\">enlace a Google Maps<\/a>)<\/p>\n\n\n\n<div class=\"googlemaps\">\n\t\t\t\t<iframe loading=\"lazy\" width=\"1200\" height=\"600\" frameborder=\"0\" scrolling=\"no\" marginheight=\"0\" marginwidth=\"0\"  src=\"https:\/\/www.google.com\/maps\/embed?pb=!1m14!1m8!1m3!1d2993.4296962910726!2d2.1637288!3d41.3864738!3m2!1i1024!2i768!4f13.1!3m3!1m2!1s0x12a4a2f34cbed9d3:0xba3e12058122ec95!2sUniversidad%20de%20Barcelona!5e0!3m2!1ses!2ses!4v1579804068885!5m2!1ses!2ses\"><\/iframe>\n\t\t\t<\/div>\n\n\n\n<h3 class=\"wp-block-heading\">Desde el aeropuerto de Barcelona-El Prat Josep Tarradellas<\/h3>\n\n\n\n<p>Opciones en orden de recomendaci\u00f3n:<\/p>\n\n\n\n<h4 class=\"wp-block-heading\">1. Aerobus: <\/h4>\n\n\n\n<p>Compa\u00f1\u00eda de autobuses que realiza trayectos semidirectos <strong>cada 5-10 minutos<\/strong> entre la terminales 1 y 2 y Plaza Catalu\u00f1a. <\/p>\n\n\n\n<p>Cuenta con una parada en Plaza Universitat  (frente al Edificio Hist\u00f3rico de la Universidad de Barcelona) en el trayecto de entrada a la ciudad. <\/p>\n\n\n\n<p>El trayecto dura <strong>35 minutos<\/strong> y el precio del billete individual es 5,9\u20ac. <\/p>\n\n\n\n<p>Echa un ojo a su <a href=\"https:\/\/www.aerobusbcn.com\/es\/horarios\" target=\"_blank\" rel=\"noreferrer noopener\" aria-label=\"p\u00e1gina web (abre en una nueva pesta\u00f1a)\">p\u00e1gina web<\/a> para conocer m\u00e1s detalles. <\/p>\n\n\n\n<h4 class=\"wp-block-heading\">2. Metro: <\/h4>\n\n\n\n<p><strong>L9S<\/strong> (l\u00ednea naranja, 11-12 paradas desde Aeroport T1\/T2 hasta Torrosa, ) <strong>+ L1<\/strong> (l\u00ednea roja, 8 paradas de Torrosa a Universitat).<\/p>\n\n\n\n<p>Salen <strong>cada 9 minutos<\/strong> en horario de apertura de metro.  <\/p>\n\n\n\n<p>Consulta la <a rel=\"noreferrer noopener\" aria-label=\"web de transportes de Barcelona (abre en una nueva pesta\u00f1a)\" href=\"https:\/\/www.tmb.cat\/es\/transporte-barcelona\/mapa\/metro\" target=\"_blank\">web de transportes de Barcelona<\/a> para m\u00e1s informaci\u00f3n sobre horarios, l\u00edneas y precios.<\/p>\n\n\n\n<h4 class=\"wp-block-heading\">3. Tren: <\/h4>\n\n\n\n<p>L\u00ednea <strong>R2N<\/strong> (desde Aeroport T2 a Paseo de Gracia, estaci\u00f3n) + 11 minutos a pie (1 km). <\/p>\n\n\n\n<p>Salen <strong>cada 30 minutos<\/strong> en horario diurno.<\/p>\n\n\n\n<p>Para m\u00e1s informaci\u00f3n sobre paradas y horarios consulta la <a href=\"http:\/\/rodalies.gencat.cat\/es\/linies_estacions_i_trens\/index.html?linia=r2n\" target=\"_blank\" rel=\"noreferrer noopener\" aria-label=\"web de Renfe (abre en una nueva pesta\u00f1a)\">web de Renfe<\/a>. <\/p>\n\n\n\n<h3 class=\"wp-block-heading\">Desde la estaci\u00f3n de trenes Barcelona-Sants <\/h3>\n\n\n\n<h4 class=\"wp-block-heading\">Metro:<\/h4>\n\n\n\n<p><strong>L1<\/strong> (l\u00ednea roja, 5 paradas de Pla\u00e7a de Sants a Universitat).<\/p>\n\n\n\n<p>Salen <strong>cada 3-5 minutos<\/strong> en horario de apertura de metro.  <\/p>\n\n\n\n<p>Consulta la <a rel=\"noreferrer noopener\" aria-label=\"web de transportes de Barcelona (abre en una nueva pesta\u00f1a)\" href=\"https:\/\/www.tmb.cat\/es\/transporte-barcelona\/mapa\/metro\" target=\"_blank\">web de transportes de Barcelona<\/a> para m\u00e1s informaci\u00f3n sobre horarios y precios.<\/p>\n","protected":false},"excerpt":{"rendered":"<p>La WordCamp Barcelona 2020 tendr\u00e1 lugar en el Edificio Hist\u00f3rico de la Universidad de Barcelona, ubicado en la Gran Via de les Corts Catalanes, 585, muy cerca de Plaza Catalu\u00f1a (enlace a Google Maps). Un edificio hist\u00f3rico para una WordCamp que pasar\u00e1 a la historia \ud83d\ude09 Construido entre 1863 y 1889, este edificio de estilo [&hellip;]<\/p>\n","protected":false},"author":9330583,"featured_media":0,"parent":116,"menu_order":30,"comment_status":"closed","ping_status":"closed","template":"templates\/template-full-width.php","meta":{"jetpack_post_was_ever_published":false,"footnotes":""},"class_list":["post-151","page","type-page","status-publish","hentry"],"jetpack_sharing_enabled":true,"_links":{"self":[{"href":"https:\/\/barcelona.wordcamp.org\/2020\/wp-json\/wp\/v2\/pages\/151","targetHints":{"allow":["GET"]}}],"collection":[{"href":"https:\/\/barcelona.wordcamp.org\/2020\/wp-json\/wp\/v2\/pages"}],"about":[{"href":"https:\/\/barcelona.wordcamp.org\/2020\/wp-json\/wp\/v2\/types\/page"}],"author":[{"embeddable":true,"href":"https:\/\/barcelona.wordcamp.org\/2020\/wp-json\/wp\/v2\/users\/9330583"}],"replies":[{"embeddable":true,"href":"https:\/\/barcelona.wordcamp.org\/2020\/wp-json\/wp\/v2\/comments?post=151"}],"version-history":[{"count":6,"href":"https:\/\/barcelona.wordcamp.org\/2020\/wp-json\/wp\/v2\/pages\/151\/revisions"}],"predecessor-version":[{"id":399,"href":"https:\/\/barcelona.wordcamp.org\/2020\/wp-json\/wp\/v2\/pages\/151\/revisions\/399"}],"up":[{"embeddable":true,"href":"https:\/\/barcelona.wordcamp.org\/2020\/wp-json\/wp\/v2\/pages\/116"}],"wp:attachment":[{"href":"https:\/\/barcelona.wordcamp.org\/2020\/wp-json\/wp\/v2\/media?parent=151"}],"curies":[{"name":"wp","href":"https:\/\/api.w.org\/{rel}","templated":true}]}}