{"id":123,"date":"2019-11-16T17:24:36","date_gmt":"2019-11-16T16:24:36","guid":{"rendered":"https:\/\/2020-barcelona.publishers.wordcamp.org\/?page_id=123"},"modified":"2020-02-20T11:30:41","modified_gmt":"2020-02-20T10:30:41","slug":"codi-de-conducta","status":"publish","type":"page","link":"https:\/\/barcelona.wordcamp.org\/2020\/ca\/codi-de-conducta\/","title":{"rendered":"Codi de Conducta"},"content":{"rendered":"\n<h2 class=\"wp-block-heading\">Prop\u00f2sit<\/h2>\n\n\n\n<p>WordCamp Barcelona 2020 creu en una comunitat oberta a tot el m\u00f3n. Com a tal, estem compromesos en proporcionar un ambient amigable, segur i acollidor per a tothom, independentment del seu sexe, orientaci\u00f3 sexual, discapaitats, \u00e8tnia, religi\u00f3, sistema operatiu preferit, llenguatge de programaci\u00f3 o editor de text. <\/p>\n\n\n\n<p>Aquest codi de conducta resumeix totes les nostres expectatives per al comportament dels participants, aix\u00ed com les conseq\u00fc\u00e8ncies d&#8217;un comportament inacceptable. <\/p>\n\n\n\n<p>Preguem a tots els patrocinadors, voluntaris, ponents, assistents i altres participants que ens ajudin a tenir una experi\u00e8ncia de l&#8217;esdeveniment segura i agradable per a tots.<\/p>\n\n\n\n<h2 class=\"wp-block-heading\">Ciutadania de codi obert<\/h2>\n\n\n\n<p>Un objectiu addicional d&#8217;aquest codi de conduta \u00e9s incrementar la ciutadania de codi obert encoratjant als participants a recon\u00e8ixer i enfortir les relacions d&#8217;all\u00f2 que fem i la comunitat en general. <\/p>\n\n\n\n<p>Tenint aix\u00f2 en ment, els organitzadors de la WordCamp Barcelona 2020 recolliran candidatures de ciutadans exemplars durant tot l&#8217;esdeveniment i els hi faran un reconeixement especial al lloc web. <\/p>\n\n\n\n<p>Si veus que alg\u00fa est\u00e0 fent un esfor\u00e7 extra per assegurar que la nostra comunitat resulti acollidora, amable i que anima a tots als participants a contribuir el m\u00e0xim possible, volem saber-ho. Pots nominar a qualsevol persona a la taula de registre o dient-ho a qualsevol membre de l&#8217;organitzaci\u00f3.<\/p>\n\n\n\n<h2 class=\"wp-block-heading\">Comportament esperat<\/h2>\n\n\n\n<ul class=\"wp-block-list\"><li>Ser considerat, respectu\u00f3s i col\u00b7laboratiu.<\/li><li>Abstindre&#8217;s de comportaments i discursos denigrants, discriminatoris o d&#8217;assetjament.<\/li><li>Ser conscient de l&#8217;entorn i dels companys participants. Alerta als organitzadors si veus una situaci\u00f3 perillosa o alg\u00fa en problemes.<\/li><li>Participa d&#8217;una manera aut\u00e8ntica i activa. En fer-ho, est\u00e0s ajudant a qu\u00e8 la WordCamp Barcelona 2020 sigui possible.<\/li><\/ul>\n\n\n\n<h2 class=\"wp-block-heading\">Comportament inacceptable<\/h2>\n\n\n\n<p>Els comportaments inacceptables inclouen: intimidaci\u00f3, assetjaments, abusos i conductes discriminat\u00f2ries, despectives o denigrants per part de qualsevol assistent de la WordCamp Barcelona 2020 i esdeveniments relacionats. <\/p>\n\n\n\n<p>El lloc on es realitza la WordCamp Barcelona 2020 \u00e9s un lloc emblem\u00e0tic i pot ser visitat per altres persones; si us plau, sigues respectu\u00f3s amb tothom i amb el propi entorn. <\/p>\n\n\n\n<p>L&#8217;assetjament inclou: comentaris verbals ofensius relacionats amb el g\u00e8nere, l&#8217;orientaci\u00f3 sexual, la ra\u00e7a, la religi\u00f3, les discapacitats; \u00fas poc apropiat de la nuesa i\/o imatges sexuals expl\u00edcites a llocs p\u00fablic (incloent-hi les diapositives d&#8217;una presentaci\u00f3); intimidaci\u00f3 deliberada, assetjament amb fotografia o gravaci\u00f3; interrupci\u00f3 continuada de xerrades i altres esdeveniments; i contacte f\u00edsic inapropiat i atenci\u00f3 sexual no desitjada.<\/p>\n\n\n\n<h2 class=\"wp-block-heading\">Conseq\u00fc\u00e8ncies d&#8217;un comportament inacceptable<\/h2>\n\n\n\n<p>El comportament inacceptable no es tolerar\u00e0, tan si \u00e9s dels assistents, organitzadors, personal local, patrocinadors o altres patrons dels llocs de la WordCamp Barcelona 2020. <\/p>\n\n\n\n<p>S&#8217;espera que tothom compleixi immediatament quan se li cridi l&#8217;atenci\u00f3 per un comportament inacceptable. <\/p>\n\n\n\n<p>Si un participant mostra una conducta inacceptable, els organitzadors de la confer\u00e8ncia poden prendre qualsevol acci\u00f3 que considerin oportuna, incloent-hi l&#8217;expulsi\u00f3 de la confer\u00e8ncia sense cap av\u00eds previ ni reemborsament.<\/p>\n\n\n\n<h2 class=\"wp-block-heading\">Qu\u00e8 fer si ets testimoni o objecte d&#8217;un comportament inacceptable?<\/h2>\n\n\n\n<p>Si et veus involucrat en un comportament inacceptable, ets testimoni de com ho pateix una altra persona o tens alguna preocupaci\u00f3, si us plau notifica-ho a algun organitzador de la confer\u00e8ncia tan aviat com sigui possible. <\/p>\n\n\n\n<p>L&#8217;equip de WordCamp Barcelona 2020 estar\u00e0 disponible per ajudar als participants a posar-se en contacte amb l&#8217;equip de seguretat o policia local, facilitar escorta o oferir qualsevol tipus d&#8217;ajuda a aquells que pateixin un comportament inacceptable perqu\u00e8 se sentin fora de perill durant la confer\u00e8ncia. <\/p>\n\n\n\n<p>Durant l&#8217;esdeveniment, els voluntaris aniran vestits d&#8217;una manera diferent a la resta d&#8217;assistents. Qualsevol voluntari pot posar-te en contacte amb un dels organitzadors de la confer\u00e8ncia. Tamb\u00e9 pots anar a la taula d&#8217;inscripcions del vest\u00edbul i demanar pels organitzadors.<\/p>\n\n\n\n<h2 class=\"wp-block-heading\">\u00c0mbits d&#8217;aplicaci\u00f3<\/h2>\n\n\n\n<p>Esperem que tots els participants de la confer\u00e8ncia(patrocinadors, voluntaris, ponents, assistents i altres convidats) compleixin el codi de conducta a totes les sales i esdeveniments relacionats amb la confer\u00e8ncia.<\/p>\n\n\n\n<h2 class=\"wp-block-heading\">Informaci\u00f3 de Contacte<\/h2>\n\n\n\n<p>Si necessites contactar amb nosaltres, <a href=\"https:\/\/2020.barcelona.wordcamp.org\/ca\/contacte\/\">a aquesta p\u00e0gina<\/a> trobar\u00e0s la informaci\u00f3 necess\u00e0ria.<\/p>\n\n\n\n<h2 class=\"wp-block-heading\">Llic\u00e8ncia i atribuci\u00f3<\/h2>\n\n\n\n<p>Aquest Codi de Conducta \u00e9s una copia directa de l&#8217;incre\u00efble treball d&#8217;Open Source Bridge, per\u00f2 posant-hi la informaci\u00f3 del nostre esdeveniment. Trobar\u00e0s la versi\u00f3 original a <a href=\"http:\/\/opensourcebridge.org\/about\/code-of-conduct\/\">Open Source Bridge Code of Conduct<\/a>, disponible sota una <a href=\"http:\/\/creativecommons.org\/licenses\/by-sa\/3.0\/\">Llic\u00e8ncia de Creative Commons Attribution-ShareAlike.<\/a><\/p>\n","protected":false},"excerpt":{"rendered":"<p>Prop\u00f2sit WordCamp Barcelona 2020 creu en una comunitat oberta a tot el m\u00f3n. Com a tal, estem compromesos en proporcionar un ambient amigable, segur i acollidor per a tothom, independentment del seu sexe, orientaci\u00f3 sexual, discapaitats, \u00e8tnia, religi\u00f3, sistema operatiu preferit, llenguatge de programaci\u00f3 o editor de text. Aquest codi de conducta resumeix totes les [&hellip;]<\/p>\n","protected":false},"author":9330583,"featured_media":0,"parent":118,"menu_order":100,"comment_status":"closed","ping_status":"closed","template":"templates\/template-full-width.php","meta":{"jetpack_post_was_ever_published":false,"footnotes":""},"class_list":["post-123","page","type-page","status-publish","hentry"],"jetpack_sharing_enabled":true,"_links":{"self":[{"href":"https:\/\/barcelona.wordcamp.org\/2020\/wp-json\/wp\/v2\/pages\/123","targetHints":{"allow":["GET"]}}],"collection":[{"href":"https:\/\/barcelona.wordcamp.org\/2020\/wp-json\/wp\/v2\/pages"}],"about":[{"href":"https:\/\/barcelona.wordcamp.org\/2020\/wp-json\/wp\/v2\/types\/page"}],"author":[{"embeddable":true,"href":"https:\/\/barcelona.wordcamp.org\/2020\/wp-json\/wp\/v2\/users\/9330583"}],"replies":[{"embeddable":true,"href":"https:\/\/barcelona.wordcamp.org\/2020\/wp-json\/wp\/v2\/comments?post=123"}],"version-history":[{"count":6,"href":"https:\/\/barcelona.wordcamp.org\/2020\/wp-json\/wp\/v2\/pages\/123\/revisions"}],"predecessor-version":[{"id":392,"href":"https:\/\/barcelona.wordcamp.org\/2020\/wp-json\/wp\/v2\/pages\/123\/revisions\/392"}],"up":[{"embeddable":true,"href":"https:\/\/barcelona.wordcamp.org\/2020\/wp-json\/wp\/v2\/pages\/118"}],"wp:attachment":[{"href":"https:\/\/barcelona.wordcamp.org\/2020\/wp-json\/wp\/v2\/media?parent=123"}],"curies":[{"name":"wp","href":"https:\/\/api.w.org\/{rel}","templated":true}]}}