{"id":118,"date":"2019-11-16T17:22:14","date_gmt":"2019-11-16T16:22:14","guid":{"rendered":"https:\/\/2020-barcelona.publishers.wordcamp.org\/?page_id=118"},"modified":"2020-02-24T18:39:02","modified_gmt":"2020-02-24T17:39:02","slug":"ca","status":"publish","type":"page","link":"https:\/\/barcelona.wordcamp.org\/2020\/ca\/","title":{"rendered":"WordCamp per a Creadors de Continguts"},"content":{"rendered":"\n<p class=\"has-text-align-center has-large-font-size\"><strong>Barcelona, 23-24 Octubre 2020<\/strong><\/p>\n\n\n\n<h2 class=\"wp-block-heading\"><strong>Tu tamb\u00e9 et comuniques mitjan\u00e7ant la web?<\/strong><\/h2>\n\n\n\n<ul class=\"wp-block-list\"><li>Paraules, imatges, podcasts, v\u00eddeos.<\/li><li>Entrades de bloc, posts a mida, <em>landings<\/em>.&nbsp;<\/li><li>Serveis, infoproductes, cursos online\u2026&nbsp;<\/li><\/ul>\n\n\n\n<p>Si sovint fas clic al bot\u00f3 de&nbsp; \u00abPublicar\u00bb, tens una cita diferent amb la comunitat de WordPress els propers 23 i 24 d\u2019Octubre de 2020 a Barcelona:&nbsp;<\/p>\n\n\n\n<p class=\"has-text-align-center has-large-font-size\"><strong>La I WordCamp per a Creadors de Contingut.<\/strong><\/p>\n\n\n\n<h2 class=\"wp-block-heading\">\u00daltimes not\u00edcies<\/h2>\n\n\n<ul class=\"wp-block-latest-posts__list wp-block-latest-posts\"><li><a class=\"wp-block-latest-posts__post-title\" href=\"https:\/\/barcelona.wordcamp.org\/2020\/benvinguts-a-wordcamp-per-a-comunicadors-barcelona-2020\/\">Benvinguts a WordCamp per Creadors de Continguts Barcelona 2020<\/a><\/li>\n<\/ul>\n\n\n<h2 class=\"wp-block-heading\">Subscriu-te<\/h2>\n\n\n<div class=\"wp-block-jetpack-subscriptions__supports-newline wp-block-jetpack-subscriptions\">\n\t\t<div>\n\t\t\t<div>\n\t\t\t\t<div>\n\t\t\t\t\t<p >\n\t\t\t\t\t\t<a href=\"https:\/\/barcelona.wordcamp.org\/2020\/?post_type=page&#038;p=118\" style=\"font-size: 16px;padding: 15px 23px 15px 23px;margin: 0; margin-left: 10px;border-radius: 0px;border-width: 1px; text-decoration: none; white-space: nowrap; margin-left: 0\"> Subscriu-te<\/a>\n\t\t\t\t\t<\/p>\n\t\t\t\t<\/div>\n\t\t\t<\/div>\n\t\t<\/div>\n\t<\/div>","protected":false},"excerpt":{"rendered":"<p>Barcelona, 23-24 Octubre 2020 Tu tamb\u00e9 et comuniques mitjan\u00e7ant la web? Paraules, imatges, podcasts, v\u00eddeos. Entrades de bloc, posts a mida, landings.&nbsp; Serveis, infoproductes, cursos online\u2026&nbsp; Si sovint fas clic al bot\u00f3 de&nbsp; \u00abPublicar\u00bb, tens una cita diferent amb la comunitat de WordPress els propers 23 i 24 d\u2019Octubre de 2020 a Barcelona:&nbsp; La I [&hellip;]<\/p>\n","protected":false},"author":9330583,"featured_media":0,"parent":0,"menu_order":20,"comment_status":"closed","ping_status":"closed","template":"","meta":{"jetpack_post_was_ever_published":false,"footnotes":""},"class_list":["post-118","page","type-page","status-publish","hentry"],"jetpack_sharing_enabled":true,"_links":{"self":[{"href":"https:\/\/barcelona.wordcamp.org\/2020\/wp-json\/wp\/v2\/pages\/118","targetHints":{"allow":["GET"]}}],"collection":[{"href":"https:\/\/barcelona.wordcamp.org\/2020\/wp-json\/wp\/v2\/pages"}],"about":[{"href":"https:\/\/barcelona.wordcamp.org\/2020\/wp-json\/wp\/v2\/types\/page"}],"author":[{"embeddable":true,"href":"https:\/\/barcelona.wordcamp.org\/2020\/wp-json\/wp\/v2\/users\/9330583"}],"replies":[{"embeddable":true,"href":"https:\/\/barcelona.wordcamp.org\/2020\/wp-json\/wp\/v2\/comments?post=118"}],"version-history":[{"count":12,"href":"https:\/\/barcelona.wordcamp.org\/2020\/wp-json\/wp\/v2\/pages\/118\/revisions"}],"predecessor-version":[{"id":949,"href":"https:\/\/barcelona.wordcamp.org\/2020\/wp-json\/wp\/v2\/pages\/118\/revisions\/949"}],"wp:attachment":[{"href":"https:\/\/barcelona.wordcamp.org\/2020\/wp-json\/wp\/v2\/media?parent=118"}],"curies":[{"name":"wp","href":"https:\/\/api.w.org\/{rel}","templated":true}]}}