{"id":116,"date":"2019-11-16T17:21:32","date_gmt":"2019-11-16T16:21:32","guid":{"rendered":"https:\/\/2020-barcelona.publishers.wordcamp.org\/?page_id=116"},"modified":"2020-02-24T18:40:40","modified_gmt":"2020-02-24T17:40:40","slug":"es","status":"publish","type":"page","link":"https:\/\/barcelona.wordcamp.org\/2020\/es\/","title":{"rendered":"WordCamp para Creadores de Contenido"},"content":{"rendered":"\n<p class=\"has-text-align-center has-large-font-size\"><strong>Barcelona, 23-24 Octubre 2020<\/strong><\/p>\n\n\n\n<h2 class=\"wp-block-heading\"><strong>\u00bfT\u00fa tambi\u00e9n te comunicas a trav\u00e9s de la web?<\/strong><\/h2>\n\n\n\n<ul class=\"wp-block-list\"><li>Palabras, im\u00e1genes, podcasts, v\u00eddeos. <\/li><li>Entradas de blog, posts a medida, <em>landings<\/em>. <\/li><li>Servicios, infoproductos, cursos online&#8230; <\/li><\/ul>\n\n\n\n<p>Si pinchas a menudo en el bot\u00f3n de \u00abPublicar\u00bb, tienes una cita diferente con la comunidad de WordPress el pr\u00f3ximo 23 y 24 de Octubre 2020 en Barcelona: <\/p>\n\n\n\n<p class=\"has-text-align-center has-large-font-size\"><strong>La I WordCamp para Creadores de Contenido<\/strong>.<\/p>\n\n\n\n<h2 class=\"wp-block-heading\">\u00daltimas noticias<\/h2>\n\n\n<ul class=\"wp-block-latest-posts__list wp-block-latest-posts\"><li><a class=\"wp-block-latest-posts__post-title\" href=\"https:\/\/barcelona.wordcamp.org\/2020\/bienvenidos-a-wordcamp-para-comunicadores-barcelona-2020\/\">Bienvenidos a WordCamp para Creadores de Contenido Barcelona 2020<\/a><\/li>\n<\/ul>\n\n\n<h2 class=\"wp-block-heading\">Suscr\u00edbete<\/h2>\n\n\n<div class=\"wp-block-jetpack-subscriptions__supports-newline wp-block-jetpack-subscriptions\">\n\t\t<div>\n\t\t\t<div>\n\t\t\t\t<div>\n\t\t\t\t\t<p >\n\t\t\t\t\t\t<a href=\"https:\/\/barcelona.wordcamp.org\/2020\/?post_type=page&#038;p=116\" style=\"font-size: 16px;padding: 15px 23px 15px 23px;margin: 0; margin-left: 10px;border-radius: 0px;border-width: 1px; text-decoration: none; white-space: nowrap; margin-left: 0\">SUscr\u00cdbete<\/a>\n\t\t\t\t\t<\/p>\n\t\t\t\t<\/div>\n\t\t\t<\/div>\n\t\t<\/div>\n\t<\/div>\n\n\n<p><\/p>\n","protected":false},"excerpt":{"rendered":"<p>Barcelona, 23-24 Octubre 2020 \u00bfT\u00fa tambi\u00e9n te comunicas a trav\u00e9s de la web? Palabras, im\u00e1genes, podcasts, v\u00eddeos. Entradas de blog, posts a medida, landings. Servicios, infoproductos, cursos online&#8230; Si pinchas a menudo en el bot\u00f3n de \u00abPublicar\u00bb, tienes una cita diferente con la comunidad de WordPress el pr\u00f3ximo 23 y 24 de Octubre 2020 en [&hellip;]<\/p>\n","protected":false},"author":9330583,"featured_media":0,"parent":0,"menu_order":10,"comment_status":"closed","ping_status":"closed","template":"","meta":{"jetpack_post_was_ever_published":false,"footnotes":""},"class_list":["post-116","page","type-page","status-publish","hentry"],"jetpack_sharing_enabled":true,"_links":{"self":[{"href":"https:\/\/barcelona.wordcamp.org\/2020\/wp-json\/wp\/v2\/pages\/116","targetHints":{"allow":["GET"]}}],"collection":[{"href":"https:\/\/barcelona.wordcamp.org\/2020\/wp-json\/wp\/v2\/pages"}],"about":[{"href":"https:\/\/barcelona.wordcamp.org\/2020\/wp-json\/wp\/v2\/types\/page"}],"author":[{"embeddable":true,"href":"https:\/\/barcelona.wordcamp.org\/2020\/wp-json\/wp\/v2\/users\/9330583"}],"replies":[{"embeddable":true,"href":"https:\/\/barcelona.wordcamp.org\/2020\/wp-json\/wp\/v2\/comments?post=116"}],"version-history":[{"count":12,"href":"https:\/\/barcelona.wordcamp.org\/2020\/wp-json\/wp\/v2\/pages\/116\/revisions"}],"predecessor-version":[{"id":951,"href":"https:\/\/barcelona.wordcamp.org\/2020\/wp-json\/wp\/v2\/pages\/116\/revisions\/951"}],"wp:attachment":[{"href":"https:\/\/barcelona.wordcamp.org\/2020\/wp-json\/wp\/v2\/media?parent=116"}],"curies":[{"name":"wp","href":"https:\/\/api.w.org\/{rel}","templated":true}]}}