{"id":19,"date":"2017-08-01T08:50:42","date_gmt":"2017-08-01T06:50:42","guid":{"rendered":"https:\/\/2018.barcelona.wordcamp.org\/code-of-conduct\/"},"modified":"2018-08-31T15:39:41","modified_gmt":"2018-08-31T13:39:41","slug":"codigo-de-conducta","status":"publish","type":"page","link":"https:\/\/barcelona.wordcamp.org\/2018\/informacion\/codigo-de-conducta\/","title":{"rendered":"C\u00f3digo de conducta"},"content":{"rendered":"<p style=\"text-align: right\"><a href=\"#catala\"><em>Llegeix-lo en catal\u00e0<\/em><\/a><\/p>\n<ol>\n<li>\n<h3>Prop\u00f3sito<\/h3>\n<p>WordCamp Barcelona cree en una comunidad abierta a todo el mundo. Como tal, estamos comprometidos a proporcionar un ambiente amigable, seguro y acogedor para todos independientemente de su sexo, orientaci\u00f3n sexual, discapacidad, etnia, religi\u00f3n, sistema operativo preferido, lenguaje de programaci\u00f3n o editor de texto.<\/p>\n<p>Este c\u00f3digo de conducta resume nuestras expectativas para el comportamiento de los participantes, as\u00ed como las consecuencias para el comportamiento inaceptable.<\/p>\n<p>Instamos a todos los patrocinadores, voluntarios, ponentes, asistentes y otros participantes para ayudar a tener una experiencia de evento segura y agradable para todos.<\/li>\n<li>\n<h3>Open Source Citizenship<\/h3>\n<p>Un objetivo adicional de este c\u00f3digo de conducta es incrementar la ciudadan\u00eda de c\u00f3digo abierto alentando a los participantes a reconocer y fortalecer las relaciones entre lo que hacemos y la comunidad en general.<\/p>\n<p>En el servicio de este objetivo, los organizadores de WordCamp Barcelona recoger\u00e1n candidaturas de ciudadanos ejemplares a lo largo de todo el evento y reconocer\u00e1n selectos participantes despu\u00e9s de la conferencia en el sitio web.<\/p>\n<p>Si ves a alguien que est\u00e1 haciendo un esfuerzo extra para asegurar que nuestra comunidad resulte acogedora, amable, y que anima a todos los participantes a contribuir en la mayor medida posible, lo queremos saber.<\/p>\n<p>Puedes nominar a alguien en la mesa de registro o dici\u00e9ndolo a alg\u00fan miembro de la organizaci\u00f3n.<\/li>\n<li>\n<h3>Comportamiento esperado<\/h3>\n<ul>\n<li>Ser considerado, respetuoso y colaborativo.<\/li>\n<li>Abstenerse de comportamientos y discursos degradantes, discriminatorios o de acoso.<\/li>\n<li>Ser consciente del entorno y de tus compa\u00f1eros participantes. Alerta a los organizadores si observas una situaci\u00f3n peligrosa o alguien en apuros.<\/li>\n<li>Participa de una manera aut\u00e9ntica y activa. Al hacerlo, est\u00e1s ayudando a que WordCamp Barcelona sea una realidad.<\/li>\n<\/ul>\n<\/li>\n<li>\n<h3>Comportamiento inaceptable<\/h3>\n<p>Como comportamientos inaceptables se incluyen: intimidatorio, acosador, abusivo, conducta discriminatoria, despectiva o degradante por cualquier asistente de WordCamp Barcelona y eventos relacionados. El lugar donde se realiza WordCamp Barcelona es un lugar emblem\u00e1tico y puede ser compartido con otros visitantes; por favor, s\u00e9 respetuoso con todos los visitantes de este lugar y con el propio entorno.<\/p>\n<p>El acoso incluye: comentarios verbales ofensivos relacionados con el g\u00e9nero, la orientaci\u00f3n sexual, la raza, la religi\u00f3n, la discapacidad; uso inadecuado de desnudez y\/o im\u00e1genes sexuales en espacios p\u00fablicos (incluyendo diapositivas de la presentaci\u00f3n); intimidaci\u00f3n deliberada, acecho o acosar con fotograf\u00eda o grabaci\u00f3n; interrupci\u00f3n sostenida de charlas y otros eventos; contacto f\u00edsico inapropiado y atenci\u00f3n sexual no deseada.<\/li>\n<li>\n<h3>Consecuencias de un comportamiento inaceptable<\/h3>\n<p>El comportamiento inaceptable no ser\u00e1 tolerado sea por los asistentes, organizadores, personal local, patrocinadores u otros patronos de lugares WordCamp Barcelona.<\/p>\n<p>Se espera que cualquiera cumpla inmediatamente en caso de que se le llame a la atenci\u00f3n por un comportamiento inaceptable.<\/p>\n<p>Si un participante se involucra en una conducta inaceptable, los organizadores de la conferencia pueden tomar cualquier acci\u00f3n que consideren apropiada, inclusive la expulsi\u00f3n de la conferencia sin previo aviso o reembolso.<\/li>\n<li>\n<h3>\u00bfQu\u00e9 hacer si eres testigo u objeto de un comportamiento inaceptable?<\/h3>\n<p>Si est\u00e1s involucrado en un comportamiento inaceptable, eres testigo de otra persona con dicho comportamiento o tienes otras preocupaciones, por favor notif\u00edcalo a un organizador de la conferencia tan pronto como sea posible.<\/p>\n<p>El equipo de WordCamp Barcelona estar\u00e1 disponible para ayudar a los participantes a ponerse en contacto con el equipo de seguridad local o para ofrecer cualquier tipo de ayuda a aquellos que experimentan un comportamiento inaceptable.<\/p>\n<p>Durante el evento, los voluntarios vestir\u00e1n diferente al resto de asistentes. Cualquier voluntario puede ponerte en contacto con un organizador de la conferencia. Tambi\u00e9n puedes venir a la mesa de inscripci\u00f3n en el vest\u00edbulo y preguntar por los organizadores.<\/li>\n<li>\n<h3>\u00c1mbito de aplicaci\u00f3n<\/h3>\n<p>Esperamos que todos los participantes de la conferencia (patrocinadores, voluntarios, ponentes, asistentes y otros invitados) cumplan con el c\u00f3digo de conducta en todas las salas de conferencias y eventos relacionados con la conferencia.<\/li>\n<li>\n<h3>Informaci\u00f3n de Contacto<\/h3>\n<p>Si te ves en la necesidad de contactar con nosotros, <a href=\"https:\/\/2018.barcelona.wordcamp.org\/contacto\/\">esta p\u00e1gina<\/a> tiene toda la informaci\u00f3n necesaria.<\/li>\n<li>\n<h3>Licencia y atribuci\u00f3n<\/h3>\n<p>Este C\u00f3digo de Conducta es una copia directa del impresionante trabajo del Open Source Bridge, pero sustituido con nuestra informaci\u00f3n del evento. El original est\u00e1 disponible en<br \/>\n<a href=\"http:\/\/opensourcebridge.org\/about\/code-of-conduct\/\">http:\/\/opensourcebridge.org\/about\/code-of-conduct\/<\/a> y est\u00e1 liberado bajo una <a href=\"http:\/\/creativecommons.org\/licenses\/by-sa\/3.0\/\">Licencia de Creative Commons Attribution-ShareAlike.<\/a><\/li>\n<\/ol>\n<h1 id=\"catala\"><em>Versi\u00f3 en Catal\u00e0<\/em><br \/>\nCodi de conducta<\/h1>\n<ol>\n<li>\n<h3>Prop\u00f2sit<\/h3>\n<p>WordCamp Barcelona creu en una comunitat oberta a tot el m\u00f3n. Com a tal, estem compromesos en proporcionar un ambient amigable, segur i acollidor per a tothom, independentment del seu sexe, orientaci\u00f3 sexual, discapaitats, \u00e8tnia, religi\u00f3, sistema operatiu preferit, llenguatge de programaci\u00f3 o editor de text.<\/p>\n<p>Aquest codi de conducta resumeix totes les nostres expectatives per al comportament dels participants, aix\u00ed com les conseq\u00fc\u00e8ncies d&#8217;un comportament inacceptable.<\/p>\n<p>Preguem a tots els patrocinadors, voluntaris, ponents, assistents i altres participants que ens ajudin a tenir una experi\u00e8ncia de l&#8217;esdeveniment segura i agradable per a tots.<\/li>\n<li>\n<h3>Open Source Citizenship<\/h3>\n<p>Un objectiu addicional d&#8217;aquest codi de conduta \u00e9s incrementar la ciutadania de codi obert encoratjant als participants a recon\u00e8ixer i enfortir les relacions d&#8217;all\u00f2 que fem i la comunitat en general.<\/p>\n<p>Tenint aix\u00f2 en ment, els organitzadors de la WordCamp Barcelona recolliran candidatures de ciutadans exemplars durant tot l&#8217;esdeveniment i els hi faran un reconeixement especial al lloc web.<\/p>\n<p>Si veus que alg\u00fa est\u00e0 fent un esfor\u00e7 extra per assegurar que la nostra comunitat resulti acollidora, amable i que anima a tots als participants a contribuir el m\u00e0xim possible, volem saber-ho.<\/p>\n<p>Pots nominar a qualsevol persona a la taula de registre o dient-ho a qualsevol membre de l&#8217;organitzaci\u00f3.<\/li>\n<li>\n<h3>Comportament esperat<\/h3>\n<ul>\n<li>Ser considerat, respectu\u00f3s i col\u00b7laboratiu.<\/li>\n<li>Abstindre&#8217;s de comportaments i discursos denigrants, discriminatoris o d&#8217;assetjament.<\/li>\n<li>Ser conscient de l&#8217;entorn i dels companys participants. Alerta als organitzadors si veus una situaci\u00f3 perillosa o alg\u00fa en problemes.<\/li>\n<li>Participa d&#8217;una manera aut\u00e8ntica i activa. En fer-ho, est\u00e0s ajudant a qu\u00e8 la WordCamp Barcelona sigui possible.<\/li>\n<\/ul>\n<\/li>\n<li>\n<h3>Comportament inacceptable<\/h3>\n<p>Els comportaments inacceptables inclouen: intimidaci\u00f3, assetjaments, abusos i conductes discriminat\u00f2ries, despectives o denigrants per part de qualsevol assistent de la WordCamp Barcelona i esdeveniments relacionats. El lloc on es realitza la WordCamp Barcelona \u00e9s un lloc emblem\u00e0tic i pot ser visitat per altres persones; si us plau, sigues respectu\u00f3s amb tothom i amb el propi entorn.<\/p>\n<p>L&#8217;assetjament inclou: comentaris verbals ofensius relacionats amb el g\u00e8nere, l&#8217;orientaci\u00f3 sexual, la ra\u00e7a, la religi\u00f3, les discapacitats; \u00fas poc apropiat de la nuesa i\/o imatges sexuals expl\u00edcites a llocs p\u00fablic (incloent-hi les diapositives d&#8217;una presentaci\u00f3); intimidaci\u00f3 deliberada, assetjament amb fotografia o gravaci\u00f3; interrupci\u00f3 continuada de xerrades i altres esdeveniments; i contacte f\u00edsic inapropiat i atenci\u00f3 sexual no desitjada.<\/li>\n<li>\n<h3>Conseq\u00fc\u00e8ncies d&#8217;un comportament inacceptable<\/h3>\n<p>El comportament inacceptable no es tolerar\u00e0, tan si \u00e9s dels assistents, organitzadors, personal local, patrocinadors o altres patrons dels llocs de la WordCamp Barcelona.<\/p>\n<p>S&#8217;espera que tothom compleixi immediatament quan se li cridi l&#8217;atenci\u00f3 per un comportament inacceptable.<\/p>\n<p>Si un participant mostra una conducta inacceptable, els organitzadors de la confer\u00e8ncia poden prendre qualsevol acci\u00f3 que considerin oportuna, incloent-hi l&#8217;expulsi\u00f3 de la confer\u00e8ncia sense cap av\u00eds previ ni reemborsament.<\/li>\n<li>\n<h3>Qu\u00e8 fer si ets testimoni o objecte d&#8217;un comportament inacceptable?<\/h3>\n<p>Si et veus involucrat en un comportament inacceptable, ets testimoni de com ho pateix una altra persona o tens alguna preocupaci\u00f3, si us plau notifica-ho a algun organitzador de la confer\u00e8ncia tan aviat com sigui possible.<\/p>\n<p>L&#8217;equip de WordCamp Barcelona estar\u00e0 disponible per ajudar als participants a posar-se en contacte amb l&#8217;equip de seguretat local o per a oferir qualsevol tipus d&#8217;ajuda a aquells que pateixin un comportament inacceptable.<\/p>\n<p>Durant l&#8217;esdeveniment, els voluntaris aniran vestits d&#8217;una manera diferent a la resta d&#8217;assistents. Qualsevol voluntari pot posar-te en contacte amb un dels organitzadors de la confer\u00e8ncia. Tamb\u00e9 pots anar a la taula d&#8217;inscripcions del vest\u00edbul i demanar pels organitzadors.<\/li>\n<li>\n<h3>\u00c0mbits d&#8217;aplicaci\u00f3<\/h3>\n<p>Esperem que tots els participants de la confer\u00e8ncia(patrocinadors, voluntaris, ponents, assistents i altres convidats) compleixin el codi de conducta a totes les sales i esdeveniments relacionats amb la confer\u00e8ncia.<\/li>\n<li>\n<h3>Informaci\u00f3 de Contacte<\/h3>\n<p>Si necessites contactar amb nosaltres, <a href=\"https:\/\/2018.barcelona.wordcamp.org\/contacto\/\">a aquesta p\u00e0gina<\/a> trobar\u00e0s la informaci\u00f3 necess\u00e0ria.<\/li>\n<li>\n<h3>Llic\u00e8ncia i atribuci\u00f3<\/h3>\n<p>Aquest Codi de Conducta \u00e9s una copia directa de l&#8217;incre\u00efble treball d&#8217;Open Source Bridge, per\u00f2 posant-hi la informaci\u00f3 del nostre esdeveniment. Trobar\u00e0s la versi\u00f3 original a <a href=\"http:\/\/opensourcebridge.org\/about\/code-of-conduct\/\">http:\/\/opensourcebridge.org\/about\/code-of-conduct\/<\/a>, disponible sota una <a href=\"http:\/\/creativecommons.org\/licenses\/by-sa\/3.0\/\">Llic\u00e8ncia de Creative Commons Attribution-ShareAlike.<\/a><\/li>\n<\/ol>\n","protected":false},"excerpt":{"rendered":"<p>Llegeix-lo en catal\u00e0 Prop\u00f3sito WordCamp Barcelona cree en una comunidad abierta a todo el mundo. Como tal, estamos comprometidos a proporcionar un ambiente amigable, seguro y acogedor para todos independientemente de su sexo, orientaci\u00f3n sexual, discapacidad, etnia, religi\u00f3n, sistema operativo preferido, lenguaje de programaci\u00f3n o editor de texto. Este c\u00f3digo de conducta resume nuestras expectativas &hellip; <\/p>\n<p class=\"link-more\"><a href=\"https:\/\/barcelona.wordcamp.org\/2018\/informacion\/codigo-de-conducta\/\" class=\"more-link\">Continuar leyendo<span class=\"screen-reader-text\"> \u00abC\u00f3digo de conducta\u00bb<\/span><\/a><\/p>\n","protected":false},"author":14285518,"featured_media":0,"parent":168,"menu_order":50,"comment_status":"closed","ping_status":"closed","template":"","meta":{"jetpack_post_was_ever_published":false,"footnotes":""},"class_list":["post-19","page","type-page","status-publish","hentry"],"jetpack_sharing_enabled":true,"jetpack_shortlink":"https:\/\/wp.me\/P926FJ-j","_links":{"self":[{"href":"https:\/\/barcelona.wordcamp.org\/2018\/wp-json\/wp\/v2\/pages\/19","targetHints":{"allow":["GET"]}}],"collection":[{"href":"https:\/\/barcelona.wordcamp.org\/2018\/wp-json\/wp\/v2\/pages"}],"about":[{"href":"https:\/\/barcelona.wordcamp.org\/2018\/wp-json\/wp\/v2\/types\/page"}],"author":[{"embeddable":true,"href":"https:\/\/barcelona.wordcamp.org\/2018\/wp-json\/wp\/v2\/users\/14285518"}],"replies":[{"embeddable":true,"href":"https:\/\/barcelona.wordcamp.org\/2018\/wp-json\/wp\/v2\/comments?post=19"}],"version-history":[{"count":7,"href":"https:\/\/barcelona.wordcamp.org\/2018\/wp-json\/wp\/v2\/pages\/19\/revisions"}],"predecessor-version":[{"id":1012,"href":"https:\/\/barcelona.wordcamp.org\/2018\/wp-json\/wp\/v2\/pages\/19\/revisions\/1012"}],"up":[{"embeddable":true,"href":"https:\/\/barcelona.wordcamp.org\/2018\/wp-json\/wp\/v2\/pages\/168"}],"wp:attachment":[{"href":"https:\/\/barcelona.wordcamp.org\/2018\/wp-json\/wp\/v2\/media?parent=19"}],"curies":[{"name":"wp","href":"https:\/\/api.w.org\/{rel}","templated":true}]}}