{"id":168,"date":"2018-01-09T09:35:02","date_gmt":"2018-01-09T08:35:02","guid":{"rendered":"https:\/\/2018.barcelona.wordcamp.org\/?page_id=168"},"modified":"2018-08-31T15:40:56","modified_gmt":"2018-08-31T13:40:56","slug":"informacion","status":"publish","type":"page","link":"https:\/\/barcelona.wordcamp.org\/2018\/informacion\/","title":{"rendered":"Informaci\u00f3n"},"content":{"rendered":"<h3 style=\"text-align: right\"><em><a href=\"#catala\">Llegeix-la en Catal\u00e0<\/a><\/em><\/h3>\n<h3>\u00bfQU\u00c9 ES UNA WORDCAMP?<\/h3>\n<p>Las WordCamps son conferencias informales organizadas por miembros locales de la comunidad en las que se tratan temas relacionados con <a href=\"http:\/\/wordpress.org\/\">WordPress<\/a>, el software libre y de c\u00f3digo abierto utilizado por m\u00e1s de 75 millones de sitios web para la publicaci\u00f3n de contenido.<\/p>\n<p>Cualquier persona, desde usuarios puntuales a desarrolladores del Core, puede participar, compartir ideas y conocerse mutuamente. En una WordCamp aprender\u00e1s c\u00f3mo usar WordPress y c\u00f3mo crear contenidos y webs incre\u00edbles. \u00a1Pero eso no es todo! Tambi\u00e9n podr\u00e1s hacer networking con otros dise\u00f1adores, desarrolladores, propietarios de negocios, aut\u00f3nomos, blogueros, etc. Es un evento en el que podr\u00e1s aprender, conocer gente y, en definitiva, \u00a1pasarlo bien!<\/p>\n<p>Cada WordCamp es \u00fanica, pues depende de la comunidad local que la organiza, pero en general todas ellas incluyen sesiones sobre c\u00f3mo usar WordPress de forma m\u00e1s efectiva, c\u00f3mo iniciarse en el desarrollo de <a href=\"http:\/\/wordpress.org\/plugins\/\">plugins<\/a> y\u00a0 <a href=\"http:\/\/wordpress.org\/themes\/\">temas<\/a>, t\u00e9cnicas avanzadas, seguridad, etc. Para que te hagas una idea del tipo de sesiones que te encontrar\u00e1s en una WordCamp, echa un vistazo a <a href=\"http:\/\/wordpress.tv\/category\/wordcamptv\/\">WordCamp channel<\/a> en <a href=\"http:\/\/wordpress.tv\/\">WordPress.tv<\/a>.<\/p>\n<p>La <a href=\"http:\/\/central.wordcamp.org\/wordcamps\/san-francisco-2006\/\">primera WordCamp<\/a> la organiz\u00f3 Matt Mullenweg en San Francisco el 2006. Desde entonces, las comunidades locales de alrededor del mundo han organizado <a href=\"http:\/\/central.wordcamp.org\/schedule\/\">m\u00e1s de 300 WordCamps<\/a> y confiamos en que el n\u00famero supere el millar durante los pr\u00f3ximos dos a\u00f1os.<\/p>\n<p><a href=\"http:\/\/central.wordcamp.org\/about\/\">M\u00e1s informaci\u00f3n sobre las WordCamps<\/a>.<\/p>\n<h2 class=\"entry-title\">\u00bfQU\u00c9 ES WORDPRESS?<\/h2>\n<p>WordPress empez\u00f3 en 2003 como un peque\u00f1o proyecto pensado para mejorar la tipograf\u00eda de la escritura diaria, con tan pocos usuarios que los podr\u00edas contar con los dedos de las manos y los pies. Desde entonces ha ido creciendo hasta convertirse en la mayor herramienta de blogs del mundo, dando forma a millones de sitios y siendo visto por decenas de millones de usuarios cada d\u00eda.<\/p>\n<p>WordPress naci\u00f3 del deseo de crear un sistema de publicaci\u00f3n personal que fuera elegante y tuviera una buena arquitectura. Est\u00e1 basado en\u00a0<abbr title=\"PHP: Hypertext Preprocessor\"><a href=\"http:\/\/php.net\/\">PHP<\/a><\/abbr> y <a href=\"http:\/\/mysql.com\/\">MySQL<\/a> y se distribuye bajo una licencia <abbr title=\"GNU Public License\"><a href=\"http:\/\/www.gnu.org\/copyleft\/gpl.html\">GPLv2<\/a><\/abbr>\u00a0(o posterior). Es el sucesor oficial de b2\/cafelog. WordPress es un software moderno, pero sus ra\u00edces y desarrollo se remontan hasta el 2001. Es un producto estable y maduro. Confiamos en que centr\u00e1ndonos en la experiencia de usuario y los <a href=\"http:\/\/webstandards.org\/\">est\u00e1ndares web<\/a> podremos crear una herramienta que sea diferente a todo lo dem\u00e1s.<\/p>\n<p><a href=\"http:\/\/wordpress.org\/about\/\">M\u00e1s sobre WordPress<\/a>.<\/p>\n<h1><em>Versi\u00f3 en catal\u00e0:<\/em><br \/>\nInformaci\u00f3<\/h1>\n<h3>QU\u00c8 \u00c9S UNA WORDCAMP?<\/h3>\n<p>Les WordCamps s\u00f3n confer\u00e8ncies informals organitzades per membres locals de la comunitat en qu\u00e8 es tracten temes relacionats amb el <a href=\"http:\/\/wordpress.org\/\">WordPress<\/a>, un programari de codi lliure o obert utilitzat per m\u00e9s de 75 milions de llocs web per a la publicaci\u00f3 de contingut.<\/p>\n<p>Qualsevol persona, des d&#8217;usuaris espor\u00e0dics a desenvolupadors del Core, poden participar-hi, compartir-hi idees i con\u00e8ixer-se m\u00fatuament. A una WordCamp aprendr\u00e0s com utilitzar el WordPress i com crear continguts i webs incre\u00efbles. Per\u00f2 no nom\u00e9s aix\u00f2! Tamb\u00e9 podr\u00e0s relacionar-te amb altres dissenyadors, desenvolupadors, propietaris de negocis, aut\u00f2noms, blocaires, etc. \u00c9s un esdeveniment on podr\u00e0s aprendre, con\u00e8ixer gent i, en definitiva, passar-ho d&#8217;all\u00f2 m\u00e9s b\u00e9!<\/p>\n<p>Cada WordCamp \u00e9s \u00fanica, ja que dep\u00e8n de la comunitat local que l&#8217;organitza, per\u00f2 en general totes ells tenen sessions sobre com utilitzar el WordPress de manera m\u00e9s efectiva, com comen\u00e7ar a desenvolupar <a href=\"http:\/\/wordpress.org\/plugins\/\">extensions<\/a> i\u00a0 <a href=\"http:\/\/wordpress.org\/themes\/\">temes<\/a>, t\u00e8cniques avan\u00e7ades, seguretat, etc. Per a qu\u00e8 et facis una idea de qu\u00e8 pots trobar-hi, fes un cop d&#8217;ull al <a href=\"http:\/\/wordpress.tv\/category\/wordcamptv\/\">WordCamp channel<\/a> a <a href=\"http:\/\/wordpress.tv\/\">WordPress.tv<\/a>.<\/p>\n<p>La <a href=\"http:\/\/central.wordcamp.org\/wordcamps\/san-francisco-2006\/\">primera WordCamp<\/a> la va organitzar el Matt Mullenweg a San Francisco el 2006. Des d&#8217;aleshores, les comunitats locals d&#8217;arreu han organitzat <a href=\"http:\/\/central.wordcamp.org\/schedule\/\">m\u00e9s de 300 WordCamps<\/a> i confiem en qu\u00e8 aquest nombre superi el miler en els propers dos anys.<\/p>\n<p><a href=\"http:\/\/central.wordcamp.org\/about\/\">M\u00e9s informaci\u00f3 sobre les WordCamps<\/a>.<\/p>\n<h2 class=\"entry-title\">QU\u00c8 \u00c9S EL WORDPRESS?<\/h2>\n<p>El WordPress va n\u00e9ixer l&#8217;any 2003 com a un petit projecte pensat en millorar la tipografia de l&#8217;escriptura di\u00e0ria, amb tants pocs usuaris que podries comptar-los amb els dits de les mans i els peus. Des de llavors ha anat creixent fins convertir-se en l&#8217;eina de blogs m\u00e9s gran del m\u00f3n, donant forma a milions de llocs web i sent visitada per desenes de milions d&#8217;usuaris diaris.<\/p>\n<p>El WordPress va n\u00e9ixer amb el desig de crear un sistema de publicaci\u00f3 personal que fos elegant i tingu\u00e9s una bona arquitectura. Est\u00e0 basat en <abbr title=\"PHP: Hypertext Preprocessor\"><a href=\"http:\/\/php.net\/\">PHP<\/a><\/abbr> i <a href=\"http:\/\/mysql.com\/\">MySQL<\/a> i es distribueix sota una llic\u00e8ncia <abbr title=\"GNU Public License\"><a href=\"http:\/\/www.gnu.org\/copyleft\/gpl.html\">GPLv2<\/a><\/abbr>\u00a0(o posterior). \u00c9s el successor oficial de b2\/cafelog. El WordPress \u00e9s un programari modern, per\u00f2 les seves arrels i desenvolupament es remunten fins l&#8217;any 2001. \u00c9s un producte estable i madur. Confiem en qu\u00e8 centrant-nos en l&#8217;experi\u00e8ncia d&#8217;usuari i els <a href=\"http:\/\/webstandards.org\/\">est\u00e0ndards web<\/a> podrem crear una eina diferent a la resta.<\/p>\n<p><a href=\"http:\/\/wordpress.org\/about\/\">M\u00e9s quant al WordPress<\/a>.<\/p>\n","protected":false},"excerpt":{"rendered":"<p>Llegeix-la en Catal\u00e0 \u00bfQU\u00c9 ES UNA WORDCAMP? Las WordCamps son conferencias informales organizadas por miembros locales de la comunidad en las que se tratan temas relacionados con WordPress, el software libre y de c\u00f3digo abierto utilizado por m\u00e1s de 75 millones de sitios web para la publicaci\u00f3n de contenido. Cualquier persona, desde usuarios puntuales a &hellip; <\/p>\n<p class=\"link-more\"><a href=\"https:\/\/barcelona.wordcamp.org\/2018\/informacion\/\" class=\"more-link\">Continuar leyendo<span class=\"screen-reader-text\"> \u00abInformaci\u00f3n\u00bb<\/span><\/a><\/p>\n","protected":false},"author":14285518,"featured_media":0,"parent":0,"menu_order":50,"comment_status":"closed","ping_status":"closed","template":"","meta":{"_crdt_document":"","jetpack_post_was_ever_published":false,"footnotes":""},"class_list":["post-168","page","type-page","status-publish","hentry"],"jetpack_sharing_enabled":true,"jetpack_shortlink":"https:\/\/wp.me\/P926FJ-2I","_links":{"self":[{"href":"https:\/\/barcelona.wordcamp.org\/2018\/wp-json\/wp\/v2\/pages\/168","targetHints":{"allow":["GET"]}}],"collection":[{"href":"https:\/\/barcelona.wordcamp.org\/2018\/wp-json\/wp\/v2\/pages"}],"about":[{"href":"https:\/\/barcelona.wordcamp.org\/2018\/wp-json\/wp\/v2\/types\/page"}],"author":[{"embeddable":true,"href":"https:\/\/barcelona.wordcamp.org\/2018\/wp-json\/wp\/v2\/users\/14285518"}],"replies":[{"embeddable":true,"href":"https:\/\/barcelona.wordcamp.org\/2018\/wp-json\/wp\/v2\/comments?post=168"}],"version-history":[{"count":3,"href":"https:\/\/barcelona.wordcamp.org\/2018\/wp-json\/wp\/v2\/pages\/168\/revisions"}],"predecessor-version":[{"id":1021,"href":"https:\/\/barcelona.wordcamp.org\/2018\/wp-json\/wp\/v2\/pages\/168\/revisions\/1021"}],"wp:attachment":[{"href":"https:\/\/barcelona.wordcamp.org\/2018\/wp-json\/wp\/v2\/media?parent=168"}],"curies":[{"name":"wp","href":"https:\/\/api.w.org\/{rel}","templated":true}]}}