{"id":165,"date":"2018-01-09T09:33:10","date_gmt":"2018-01-09T08:33:10","guid":{"rendered":"https:\/\/2018.barcelona.wordcamp.org\/?page_id=165"},"modified":"2018-11-05T16:20:29","modified_gmt":"2018-11-05T15:20:29","slug":"home","status":"publish","type":"page","link":"https:\/\/barcelona.wordcamp.org\/2018\/","title":{"rendered":"Home"},"content":{"rendered":"<p style=\"text-align: center\">\u00a1Estaremos encantados de verte en la WordCamp Barcelona el <strong>5 y 6 de octubre de 2018<\/strong>! Confiamos en que disfrutes de las charlas, el d\u00eda del contribuidor, la comida, los caf\u00e9s y, sobretodo, la gente que estar\u00e1n esper\u00e1ndote en este fant\u00e1stico evento.<\/p>\n<p style=\"text-align: center\"><em>Ens encantar\u00e0 veure&#8217;t a la WordCamp Barcelona els dies <strong>5 i 6 d&#8217;octubre del 2018<\/strong>! Confiem en qu\u00e8 gaudir\u00e0s de les xerrades, el dia del contribuidor, el menjar, els caf\u00e8s i, sobretot, la gent que hi haur\u00e0 en aquest fant\u00e0stic esdeveniment.<\/em><\/p>\n<ul>\n<li><a href=\"https:\/\/2018.barcelona.wordcamp.org\/2018\/11\/05\/vuestros-recuerdos-sobre-la-wordcamp-barcelona-2018\/\">Fotos y Recuerdos<\/a><\/li>\n<li><a href=\"https:\/\/2018.barcelona.wordcamp.org\/informacion\/ubicacion\/\">Ubicaci\u00f3n<\/a><\/li>\n<li><a href=\"https:\/\/2018.barcelona.wordcamp.org\/noticias\/\">\u00daltimas Noticias<\/a><\/li>\n<\/ul>\n","protected":false},"excerpt":{"rendered":"<p>\u00a1Estaremos encantados de verte en la WordCamp Barcelona el 5 y 6 de octubre de 2018! Confiamos en que disfrutes de las charlas, el d\u00eda del contribuidor, la comida, los caf\u00e9s y, sobretodo, la gente que estar\u00e1n esper\u00e1ndote en este fant\u00e1stico evento. Ens encantar\u00e0 veure&#8217;t a la WordCamp Barcelona els dies 5 i 6 d&#8217;octubre &hellip; <\/p>\n<p class=\"link-more\"><a href=\"https:\/\/barcelona.wordcamp.org\/2018\/\" class=\"more-link\">Continuar leyendo<span class=\"screen-reader-text\"> \u00abHome\u00bb<\/span><\/a><\/p>\n","protected":false},"author":14285518,"featured_media":0,"parent":0,"menu_order":10,"comment_status":"closed","ping_status":"closed","template":"","meta":{"jetpack_post_was_ever_published":false,"footnotes":""},"class_list":["post-165","page","type-page","status-publish","hentry"],"jetpack_sharing_enabled":true,"jetpack_shortlink":"https:\/\/wp.me\/P926FJ-2F","_links":{"self":[{"href":"https:\/\/barcelona.wordcamp.org\/2018\/wp-json\/wp\/v2\/pages\/165","targetHints":{"allow":["GET"]}}],"collection":[{"href":"https:\/\/barcelona.wordcamp.org\/2018\/wp-json\/wp\/v2\/pages"}],"about":[{"href":"https:\/\/barcelona.wordcamp.org\/2018\/wp-json\/wp\/v2\/types\/page"}],"author":[{"embeddable":true,"href":"https:\/\/barcelona.wordcamp.org\/2018\/wp-json\/wp\/v2\/users\/14285518"}],"replies":[{"embeddable":true,"href":"https:\/\/barcelona.wordcamp.org\/2018\/wp-json\/wp\/v2\/comments?post=165"}],"version-history":[{"count":15,"href":"https:\/\/barcelona.wordcamp.org\/2018\/wp-json\/wp\/v2\/pages\/165\/revisions"}],"predecessor-version":[{"id":3446,"href":"https:\/\/barcelona.wordcamp.org\/2018\/wp-json\/wp\/v2\/pages\/165\/revisions\/3446"}],"wp:attachment":[{"href":"https:\/\/barcelona.wordcamp.org\/2018\/wp-json\/wp\/v2\/media?parent=165"}],"curies":[{"name":"wp","href":"https:\/\/api.w.org\/{rel}","templated":true}]}}