{"id":12,"date":"2017-08-01T08:50:42","date_gmt":"2017-08-01T06:50:42","guid":{"rendered":"https:\/\/2018.barcelona.wordcamp.org\/organizers\/"},"modified":"2018-08-31T15:39:20","modified_gmt":"2018-08-31T13:39:20","slug":"organizadores","status":"publish","type":"page","link":"https:\/\/barcelona.wordcamp.org\/2018\/informacion\/organizadores\/","title":{"rendered":"Organizadores"},"content":{"rendered":"<p>Esta WordCamp ha sido posible gracias al trabajo y participaci\u00f3n de todos los voluntarios y del siguiente equipo de organizadores:<\/p>\n<p><em>Aquesta WordCamp ha estat possible gr\u00e0cies a la feina i participaci\u00f3 de tots els voluntaris i del seg\u00fcent equip d&#8217;organitzadors:<\/em><\/p>\n\t<div class=\"wcorg-organizers\">\n\n\t\t\n\t\t\t<div class=\"wcorg-organizer\">\n\t\t\t\t<h2>Joan Art\u00e9s<\/h2>\n\t\t\t\t<div class=\"wcorg-organizer-description\">\n\t\t\t\t\t\t\t\t\t\t<img alt='' src='https:\/\/secure.gravatar.com\/avatar\/cb230f39bd94ec11776369b9f12576132488f759d0336b61e5ff8e774a47749e?s=100&#038;d=mm&#038;r=g' srcset='https:\/\/secure.gravatar.com\/avatar\/cb230f39bd94ec11776369b9f12576132488f759d0336b61e5ff8e774a47749e?s=200&#038;d=mm&#038;r=g 2x' class='avatar avatar-100 photo' height='100' width='100' \/>\t\t\t\t\t<p>Joan es uno de los organizadores de meetups y WordCamps en WordPress Barcelona. Trabaja en <a href=\"http:\/\/artesans.eu\/\" target=\"_blank\" rel=\"noopener noreferrer\">Artesans by Omitsis<\/a> como <em>WordPress Captain<\/em><em>,<\/em> desarrollando proyectos web usando WordPress. Adem\u00e1s, escribe regularmente en su blog personal y participa de forma semanal en el podcast WordPress Radio.<\/p>\n<p><em>El Joan \u00e9s un dels organitzadors de meetups i WordCamps a WordPress Barcelona. Treballa a <a href=\"http:\/\/artesans.eu\/\" target=\"_blank\" rel=\"noopener noreferrer\">Artesans by Omitsis<\/a> com a <\/em>WordPress Captain<em>, desenvolupant projectes web utilitzant el WordPress. A m\u00e9s a m\u00e9s, escriu de manera regular al seu blog personal i participa setmanalment al podcast WordPress Radio.<\/em><\/p>\n\t\t\t\t<\/div>\n\t\t\t<\/div>\n\n\t\t\n\t\t\t<div class=\"wcorg-organizer\">\n\t\t\t\t<h2>Adri\u00e0 L\u00f3pez<\/h2>\n\t\t\t\t<div class=\"wcorg-organizer-description\">\n\t\t\t\t\t\t\t\t\t\t<img alt='' src='https:\/\/secure.gravatar.com\/avatar\/2634caa567b3a4806fc155d7affa3e320510d05b3ba9ca421f2ec61a9c96f8b1?s=100&#038;d=mm&#038;r=g' srcset='https:\/\/secure.gravatar.com\/avatar\/2634caa567b3a4806fc155d7affa3e320510d05b3ba9ca421f2ec61a9c96f8b1?s=200&#038;d=mm&#038;r=g 2x' class='avatar avatar-100 photo' height='100' width='100' \/>\t\t\t\t\t<p>Adri\u00e0 es analista digital, consultor en <em>marketing online<\/em> y <em>business intelligence<\/em>, gestor de proyectos digitales, experto en WordPress, <em>email marketing<\/em> y e-commerce. Gestiona y ejecuta estrategias integrales de <em>marketing online<\/em> que van desde el dise\u00f1o y el desarrollo de p\u00e1ginas web, sus contenidos y optimizaci\u00f3n para su posicionamiento en buscadores hasta el desarrollo de campa\u00f1as de publicidad o de <em>email marketing<\/em>.<\/p>\n<p><em>L&#8217;Adri\u00e0 \u00e9s analista digital, consultor en m\u00e0rqueting en l\u00ednia i <\/em>business intelligence<em>, gestor de projectes digitals i expert en WordPress, <\/em>email marketing<em> i e-commerce. Gestiona i executa estrat\u00e8gies integrals de m\u00e0rqueting en l\u00ednia que van des del disseny i desenvolupament de p\u00e0gines web, els seus continguts i optimitzaci\u00f3 pel seu posicionament cercadors fins al desenvolupament de campanyes de publicitat o d&#8217;<\/em>email marketing<em>.<\/em><\/p>\n\t\t\t\t<\/div>\n\t\t\t<\/div>\n\n\t\t\n\t\t\t<div class=\"wcorg-organizer\">\n\t\t\t\t<h2>Antonio Villegas<\/h2>\n\t\t\t\t<div class=\"wcorg-organizer-description\">\n\t\t\t\t\t\t\t\t\t\t<img alt='' src='https:\/\/secure.gravatar.com\/avatar\/331f62015afcb2bdbda980b8336ce4638216f36b05e7b1d7fb638dd2ec0cca2a?s=100&#038;d=mm&#038;r=g' srcset='https:\/\/secure.gravatar.com\/avatar\/331f62015afcb2bdbda980b8336ce4638216f36b05e7b1d7fb638dd2ec0cca2a?s=200&#038;d=mm&#038;r=g 2x' class='avatar avatar-100 photo' height='100' width='100' \/>\t\t\t\t\t<p>Antonio es Doctor en Inform\u00e1tica por la Universidad Polit\u00e9cnica de Catalunya y socio co-fundador de <a href=\"https:\/\/neliosoftware.com\/es\/\" target=\"_blank\" rel=\"noopener\">Nelio Software<\/a>, empresa especializada en el desarrollo de productos y servicios para WordPress con sede en Barcelona. Est\u00e1 especializado en el dise\u00f1o, desarrollo e integraci\u00f3n de servicios y aplicaciones web en el cloud. Contribuye muy activamente en la comunidad WordPress participando en meetups, seminarios y WordCamps.<\/p>\n<p><em>L&#8217;Antonio \u00e9s Doctor en Inform\u00e0tica per la Universitat Polit\u00e8cnica de Catalunya i soci co-fundador de <a href=\"https:\/\/neliosoftware.com\/es\/\" target=\"_blank\" rel=\"noopener\">Nelio Software<\/a>, empresa especialitzada en el desenvolupament de projectes i serveis per al WordPress amb seu a Barcelona. Est\u00e0 especialitzat en el disseny, desenvolupament i integraci\u00f3 de serveis i aplicacions web al cloud. Contribueix activament a la comunitat WordPress tot participant a diferents meetups, seminaris i WordCamps.<\/em><\/p>\n\t\t\t\t<\/div>\n\t\t\t<\/div>\n\n\t\t\n\t\t\t<div class=\"wcorg-organizer\">\n\t\t\t\t<h2>David Aguilera<\/h2>\n\t\t\t\t<div class=\"wcorg-organizer-description\">\n\t\t\t\t\t\t\t\t\t\t<img alt='' src='https:\/\/secure.gravatar.com\/avatar\/1c1fc8e86e314442e86168c18982973f42a37c13025c465eb4998048b739f3c7?s=100&#038;d=mm&#038;r=g' srcset='https:\/\/secure.gravatar.com\/avatar\/1c1fc8e86e314442e86168c18982973f42a37c13025c465eb4998048b739f3c7?s=200&#038;d=mm&#038;r=g 2x' class='avatar avatar-100 photo' height='100' width='100' \/>\t\t\t\t\t<p>David es uno de los socios co-fundadores de <a href=\"https:\/\/neliosoftware.com\/es\/\" target=\"_blank\" rel=\"noopener\">Nelio Software<\/a>, donde se encarga del dise\u00f1o e implementaci\u00f3n de plugins para WordPress y de dar soporte a los usuarios. Tambi\u00e9n es un contribuidor activo de la comunidad WordPress, ha sido ponente en un par de WCEU y ha participado en diversas meetups y seminarios. Doctor en Computaci\u00f3n por la UPC, sus intereses son de lo m\u00e1s variados: modelado conceptual, realidad virtual, modelado e impresi\u00f3n en 3D, simracing&#8230;<\/p>\n<p><em>El David \u00e9s un dels socis co-fundadors de <a href=\"https:\/\/neliosoftware.com\/es\/\" target=\"_blank\" rel=\"noopener\">Nelio Software<\/a>, on s&#8217;encarrega del disseny i implementaci\u00f3 d&#8217;extensions per al WordPress i d&#8217;ajudar als usuaris. Tamb\u00e9 \u00e9s un contribu\u00efdor actiu de la comunitat WordPress, essent ponent a un parell de WCEU i participant a diverses meetups i seminaris. Doctor en Computaci\u00f3 per la UPC, els seus interessos s\u00f3n d&#8217;all\u00f2 m\u00e9s variats: modelitzaci\u00f3 conceptual, realitat virtual, modelat i impressi\u00f3 en 3D, simracing&#8230;<\/em><\/p>\n\t\t\t\t<\/div>\n\t\t\t<\/div>\n\n\t\t\n\t\t\t<div class=\"wcorg-organizer\">\n\t\t\t\t<h2>Javier Casares<\/h2>\n\t\t\t\t<div class=\"wcorg-organizer-description\">\n\t\t\t\t\t\t\t\t\t\t<img alt='' src='https:\/\/secure.gravatar.com\/avatar\/a32b4c4fa59cb821c50a288a273d1593859c53ca5f90dd2a1791418c29ab7e0b?s=100&#038;d=mm&#038;r=g' srcset='https:\/\/secure.gravatar.com\/avatar\/a32b4c4fa59cb821c50a288a273d1593859c53ca5f90dd2a1791418c29ab7e0b?s=200&#038;d=mm&#038;r=g 2x' class='avatar avatar-100 photo' height='100' width='100' \/>\t\t\t\t\t<p>Javier lleva utilizando WordPress desde la versi\u00f3n 1.5. Actualmente es el responsable de <a href=\"https:\/\/www.wpdanger.com\/\" target=\"_blank\" rel=\"noopener noreferrer\">WordPress Danger<\/a>, una herramienta de an\u00e1lisis y detecci\u00f3n de varios elementos de un sitio WordPress. Es uno de los co-organizadores de la WordCamp Barcelona y ha participado en diferentes eventos como organizador, voluntario i ponente. Adem\u00e1s, es el fundador de <em>Geenapp<\/em> y <em>Keep It Simple Lab<\/em> y ha participado en otras como inversor.<\/p>\n<p><em>El Javier \u00e9s usuari de WordPress des de la versi\u00f3 1.5. Actualment \u00e9s el responsable de <a href=\"https:\/\/www.wpdanger.com\/\" target=\"_blank\" rel=\"noopener noreferrer\">WordPress Danger<\/a>, una eina d&#8217;an\u00e0lisi i detecci\u00f3 de diversos elements d&#8217;un lloc basat en el WordPress. \u00c9s un dels co-organitzadors de la WordCamp Barcelona i ha participat a diversos esdeveniments com a organitzador, voluntari i ponent. A m\u00e9s a m\u00e9s, \u00e9s el fundador de Geenapp<\/em> i <em>Keep It Simple Lab i ha participat en d&#8217;altres com a inversor.<\/em><\/p>\n\t\t\t\t<\/div>\n\t\t\t<\/div>\n\n\t\t\n\t\t\t<div class=\"wcorg-organizer\">\n\t\t\t\t<h2>Javier Qu\u00edlez<\/h2>\n\t\t\t\t<div class=\"wcorg-organizer-description\">\n\t\t\t\t\t\t\t\t\t\t<img alt='' src='https:\/\/secure.gravatar.com\/avatar\/4c1ef970738df6c53ab3e6736afcc18d105ff539bd485145816e21ede70237a5?s=100&#038;d=mm&#038;r=g' srcset='https:\/\/secure.gravatar.com\/avatar\/4c1ef970738df6c53ab3e6736afcc18d105ff539bd485145816e21ede70237a5?s=200&#038;d=mm&#038;r=g 2x' class='avatar avatar-100 photo' height='100' width='100' \/>\t\t\t\t\t<p>Javier es uno de los organizadores de las Meetups de WordPress en Granollers, Barcelona, y de NetSquared Barcelona. Su principal foco de inter\u00e9s es conseguir ayudar a organizaciones sin \u00e1nimo de lucro a tener m\u00e1s impacto a trav\u00e9s de la tecnolog\u00eda. Uno de los proyectos m\u00e1s ambiciosos que est\u00e1 moviendo actualmente es <a href=\"https:\/\/wpsolidario.org\/\" target=\"_blank\" rel=\"noopener\">WPSolidario.org<\/a>, un portal en el que encontrar\u00e1s recursos y gu\u00edas para conseguir un mayor impacto social en WordPress.<\/p>\n<p><em>El Javier \u00e9s un dels organitzadors de les Meetups de WordPress a Granollers (Barcelona) i de NetSquared Barcelona.<\/em><em> A dia d&#8217;avui est\u00e0 especialment interessat en ajudar a empreses sense \u00e0nim de lucre a tenir un impacte m\u00e9s gran mitjan\u00e7ant les noves tecnologies. Un dels projectes m\u00e9s ambiciosos en qu\u00e8 est\u00e0 treballant \u00e9s <a href=\"https:\/\/wpsolidario.org\/\" target=\"_blank\" rel=\"noopener\">WPSolidario.org<\/a>, un portal web on trobar\u00e0s recursos i guies per a aconseguir un impacte social m\u00e9s gran amb el WordPress.<\/em><\/p>\n\t\t\t\t<\/div>\n\t\t\t<\/div>\n\n\t\t\n\t\t\t<div class=\"wcorg-organizer\">\n\t\t\t\t<h2>Joan Boluda<\/h2>\n\t\t\t\t<div class=\"wcorg-organizer-description\">\n\t\t\t\t\t\t\t\t\t\t<img alt='' src='https:\/\/secure.gravatar.com\/avatar\/74c9c0a9659507085e807b375628a9bbb81caba6e146f409ed6b627d2c86894d?s=100&#038;d=mm&#038;r=g' srcset='https:\/\/secure.gravatar.com\/avatar\/74c9c0a9659507085e807b375628a9bbb81caba6e146f409ed6b627d2c86894d?s=200&#038;d=mm&#038;r=g 2x' class='avatar avatar-100 photo' height='100' width='100' \/>\t\t\t\t\t<p>La carrera profesional de Joan empez\u00f3 en 1999, ganando el Primer Premio ESADE-Microsoft al mejor Web Transaccional por el proyecto \u00abMarket Net\u00bb, un supermercado online. De ah\u00ed surgi\u00f3 Sinotec, su primera aventura como emprendedor, que dur\u00f3 hasta que finaliz\u00f3 la Licenciatura en ADE y el M\u00e1ster en Business Administration. Con el t\u00edtulo bajo el brazo, empez\u00f3 a desarrollar varios proyectos web, haciendo de todo: dise\u00f1o web, programaci\u00f3n, posicionamiento, AdWords, etc. En 2009 se especializ\u00f3 en consultor\u00eda estrat\u00e9gica de marketing online y WordPress. Actualmente se le puede escuchar cada d\u00eda a las 07:07 en su podcast Marketing Online.<\/p>\n<p><em>La carrera professional del Joan va comen\u00e7ar l&#8217;any 1999, quan va guanyar el Primer Premi ESADE-Microsoft a la millor Web Transaccional pel projecte \u00abMarket Net\u00bb, un supermercat en l\u00ednia. D&#8217;aqu\u00ed va sorgir Sinotec, la seva primera aventura com a emprenedor, la qual va durar fins que va acabar la Llicenciatura d&#8217;ADE i l&#8217;MBA. A partir d&#8217;aqu\u00ed va comen\u00e7ar a desenvolupar projectes web, fent de tot: disseny web, programaci\u00f3, posicionament, AdWords, etc. El 2009 es va especialitzar en consultoria estrat\u00e8gia de marketing en l\u00ednia i el WordPress. Actualment el pots escoltar cada dia a les 07:07 al seu podcast de Marketing Online.<\/em><\/p>\n\t\t\t\t<\/div>\n\t\t\t<\/div>\n\n\t\t\n\t\t\t<div class=\"wcorg-organizer\">\n\t\t\t\t<h2>Jordi Sala<\/h2>\n\t\t\t\t<div class=\"wcorg-organizer-description\">\n\t\t\t\t\t\t\t\t\t\t<img alt='' src='https:\/\/secure.gravatar.com\/avatar\/4be6e827bba845600e52b78b5fcd28e814a9ae67cc387850ba3db03620722d69?s=100&#038;d=mm&#038;r=g' srcset='https:\/\/secure.gravatar.com\/avatar\/4be6e827bba845600e52b78b5fcd28e814a9ae67cc387850ba3db03620722d69?s=200&#038;d=mm&#038;r=g 2x' class='avatar avatar-100 photo' height='100' width='100' \/>\t\t\t\t\t<p>Jordi es CEO de <a href=\"https:\/\/www.nosadaptamos.com\" target=\"_blank\" rel=\"noopener\">NosAdaptamos<\/a> especializado en ofrecer principalmente dise\u00f1o y soporte para Joomla! y WordPress. Dispone de una amplia experiencia en CMS y hosting, debido a la colaboraci\u00f3n durante a\u00f1os con Webempresa. Co-organizador de la Meetup de WordPress Molins de Rei. Siempre aportando un granito de arena como organizador y\/o ponente en charlas relacionadas con el desarrollo web desde la aparici\u00f3n del m\u00f3dem de 32K.<\/p>\n<p><em> Jordi \u00e9s CEO de <a href=\"https:\/\/www.nosadaptamos.com\" target=\"_blank\" rel=\"noopener\">NosAdaptamos<\/a> especialitzat en oferir principalment disseny i suport per Joomla! i WordPress. Disposa d&#8217;una \u00e0mplia experi\u00e8ncia en CMS i hosting, degut a la col\u00b7laboraci\u00f3 durant anys amb Webempresa. Co-organitzador de la Meetup de WordPress Molins de Rei. Sempre aportant un granet de sorra com a organitzador i\/o ponent en xerrades relacionades amb el desenvolupament web des de l&#8217;aparici\u00f3 del m\u00f2dem de 32K.<\/em><\/p>\n\t\t\t\t<\/div>\n\t\t\t<\/div>\n\n\t\t\n\t\t\t<div class=\"wcorg-organizer\">\n\t\t\t\t<h2>Juanka D\u00edaz<\/h2>\n\t\t\t\t<div class=\"wcorg-organizer-description\">\n\t\t\t\t\t\t\t\t\t\t<img alt='' src='https:\/\/secure.gravatar.com\/avatar\/66cbb9aadcb325fd9fd7fe21a270649967d1047ac1e4921f176e53fc40623dc4?s=100&#038;d=mm&#038;r=g' srcset='https:\/\/secure.gravatar.com\/avatar\/66cbb9aadcb325fd9fd7fe21a270649967d1047ac1e4921f176e53fc40623dc4?s=200&#038;d=mm&#038;r=g 2x' class='avatar avatar-100 photo' height='100' width='100' \/>\t\t\t\t\t<p>Juanka es desarrollador Front &amp; Back End y Jefe de Proyecto bajo la marca <a href=\"https:\/\/jdevelopia.com\/\" target=\"_blank\" rel=\"noopener\">jdevelopia<\/a>. Amante de la armon\u00eda del c\u00f3digo fuente y el dise\u00f1o, con coraz\u00f3n programador y alma dise\u00f1adora. Enamorado de la filosof\u00eda del Sofware Libre en general y los gestores de contenidos en particular. En 2005 fund\u00f3 oficialmente jdevelopia, marca bajo la cual desarrolla su trabajo as\u00ed como alianzas y colaboraciones con otros socios y t\u00e9cnicos en otras disciplinas web. Juanka tambi\u00e9n est\u00e1 involucrado activamente en diferentes proyectos de difusi\u00f3n de software libre como <a href=\"http:\/\/www.joomgouts.com\" target=\"_blank\" rel=\"noopener\">Joomgouts<\/a> y <a href=\"https:\/\/www.joomlaes.org\/\" target=\"_blank\" rel=\"noopener\">Joomla! ES<\/a>.<\/p>\n<p><em>El Juanka \u00e9s desenvolupador Front &amp; Back i Cap de Projectes sota la marca <a href=\"https:\/\/jdevelopia.com\/\" target=\"_blank\" rel=\"noopener\">jdevelopia<\/a>. \u00c9s un amant de l&#8217;harmonia del codi font i el disseny amb cor de programador i \u00e0nima de dissenyador. Enamorat de la filosofia del Programari Lliure en general i dels gestors de continguts en particular. El 2005 va fundar oficialment jdevelopia, marca sota la qual duu a terme la seva feina aix\u00ed com aliances i col\u00b7laboracions amb socis i t\u00e8cnics d&#8217;altres disciplines web. El Juanka tamb\u00e9 est\u00e0 molt involucrat en diferents projectes de difusi\u00f3 del programari lliure com ara <a href=\"http:\/\/www.joomgouts.com\" target=\"_blank\" rel=\"noopener\">Joomgouts<\/a> i <a href=\"https:\/\/www.joomlaes.org\/\" target=\"_blank\" rel=\"noopener\">Joomla! ES<\/a>.<\/em><\/p>\n\t\t\t\t<\/div>\n\t\t\t<\/div>\n\n\t\t\n\t\t\t<div class=\"wcorg-organizer\">\n\t\t\t\t<h2>Ra\u00fal Mart\u00ednez<\/h2>\n\t\t\t\t<div class=\"wcorg-organizer-description\">\n\t\t\t\t\t\t\t\t\t\t<img alt='' src='https:\/\/secure.gravatar.com\/avatar\/ed19d90cfe6cf64bcb036ac744e255f50f048b8f1d4c14f9114d59896b2f4857?s=100&#038;d=mm&#038;r=g' srcset='https:\/\/secure.gravatar.com\/avatar\/ed19d90cfe6cf64bcb036ac744e255f50f048b8f1d4c14f9114d59896b2f4857?s=200&#038;d=mm&#038;r=g 2x' class='avatar avatar-100 photo' height='100' width='100' \/>\t\t\t\t\t<p>Ra\u00fal es analista en una peque\u00f1a consultor\u00eda donde desarrolla para WordPress y Moodle mayoritariamente. Siempre ha estado ligado al mundo de PHP y el <em>e-learning<\/em>, tanto con clientes p\u00fablicos como con la empresa privada. Su relaci\u00f3n con WordPress empez\u00f3 en el a\u00f1o 2010 y, a d\u00eda de hoy, es co-organizador de la meetup de WordPress Granollers y contribuye a la comunidad con soporte en los foros y desarrollando plugins.<\/p>\n<p><em>El Ra\u00fal \u00e9s analista a una petita consultora on desenvolupa projectes per al WordPress i Moodle. Sempre ha estat lligat al m\u00f3n del PHP i l&#8217;<\/em>e-learning<em>, tan amb clients p\u00fablics com amb l&#8217;empresa privada. La seva relaci\u00f3 amb el WordPress va comen\u00e7ar l&#8217;any 2010 i, avui en dia, \u00e9s co-organitzador de la meetup de WordPress Granollers i contribueix a la comunitat tot ajudant a trav\u00e9s dels f\u00f2rums de suport i amb el desenvolupament d&#8217;extensions.<\/em><\/p>\n\t\t\t\t<\/div>\n\t\t\t<\/div>\n\n\t\t\n\t\t\t<div class=\"wcorg-organizer\">\n\t\t\t\t<h2>Ruth Ravent\u00f3s<\/h2>\n\t\t\t\t<div class=\"wcorg-organizer-description\">\n\t\t\t\t\t\t\t\t\t\t<img alt='' src='https:\/\/secure.gravatar.com\/avatar\/2efd9f270f3c4668cd2680199cb1ddc782d861f49741846ea264b9682cfdb6d5?s=100&#038;d=mm&#038;r=g' srcset='https:\/\/secure.gravatar.com\/avatar\/2efd9f270f3c4668cd2680199cb1ddc782d861f49741846ea264b9682cfdb6d5?s=200&#038;d=mm&#038;r=g 2x' class='avatar avatar-100 photo' height='100' width='100' \/>\t\t\t\t\t<p>Ruth es co-fundadora y CEO de <a href=\"https:\/\/neliosoftware.com\/es\/\" target=\"_blank\" rel=\"noopener\">Nelio Software<\/a> y dispone de una amplia experiencia profesional, primero en el mundo empresarial y luego en el universitario. Es doctora en Ingenier\u00eda del Software por la UPC y con un Master of Information Systems de DePaul University (Chicago).\u00a0Ha sido profesora de la UPC, Vicedecana de Relaciones con las Empresas de la Facultad de Inform\u00e1tica de Barcelona y profesora colaboradora de ESADE, especializ\u00e1ndose en ingenier\u00eda del software y gesti\u00f3n de sistemas de informaci\u00f3n.<\/p>\n<p><em>La Ruth \u00e9s co-fundadora i CEO de <a href=\"https:\/\/neliosoftware.com\/es\/\" target=\"_blank\" rel=\"noopener\">Nelio Software<\/a>. Disposa d&#8217;una \u00e0mplia experi\u00e8ncia professional, primer al mon empresarial i despr\u00e9s a l&#8217;universitari. \u00c9s doctora en Enginyeria del Programari per la UPC i t\u00e9 un Master of Information Systems de la DePaul University (Chicago). Ha sigut professora de la UPC, Vicedegana de Relacions amb les Empreses de la Facultat d&#8217;Inform\u00e0tica de Barcelona i professora col\u00b7laboradora d&#8217;ESADE, especialitzant-se en l&#8217;enginyeria del programari i la gesti\u00f3 de sistemes d&#8217;informaci\u00f3.<\/em><\/p>\n\t\t\t\t<\/div>\n\t\t\t<\/div>\n\n\t\t\n\t<\/div><!-- .wcorg-organizers -->\n\t\n","protected":false},"excerpt":{"rendered":"<p>Esta WordCamp ha sido posible gracias al trabajo y participaci\u00f3n de todos los voluntarios y del siguiente equipo de organizadores: Aquesta WordCamp ha estat possible gr\u00e0cies a la feina i participaci\u00f3 de tots els voluntaris i del seg\u00fcent equip d&#8217;organitzadors:<\/p>\n","protected":false},"author":14285518,"featured_media":0,"parent":168,"menu_order":40,"comment_status":"closed","ping_status":"closed","template":"","meta":{"jetpack_post_was_ever_published":false,"footnotes":""},"class_list":["post-12","page","type-page","status-publish","hentry"],"jetpack_sharing_enabled":true,"jetpack_shortlink":"https:\/\/wp.me\/P926FJ-c","_links":{"self":[{"href":"https:\/\/barcelona.wordcamp.org\/2018\/wp-json\/wp\/v2\/pages\/12","targetHints":{"allow":["GET"]}}],"collection":[{"href":"https:\/\/barcelona.wordcamp.org\/2018\/wp-json\/wp\/v2\/pages"}],"about":[{"href":"https:\/\/barcelona.wordcamp.org\/2018\/wp-json\/wp\/v2\/types\/page"}],"author":[{"embeddable":true,"href":"https:\/\/barcelona.wordcamp.org\/2018\/wp-json\/wp\/v2\/users\/14285518"}],"replies":[{"embeddable":true,"href":"https:\/\/barcelona.wordcamp.org\/2018\/wp-json\/wp\/v2\/comments?post=12"}],"version-history":[{"count":4,"href":"https:\/\/barcelona.wordcamp.org\/2018\/wp-json\/wp\/v2\/pages\/12\/revisions"}],"predecessor-version":[{"id":956,"href":"https:\/\/barcelona.wordcamp.org\/2018\/wp-json\/wp\/v2\/pages\/12\/revisions\/956"}],"up":[{"embeddable":true,"href":"https:\/\/barcelona.wordcamp.org\/2018\/wp-json\/wp\/v2\/pages\/168"}],"wp:attachment":[{"href":"https:\/\/barcelona.wordcamp.org\/2018\/wp-json\/wp\/v2\/media?parent=12"}],"curies":[{"name":"wp","href":"https:\/\/api.w.org\/{rel}","templated":true}]}}