{"id":19,"date":"2016-01-13T17:30:33","date_gmt":"2016-01-13T17:30:33","guid":{"rendered":"https:\/\/2016.barcelona.wordcamp.org\/code-of-conduct\/"},"modified":"2016-10-01T13:41:55","modified_gmt":"2016-10-01T11:41:55","slug":"codigo-de-conducta","status":"publish","type":"page","link":"https:\/\/barcelona.wordcamp.org\/2016\/codigo-de-conducta\/","title":{"rendered":"C\u00f3digo de conducta"},"content":{"rendered":"<ol>\n<li>\n<h3>Prop\u00f3sito<\/h3>\n<p>WordCamp Barcelona\u00a0cree en una comunidad abierta a todo el mundo. Como tal, estamos comprometidos a proporcionar un ambiente amigable, seguro y acogedor para todos independientemente de su sexo, orientaci\u00f3n sexual, discapacidad, etnia, religi\u00f3n, sistema operativo preferido, lenguaje de programaci\u00f3n o editor de texto.<\/p>\n<p>Este c\u00f3digo de conducta resume nuestras expectativas para el comportamiento de los participantes, as\u00ed como las consecuencias para el comportamiento inaceptable.<\/p>\n<p>Instamos a todos los patrocinadores, voluntarios, conferenciantes, asistentes y otros participantes para ayudar a tener una experiencia de evento segura y agradable para todos.<\/li>\n<li>\n<h3>Open Source Citizenship<\/h3>\n<p>Un objetivo adicional de este c\u00f3digo de conducta es incrementar la ciudadan\u00eda de c\u00f3digo abierto alentando a los participantes a reconocer y fortalecer las relaciones entre lo que hacemos y la comunidad en general.<\/p>\n<p>En el servicio de este objetivo, los organizadores de WordCamp Barcelona recoger\u00e1n candidaturas de ciudadanos ejemplares a lo largo de todo el evento y reconocer\u00e1n selectos participantes despu\u00e9s de la conferencia en el sitio web.<\/p>\n<p>Si ves a alguien que est\u00e1 haciendo un esfuerzo extra para asegurar que nuestra comunidad resulte acogedora, amable, y que anima a todos los participantes a contribuir en la mayor medida posible, lo queremos saber.<\/p>\n<p>Puedes nominar a alguien en la mesa de registro o dici\u00e9ndolo a alg\u00fan miembro de la organizaci\u00f3n.<\/li>\n<li>\n<h3>Comportamiento esperado<\/h3>\n<ul>\n<li>Ser considerado, respetuoso y colaborativo.<\/li>\n<li>Abstenerse de comportamientos y discursos degradantes, discriminatorios o de acoso.<\/li>\n<li>Ser consciente del entorno y de tus compa\u00f1eros participantes. Alerta a los organizadores si observas una situaci\u00f3n peligrosa o alguien en apuros.<\/li>\n<li>Participa de una manera aut\u00e9ntica y activa. Al hacerlo, est\u00e1s ayudando a que WordCamp Barcelona sea una realidad.<\/li>\n<\/ul>\n<\/li>\n<li>\n<h3>Comportamiento inaceptable<\/h3>\n<p>Como comportamientos inaceptables se incluyen: intimidatorio, acosador, abusivo, conducta discriminatoria, despectiva o degradante por cualquier asistente de WordCamp Barcelona y eventos relacionados. El lugar donde se realiza WordCamp Barcelona es un lugar emblem\u00e1tico y puede ser compartido con otros visitantes; por favor, s\u00e9 respetuoso con todos los visitantes de este lugar y con el propio entorno.<\/p>\n<p>El acoso incluye: comentarios verbales ofensivos relacionados con el g\u00e9nero, la orientaci\u00f3n sexual, la raza, la religi\u00f3n, la discapacidad; uso inadecuado de desnudez y\/o im\u00e1genes sexuales en espacios p\u00fablicos (incluyendo diapositivas de la presentaci\u00f3n); intimidaci\u00f3n deliberada, acecho o acosar con fotograf\u00eda o grabaci\u00f3n; interrupci\u00f3n sostenida de charlas y otros eventos; contacto f\u00edsico inapropiado y atenci\u00f3n sexual no deseada.<\/li>\n<li>\n<h3>Consecuencias de un comportamiento inaceptable<\/h3>\n<p>El comportamiento inaceptable no ser\u00e1 tolerado sea por los asistentes, organizadores, personal local, patrocinadores u otros patronos de lugares WordCamp Barcelona.<\/p>\n<p>Se espera que cualquiera cumpla inmediatamente en caso de que se le llame a la atenci\u00f3n por un comportamiento inaceptable.<\/p>\n<p>Si un participante se involucra en una conducta inaceptable, los organizadores de la conferencia pueden tomar cualquier acci\u00f3n que consideren apropiada, inclusive la expulsi\u00f3n de la conferencia sin previo aviso o reembolso.<\/li>\n<li>\n<h3>\u00bfQu\u00e9 hacer si eres testigo u objeto de un comportamiento inaceptable?<\/h3>\n<p>Si est\u00e1s involucrado en un comportamiento inaceptable, eres testigo de otra persona con dicho comportamiento o tienes otras preocupaciones, por favor notif\u00edcalo a un organizador de la conferencia tan pronto como sea posible.<\/p>\n<p>El equipo de WordCamp Barcelona estar\u00e1 disponible para ayudar a los participantes de contactos de seguridad local o para ofrecer cualquier tipo de ayuda a aquellos que experimentan un comportamiento inaceptable.<\/p>\n<p>Durante el evento, los voluntarios vestir\u00e1n diferente al resto de asistentes. Cualquier voluntario puede ponerte en contacto con un organizador de la conferencia. Tambi\u00e9n puedes venir a la mesa de inscripci\u00f3n en el vest\u00edbulo y preguntar por los organizadores.<\/li>\n<li>\n<h3>\u00c1mbito de aplicaci\u00f3n<\/h3>\n<p>Esperamos que todos los participantes de la conferencia (patrocinadores, voluntarios, conferenciantes, asistentes y otros invitados) cumplan con el c\u00f3digo de conducta en todas las salas de conferencias y eventos relacionados con la conferencia.<\/li>\n<li>\n<h3>Informaci\u00f3n de Contacto<\/h3>\n<p>Si te ves en la necesidad de contactar con nosotros,\u00a0<a href=\"https:\/\/2016.Barcelona.wordcamp.org\/contacto\/\">esta p\u00e1gina<\/a>\u00a0tiene toda la informaci\u00f3n necesaria.<\/li>\n<li>\n<h3>Licencia y atribuci\u00f3n<\/h3>\n<p>Este C\u00f3digo de Conducta es una copia directa del impresionante trabajo del Open Source Bridge, pero sustituido con nuestra informaci\u00f3n del evento. El original est\u00e1 disponible en<br \/>\n<a href=\"http:\/\/opensourcebridge.org\/about\/code-of-conduct\/\">http:\/\/opensourcebridge.org\/about\/code-of-conduct\/<\/a>\u00a0y est\u00e1 liberado bajo una\u00a0<a href=\"http:\/\/creativecommons.org\/licenses\/by-sa\/3.0\/\">Licencia de Creative Commons Attribution-ShareAlike.<\/a><\/li>\n<\/ol>\n<div class=\"sharedaddy sd-sharing-enabled\"><\/div>\n","protected":false},"excerpt":{"rendered":"<p>Prop\u00f3sito WordCamp Barcelona\u00a0cree en una comunidad abierta a todo el mundo. Como tal, estamos comprometidos a proporcionar un ambiente amigable, seguro y acogedor para todos independientemente de su sexo, orientaci\u00f3n sexual, discapacidad, etnia, religi\u00f3n, sistema operativo preferido, lenguaje de programaci\u00f3n &hellip; <a href=\"https:\/\/barcelona.wordcamp.org\/2016\/codigo-de-conducta\/\">Sigue leyendo <span class=\"assistive-text\">C\u00f3digo de conducta<\/span>  <span class=\"meta-nav\">&rarr;<\/span><\/a><\/p>\n","protected":false},"author":10036015,"featured_media":0,"parent":0,"menu_order":0,"comment_status":"closed","ping_status":"closed","template":"","meta":{"jetpack_post_was_ever_published":false,"footnotes":""},"class_list":["post-19","page","type-page","status-publish","hentry"],"jetpack_sharing_enabled":true,"jetpack_shortlink":"https:\/\/wp.me\/P77IOf-j","jetpack_likes_enabled":true,"_links":{"self":[{"href":"https:\/\/barcelona.wordcamp.org\/2016\/wp-json\/wp\/v2\/pages\/19","targetHints":{"allow":["GET"]}}],"collection":[{"href":"https:\/\/barcelona.wordcamp.org\/2016\/wp-json\/wp\/v2\/pages"}],"about":[{"href":"https:\/\/barcelona.wordcamp.org\/2016\/wp-json\/wp\/v2\/types\/page"}],"author":[{"embeddable":true,"href":"https:\/\/barcelona.wordcamp.org\/2016\/wp-json\/wp\/v2\/users\/10036015"}],"replies":[{"embeddable":true,"href":"https:\/\/barcelona.wordcamp.org\/2016\/wp-json\/wp\/v2\/comments?post=19"}],"version-history":[{"count":2,"href":"https:\/\/barcelona.wordcamp.org\/2016\/wp-json\/wp\/v2\/pages\/19\/revisions"}],"predecessor-version":[{"id":158,"href":"https:\/\/barcelona.wordcamp.org\/2016\/wp-json\/wp\/v2\/pages\/19\/revisions\/158"}],"wp:attachment":[{"href":"https:\/\/barcelona.wordcamp.org\/2016\/wp-json\/wp\/v2\/media?parent=19"}],"curies":[{"name":"wp","href":"https:\/\/api.w.org\/{rel}","templated":true}]}}