{"id":11,"date":"2016-01-13T17:30:33","date_gmt":"2016-01-13T17:30:33","guid":{"rendered":"https:\/\/2016.barcelona.wordcamp.org\/location\/"},"modified":"2016-12-03T16:35:48","modified_gmt":"2016-12-03T15:35:48","slug":"localizacion","status":"publish","type":"page","link":"https:\/\/barcelona.wordcamp.org\/2016\/localizacion\/","title":{"rendered":"Localizaci\u00f3n"},"content":{"rendered":"<h2>Campus La Salle Barcelona<\/h2>\n<p>El d\u00eda 4\u00a0en el campus de la universidad de La Salle tendremos el <strong>d\u00eda de la comunidad.<\/strong><\/p>\n<p><strong>A\u00a0partir de las 10 de la ma\u00f1ana\u00a0<\/strong>nos encontraremos en las salas 5 y 6 de la planta baja del edificio Sant Miquel Febres de La Salle Campus Barcelona \u2013 URL a las que se accede desde la calle\u00a0<strong>Sant Joan de La Salle 42 (08022, Barcelona)<\/strong>.<\/p>\n<p>El Campus es muy grande as\u00ed que os lo hemos intentando poner lo m\u00e1s f\u00e1cil posible para que nos encontr\u00e9is y tal como entr\u00e9is en el recinto podr\u00e9is acceder a las aulas desde los jardines del campus una vez entr\u00e9is en el recinto.<\/p>\n<div class=\"googlemaps\">\n\t\t\t\t<iframe loading=\"lazy\" width=\"600\" height=\"450\" frameborder=\"0\" scrolling=\"no\" marginheight=\"0\" marginwidth=\"0\"  src=\"https:\/\/www.google.com\/maps\/embed?pb=!1m18!1m12!1m3!1d2992.406588147843!2d2.128582166606516!3d41.40869182875169!2m3!1f0!2f0!3f0!3m2!1i1024!2i768!4f13.1!3m3!1m2!1s0x0:0xe6d45d60cbf71998!2sLa%20Salle%20Campus%20Barcelona%20URL!5e0!3m2!1ses!2ses!4v1475404611773\"><\/iframe>\n\t\t\t<\/div>\n<h2>CosmoCaixa<\/h2>\n<p>Los d\u00edas 2 y 3 de dicembre tendremos <strong>dos d\u00edas de conferencias<\/strong> en el\u00a0CosmoCaixa<strong>\u00a0<\/strong>de Barcelona.<\/p>\n<div class=\"googlemaps\">\n\t\t\t\t<iframe loading=\"lazy\" width=\"600\" height=\"450\" frameborder=\"0\" scrolling=\"no\" marginheight=\"0\" marginwidth=\"0\"  src=\"https:\/\/www.google.com\/maps\/embed?pb=!1m14!1m8!1m3!1d11968.837762981293!2d2.131551!3d41.412972!3m2!1i1024!2i768!4f13.1!3m3!1m2!1s0x0:0x20158071eb4f77f3!2sCosmoCaixa%20Barcelona!5e0!3m2!1ses!2ses!4v1475322800564\"><\/iframe>\n\t\t\t<\/div>\n<h2><\/h2>\n","protected":false},"excerpt":{"rendered":"<p>Campus La Salle Barcelona El d\u00eda 4\u00a0en el campus de la universidad de La Salle tendremos el d\u00eda de la comunidad. A\u00a0partir de las 10 de la ma\u00f1ana\u00a0nos encontraremos en las salas 5 y 6 de la planta baja del &hellip; <a href=\"https:\/\/barcelona.wordcamp.org\/2016\/localizacion\/\">Sigue leyendo <span class=\"assistive-text\">Localizaci\u00f3n<\/span>  <span class=\"meta-nav\">&rarr;<\/span><\/a><\/p>\n","protected":false},"author":10036015,"featured_media":0,"parent":0,"menu_order":0,"comment_status":"closed","ping_status":"closed","template":"","meta":{"jetpack_post_was_ever_published":false,"footnotes":""},"class_list":["post-11","page","type-page","status-publish","hentry"],"jetpack_sharing_enabled":true,"jetpack_shortlink":"https:\/\/wp.me\/P77IOf-b","jetpack_likes_enabled":true,"_links":{"self":[{"href":"https:\/\/barcelona.wordcamp.org\/2016\/wp-json\/wp\/v2\/pages\/11","targetHints":{"allow":["GET"]}}],"collection":[{"href":"https:\/\/barcelona.wordcamp.org\/2016\/wp-json\/wp\/v2\/pages"}],"about":[{"href":"https:\/\/barcelona.wordcamp.org\/2016\/wp-json\/wp\/v2\/types\/page"}],"author":[{"embeddable":true,"href":"https:\/\/barcelona.wordcamp.org\/2016\/wp-json\/wp\/v2\/users\/10036015"}],"replies":[{"embeddable":true,"href":"https:\/\/barcelona.wordcamp.org\/2016\/wp-json\/wp\/v2\/comments?post=11"}],"version-history":[{"count":7,"href":"https:\/\/barcelona.wordcamp.org\/2016\/wp-json\/wp\/v2\/pages\/11\/revisions"}],"predecessor-version":[{"id":1304,"href":"https:\/\/barcelona.wordcamp.org\/2016\/wp-json\/wp\/v2\/pages\/11\/revisions\/1304"}],"wp:attachment":[{"href":"https:\/\/barcelona.wordcamp.org\/2016\/wp-json\/wp\/v2\/media?parent=11"}],"curies":[{"name":"wp","href":"https:\/\/api.w.org\/{rel}","templated":true}]}}