{"id":99,"date":"2015-01-17T11:33:28","date_gmt":"2015-01-17T10:33:28","guid":{"rendered":"https:\/\/2015.barcelona.wordcamp.org\/?page_id=99"},"modified":"2015-03-16T16:40:08","modified_gmt":"2015-03-16T15:40:08","slug":"caixaforum","status":"publish","type":"page","link":"https:\/\/barcelona.wordcamp.org\/2015\/lugar\/caixaforum\/","title":{"rendered":"CaixaForum"},"content":{"rendered":"<p><a href=\"http:\/\/obrasocial.lacaixa.es\/nuestroscentros\/caixaforumbarcelona\/caixaforumbarcelona_es.html\">CaixaForum<\/a>, el centro social y cultural de la Obra Social \u00abla Caixa\u00bb, est\u00e1 ubicado en uno de los principales edificios modernistas de Barcelona. Se trata de una f\u00e1brica textil singular, ubicada en los pies de la monta\u00f1a de Montju\u00efc, que el empresario Casimir Casaramona encarg\u00f3 al arquitecto Puig i Cadafalch, uno de los tres arquitectos catalanes m\u00e1s representativos del modernismo, contempor\u00e1neo de Dom\u00e8nech i Montaner y Antoni Gaud\u00ed. El edificio es una pieza \u00fanica de la arquitectura modernista industrial catalana de principios del siglo XX.<\/p>\n<p><b>Caixaforum Barcelona<\/b><br \/>\nAvinguda Francesc Ferrer i Gu\u00e0rdia 6, 08038 Barcelona, Spain<\/p>\n<div class=\"googlemaps\">\n\t\t\t\t<iframe loading=\"lazy\" width=\"600\" height=\"450\" frameborder=\"0\" scrolling=\"no\" marginheight=\"0\" marginwidth=\"0\"  src=\"https:\/\/www.google.com\/maps\/embed?pb=!1m18!1m12!1m3!1d2994.126466289213!2d2.149371!3d41.37133700000002!2m3!1f0!2f0!3f0!3m2!1i1024!2i768!4f13.1!3m3!1m2!1s0x12a4a277563a5425:0x8d041ff3aaae5e21!2sCaixaForum!5e0!3m2!1sen!2ses!4v1426520387878\"><\/iframe>\n\t\t\t<\/div>\n","protected":false},"excerpt":{"rendered":"<p>CaixaForum, el centro social y cultural de la Obra Social \u00abla Caixa\u00bb, est\u00e1 ubicado en uno de los principales edificios modernistas de Barcelona. Se trata de una f\u00e1brica textil singular, ubicada en los pies de la monta\u00f1a de Montju\u00efc, que el empresario Casimir Casaramona encarg\u00f3 al arquitecto Puig i Cadafalch, uno de los tres arquitectos &hellip; <a href=\"https:\/\/barcelona.wordcamp.org\/2015\/lugar\/caixaforum\/\" class=\"more-link\">Seguir leyendo <span class=\"screen-reader-text\">CaixaForum<\/span> <span class=\"meta-nav\">&rarr;<\/span><\/a><\/p>\n","protected":false},"author":9330583,"featured_media":0,"parent":9,"menu_order":20,"comment_status":"closed","ping_status":"closed","template":"","meta":{"jetpack_post_was_ever_published":false,"footnotes":""},"class_list":["post-99","page","type-page","status-publish","hentry"],"jetpack_sharing_enabled":true,"jetpack_shortlink":"https:\/\/wp.me\/P5BJsP-1B","jetpack_likes_enabled":true,"_links":{"self":[{"href":"https:\/\/barcelona.wordcamp.org\/2015\/wp-json\/wp\/v2\/pages\/99","targetHints":{"allow":["GET"]}}],"collection":[{"href":"https:\/\/barcelona.wordcamp.org\/2015\/wp-json\/wp\/v2\/pages"}],"about":[{"href":"https:\/\/barcelona.wordcamp.org\/2015\/wp-json\/wp\/v2\/types\/page"}],"author":[{"embeddable":true,"href":"https:\/\/barcelona.wordcamp.org\/2015\/wp-json\/wp\/v2\/users\/9330583"}],"replies":[{"embeddable":true,"href":"https:\/\/barcelona.wordcamp.org\/2015\/wp-json\/wp\/v2\/comments?post=99"}],"version-history":[{"count":3,"href":"https:\/\/barcelona.wordcamp.org\/2015\/wp-json\/wp\/v2\/pages\/99\/revisions"}],"predecessor-version":[{"id":293,"href":"https:\/\/barcelona.wordcamp.org\/2015\/wp-json\/wp\/v2\/pages\/99\/revisions\/293"}],"up":[{"embeddable":true,"href":"https:\/\/barcelona.wordcamp.org\/2015\/wp-json\/wp\/v2\/pages\/9"}],"wp:attachment":[{"href":"https:\/\/barcelona.wordcamp.org\/2015\/wp-json\/wp\/v2\/media?parent=99"}],"curies":[{"name":"wp","href":"https:\/\/api.w.org\/{rel}","templated":true}]}}