{"id":97,"date":"2015-01-17T11:33:07","date_gmt":"2015-01-17T10:33:07","guid":{"rendered":"https:\/\/2015.barcelona.wordcamp.org\/?page_id=97"},"modified":"2015-03-16T16:36:50","modified_gmt":"2015-03-16T15:36:50","slug":"mobile-world-centre","status":"publish","type":"page","link":"https:\/\/barcelona.wordcamp.org\/2015\/lugar\/mobile-world-centre\/","title":{"rendered":"Mobile World Centre"},"content":{"rendered":"<p>El <a href=\"https:\/\/www.mobileworldcentre.com\/\">Mobile World Centre<\/a> es un espacio abierto a los ciudadanos que alberga una exposici\u00f3n permanente y ofrece una agenda de actividades vinculada a la actualidad y a proyectos que tienen como entorno la transformaci\u00f3n social, cultural, tecnol\u00f3gica y econ\u00f3mica de la movilidad. Un espacio para visitar y experimentar, para compartir nuevos enfoques y oportunidades, para disfrutar y para aprender.<\/p>\n<p><b>Mobile World Centre<\/b><br \/>\nCarrer de Fontanella 2, 08002 Barcelona, Spain<\/p>\n<div class=\"googlemaps\">\n\t\t\t\t<iframe loading=\"lazy\" width=\"600\" height=\"450\" frameborder=\"0\" scrolling=\"no\" marginheight=\"0\" marginwidth=\"0\"  src=\"https:\/\/www.google.com\/maps\/embed?pb=!1m18!1m12!1m3!1d2993.4014193169205!2d2.1717199999999997!3d41.38708799999998!2m3!1f0!2f0!3f0!3m2!1i1024!2i768!4f13.1!3m3!1m2!1s0x12a4a2f1189933d5:0xdadcb01c53af6c88!2sMobile%20World%20Centre!5e0!3m2!1ses!2ses!4v1426520096211\"><\/iframe>\n\t\t\t<\/div>\n","protected":false},"excerpt":{"rendered":"<p>El Mobile World Centre es un espacio abierto a los ciudadanos que alberga una exposici\u00f3n permanente y ofrece una agenda de actividades vinculada a la actualidad y a proyectos que tienen como entorno la transformaci\u00f3n social, cultural, tecnol\u00f3gica y econ\u00f3mica de la movilidad. Un espacio para visitar y experimentar, para compartir nuevos enfoques y oportunidades, &hellip; <a href=\"https:\/\/barcelona.wordcamp.org\/2015\/lugar\/mobile-world-centre\/\" class=\"more-link\">Seguir leyendo <span class=\"screen-reader-text\">Mobile World Centre<\/span> <span class=\"meta-nav\">&rarr;<\/span><\/a><\/p>\n","protected":false},"author":9330583,"featured_media":0,"parent":9,"menu_order":10,"comment_status":"closed","ping_status":"closed","template":"","meta":{"jetpack_post_was_ever_published":false,"footnotes":""},"class_list":["post-97","page","type-page","status-publish","hentry"],"jetpack_sharing_enabled":true,"jetpack_shortlink":"https:\/\/wp.me\/P5BJsP-1z","jetpack_likes_enabled":true,"_links":{"self":[{"href":"https:\/\/barcelona.wordcamp.org\/2015\/wp-json\/wp\/v2\/pages\/97","targetHints":{"allow":["GET"]}}],"collection":[{"href":"https:\/\/barcelona.wordcamp.org\/2015\/wp-json\/wp\/v2\/pages"}],"about":[{"href":"https:\/\/barcelona.wordcamp.org\/2015\/wp-json\/wp\/v2\/types\/page"}],"author":[{"embeddable":true,"href":"https:\/\/barcelona.wordcamp.org\/2015\/wp-json\/wp\/v2\/users\/9330583"}],"replies":[{"embeddable":true,"href":"https:\/\/barcelona.wordcamp.org\/2015\/wp-json\/wp\/v2\/comments?post=97"}],"version-history":[{"count":3,"href":"https:\/\/barcelona.wordcamp.org\/2015\/wp-json\/wp\/v2\/pages\/97\/revisions"}],"predecessor-version":[{"id":291,"href":"https:\/\/barcelona.wordcamp.org\/2015\/wp-json\/wp\/v2\/pages\/97\/revisions\/291"}],"up":[{"embeddable":true,"href":"https:\/\/barcelona.wordcamp.org\/2015\/wp-json\/wp\/v2\/pages\/9"}],"wp:attachment":[{"href":"https:\/\/barcelona.wordcamp.org\/2015\/wp-json\/wp\/v2\/media?parent=97"}],"curies":[{"name":"wp","href":"https:\/\/api.w.org\/{rel}","templated":true}]}}