{"id":81,"date":"2015-01-17T11:20:59","date_gmt":"2015-01-17T10:20:59","guid":{"rendered":"https:\/\/2015.barcelona.wordcamp.org\/?page_id=81"},"modified":"2015-03-24T18:51:40","modified_gmt":"2015-03-24T17:51:40","slug":"contributor-day","status":"publish","type":"page","link":"https:\/\/barcelona.wordcamp.org\/2015\/programa\/contributor-day\/","title":{"rendered":"Contributor Day"},"content":{"rendered":"<p>El viernes tendremos el Controbutor Day. Este d\u00eda ser\u00e1 para aquellos que quieran colaborar en la ampliaci\u00f3n de WordPress. No habr\u00e1n charlas, habr\u00e1 trabajo. Quien quiera asistir, aprender a colaborar y a participar de la comunidad de WordPress ser\u00e1 bienvenido.<\/p>\n<p>Pasaremos todo en d\u00eda en el <a href=\"https:\/\/2015.barcelona.wordcamp.org\/lugar\/mobile-world-centre\/\">Mobile World Centre<\/a>, con el equipo de la meetup de WordPress Barcelona, el de WordPress Matar\u00f3 y de parte de la comunidad de otras zonas de Espa\u00f1a.<\/p>\n<p>Como Contributor Day no hay horarios ni programa, es completamente abierto, aunque s\u00ed que requiere apuntarse, ya que el lugar es limitado. Estaremos de 10:00 (10 am) de la ma\u00f1ana a las 19:00 (7 pm) de la tarde.<\/p>\n<p>\u00bfQu\u00e9 se puede hacer, entre otras muchas cosas, en un Contributor Day?<\/p>\n<ul>\n<li>Colaborar con el <i>core<\/i> de WordPress<\/li>\n<li>Ayudar a revisar plantillas<\/li>\n<li>Ayudar a revisar plugins<\/li>\n<li>Traducir WordPress a otros idiomas<\/li>\n<li>Ofrecer ayuda a otros que quieran contribuir en WordPress<\/li>\n<\/ul>\n<p>Sobre todo, el objetivo principal del Contributor Day es juntarse, pasar un buen rato y que sea uno de muchos d\u00edas en los que colabores en la comunidad.<\/p>\n","protected":false},"excerpt":{"rendered":"<p>El viernes tendremos el Controbutor Day. Este d\u00eda ser\u00e1 para aquellos que quieran colaborar en la ampliaci\u00f3n de WordPress. No habr\u00e1n charlas, habr\u00e1 trabajo. Quien quiera asistir, aprender a colaborar y a participar de la comunidad de WordPress ser\u00e1 bienvenido. Pasaremos todo en d\u00eda en el Mobile World Centre, con el equipo de la meetup &hellip; <a href=\"https:\/\/barcelona.wordcamp.org\/2015\/programa\/contributor-day\/\" class=\"more-link\">Seguir leyendo <span class=\"screen-reader-text\">Contributor Day<\/span> <span class=\"meta-nav\">&rarr;<\/span><\/a><\/p>\n","protected":false},"author":9330583,"featured_media":0,"parent":7,"menu_order":20,"comment_status":"closed","ping_status":"closed","template":"","meta":{"_crdt_document":"","jetpack_post_was_ever_published":false,"footnotes":""},"class_list":["post-81","page","type-page","status-publish","hentry"],"jetpack_sharing_enabled":true,"jetpack_shortlink":"https:\/\/wp.me\/P5BJsP-1j","jetpack_likes_enabled":true,"_links":{"self":[{"href":"https:\/\/barcelona.wordcamp.org\/2015\/wp-json\/wp\/v2\/pages\/81","targetHints":{"allow":["GET"]}}],"collection":[{"href":"https:\/\/barcelona.wordcamp.org\/2015\/wp-json\/wp\/v2\/pages"}],"about":[{"href":"https:\/\/barcelona.wordcamp.org\/2015\/wp-json\/wp\/v2\/types\/page"}],"author":[{"embeddable":true,"href":"https:\/\/barcelona.wordcamp.org\/2015\/wp-json\/wp\/v2\/users\/9330583"}],"replies":[{"embeddable":true,"href":"https:\/\/barcelona.wordcamp.org\/2015\/wp-json\/wp\/v2\/comments?post=81"}],"version-history":[{"count":6,"href":"https:\/\/barcelona.wordcamp.org\/2015\/wp-json\/wp\/v2\/pages\/81\/revisions"}],"predecessor-version":[{"id":310,"href":"https:\/\/barcelona.wordcamp.org\/2015\/wp-json\/wp\/v2\/pages\/81\/revisions\/310"}],"up":[{"embeddable":true,"href":"https:\/\/barcelona.wordcamp.org\/2015\/wp-json\/wp\/v2\/pages\/7"}],"wp:attachment":[{"href":"https:\/\/barcelona.wordcamp.org\/2015\/wp-json\/wp\/v2\/media?parent=81"}],"curies":[{"name":"wp","href":"https:\/\/api.w.org\/{rel}","templated":true}]}}