{"id":105,"date":"2015-01-17T11:33:54","date_gmt":"2015-01-17T10:33:54","guid":{"rendered":"https:\/\/2015.barcelona.wordcamp.org\/?page_id=105"},"modified":"2015-03-01T17:05:31","modified_gmt":"2015-03-01T16:05:31","slug":"organiza-tu-viaje","status":"publish","type":"page","link":"https:\/\/barcelona.wordcamp.org\/2015\/lugar\/organiza-tu-viaje\/","title":{"rendered":"Organiza tu viaje"},"content":{"rendered":"<p>Si vienes a Barcelona puedes hacerlo de muchas maneras, ya que la ciudad tiene buenas conexiones con Espa\u00f1a, Europa y el mundo en general.<\/p>\n<p><b>Llegar a Barcelona en avi\u00f3n<\/b><\/p>\n<p>El <a href=\"http:\/\/www.aena.es\/csee\/Satellite\/Aeropuerto-Barcelona\/es\/Page\/1045569607459\/\">aeropuerto internacional de Barcelona \u00abEl Prat\u00bb<\/a> (BCN) se encuentra aproximadamente a 13 kilometros al sudoeste de la ciudad.<\/p>\n<p>Te recomendamos que para ir del aeropuerto a la ciudad utilices el <a href=\"http:\/\/www.aerobusbcn.com\/es\/home\">Aerob\u00fas<\/a>, que es el servicio de autob\u00fas que conecta el Aeropuerto y el centro de Barcelona, todos los d\u00edas del a\u00f1o. El trayecto tiene paradas en puntos estrat\u00e9gicos de la ciudad y tarda aproximadamente 35 minutos en ir o volver de cualquiera de las Terminales del Aeropuerto (T1 o T2), de una manera c\u00f3moda y econ\u00f3mica, sin tener que hacer transbordos. Todos los veh\u00edculos est\u00e1n adaptados para personas con movilidad reducida, tienen un espacio amplio reservado para los equipajes y todas las comodidades de un buen servicio de transporte p\u00fablico.<\/p>\n<p>Los horarios actuales de los Aerobuses son:<\/p>\n<ul>\n<li>Horarios A1 (Aerobus 1) de lunes a s\u00e1bado de 05:30 a 00:30 de Plaza Catalunya a la terminal T1 del Aeropuerto y de 06:10 a 01:05 de la terminal T1 a Plaza Catalunya.<\/li>\n<li>Horarios A2 (Aerobus 2) de lunes a s\u00e1bado de 05:30 a 00:30 de Plaza Catalunya a la terminal T2 del Aeropuerto y de 06:00 a 01:00 de la terminal T2 a Plaza Catalunya.<\/li>\n<\/ul>\n<p>El precio de los billetes es de 5,65\u20ac para el billete sencillo y 9,75\u20ac para el billete de ida y vuelta.<\/p>\n<p>La carretera de acceso al aeropuerto, la autov\u00eda C-31 Barcelona-Castelldefels, conecta con la C-32 Barcelona-Sitges. A las circunvalaciones de la ciudad de Barcelona (B-20\/B-10), podemos acceder por la denominada Pata Sur (B-21).<\/p>\n<p><b>Llegar a Barcelona en tren<\/b><\/p>\n<p>La estaci\u00f3n de tren m\u00e1s importante de la ciudad es la de <a href=\"http:\/\/www.adif.es\/es_ES\/infraestructuras\/estaciones\/71801\/informacion_000097.shtml\">Barcelona Sants<\/a>. Tiene conexi\u00f3n con el aeropuerto y el metro de la ciudad.<\/p>\n<p><b>Moverse en Barcelona<\/b><\/p>\n<p>Seguramente el metro es la mejor opci\u00f3n de todas, ya que la red est\u00e1 distribuida por toda la ciudad y poblaciones de los alrededores. Tambi\u00e9n puedes usar los trenes de Cercan\u00edas y los Ferrocarriles de la Generalitat.<\/p>\n<p>Tienes disponible un <a href=\"http:\/\/www.tmb.cat\/es\/mapa-metro-barcelona\">Mapa del Metro de Barcelona<\/a>, tambi\u00e9n el <a href=\"http:\/\/www.tmb.cat\/es\/mapa-bus-barcelona\">mapa de l\u00edneas de autob\u00fas<\/a>, el de <a href=\"http:\/\/www.renfe.com\/viajeros\/cercanias\/planos\/barcelona.html\">Cercan\u00edas de Barcelona<\/a> y el de los <a href=\"http:\/\/www.fgc.cat\/esp\/planol.asp\">Ferrocarrils de la Generalitat<\/a>.<\/p>\n","protected":false},"excerpt":{"rendered":"<p>Si vienes a Barcelona puedes hacerlo de muchas maneras, ya que la ciudad tiene buenas conexiones con Espa\u00f1a, Europa y el mundo en general. Llegar a Barcelona en avi\u00f3n El aeropuerto internacional de Barcelona \u00abEl Prat\u00bb (BCN) se encuentra aproximadamente a 13 kilometros al sudoeste de la ciudad. Te recomendamos que para ir del aeropuerto &hellip; <a href=\"https:\/\/barcelona.wordcamp.org\/2015\/lugar\/organiza-tu-viaje\/\" class=\"more-link\">Seguir leyendo <span class=\"screen-reader-text\">Organiza tu viaje<\/span> <span class=\"meta-nav\">&rarr;<\/span><\/a><\/p>\n","protected":false},"author":9330583,"featured_media":0,"parent":9,"menu_order":40,"comment_status":"closed","ping_status":"closed","template":"","meta":{"jetpack_post_was_ever_published":false,"footnotes":""},"class_list":["post-105","page","type-page","status-publish","hentry"],"jetpack_sharing_enabled":true,"jetpack_shortlink":"https:\/\/wp.me\/P5BJsP-1H","jetpack_likes_enabled":true,"_links":{"self":[{"href":"https:\/\/barcelona.wordcamp.org\/2015\/wp-json\/wp\/v2\/pages\/105","targetHints":{"allow":["GET"]}}],"collection":[{"href":"https:\/\/barcelona.wordcamp.org\/2015\/wp-json\/wp\/v2\/pages"}],"about":[{"href":"https:\/\/barcelona.wordcamp.org\/2015\/wp-json\/wp\/v2\/types\/page"}],"author":[{"embeddable":true,"href":"https:\/\/barcelona.wordcamp.org\/2015\/wp-json\/wp\/v2\/users\/9330583"}],"replies":[{"embeddable":true,"href":"https:\/\/barcelona.wordcamp.org\/2015\/wp-json\/wp\/v2\/comments?post=105"}],"version-history":[{"count":3,"href":"https:\/\/barcelona.wordcamp.org\/2015\/wp-json\/wp\/v2\/pages\/105\/revisions"}],"predecessor-version":[{"id":267,"href":"https:\/\/barcelona.wordcamp.org\/2015\/wp-json\/wp\/v2\/pages\/105\/revisions\/267"}],"up":[{"embeddable":true,"href":"https:\/\/barcelona.wordcamp.org\/2015\/wp-json\/wp\/v2\/pages\/9"}],"wp:attachment":[{"href":"https:\/\/barcelona.wordcamp.org\/2015\/wp-json\/wp\/v2\/media?parent=105"}],"curies":[{"name":"wp","href":"https:\/\/api.w.org\/{rel}","templated":true}]}}