{"id":102,"date":"2015-01-17T11:33:40","date_gmt":"2015-01-17T10:33:40","guid":{"rendered":"https:\/\/2015.barcelona.wordcamp.org\/?page_id=102"},"modified":"2015-03-16T16:46:03","modified_gmt":"2015-03-16T15:46:03","slug":"barcelona","status":"publish","type":"page","link":"https:\/\/barcelona.wordcamp.org\/2015\/lugar\/barcelona\/","title":{"rendered":"Barcelona"},"content":{"rendered":"<p><img loading=\"lazy\" decoding=\"async\" src=\"https:\/\/2015.barcelona.wordcamp.org\/files\/2015\/01\/Escudo_de_Barcelona-186x300.png\" alt=\"Escudo de Barcelona\" width=\"186\" height=\"300\" class=\"alignright size-medium wp-image-296\" srcset=\"https:\/\/barcelona.wordcamp.org\/2015\/files\/2015\/01\/Escudo_de_Barcelona-186x300.png 186w, https:\/\/barcelona.wordcamp.org\/2015\/files\/2015\/01\/Escudo_de_Barcelona.png 200w\" sizes=\"auto, (max-width: 186px) 100vw, 186px\" \/><a href=\"http:\/\/es.wikipedia.org\/wiki\/Barcelona\"><b>Barcelona seg\u00fan la Wikipedia<\/b><\/a><\/p>\n<p>Barcelona es una ciudad y municipio de Espa\u00f1a, capital de la provincia hom\u00f3nima y de la comunidad aut\u00f3noma de Catalu\u00f1a. Con una poblaci\u00f3n de 1602386 habitantes en 2014 es la segunda ciudad m\u00e1s poblada de Espa\u00f1a despu\u00e9s de Madrid, y la und\u00e9cima de la Uni\u00f3n Europea. El \u00e1rea metropolitana de Barcelona, incluida en la Regi\u00f3n urbana de Barcelona, cuenta con 5029181 habitantes (2011), siendo as\u00ed la sexta ciudad de mayor poblaci\u00f3n de la Uni\u00f3n Europea. Seg\u00fan The Economist, en 2015 Barcelona es la d\u00e9cimo quinta ciudad m\u00e1s segura del mundo.<\/p>\n<p>Se ubica a orillas del mar Mediterr\u00e1neo, a unos 120 km al sur de la cadena monta\u00f1osa de los Pirineos y de la frontera con Francia, en un peque\u00f1o llano litoral limitado por el mar al este, la sierra de Collserola al oeste, el r\u00edo Llobregat al sur y el r\u00edo Bes\u00f3s al norte. Por haber sido capital del condado de Barcelona, se suele aludir a ella con la denominaci\u00f3n antonom\u00e1stica de Ciudad Condal.<\/p>\n<p>Barcelona ha sido escenario de diversos acontecimientos internacionales que han contribuido a consolidarla y desarrollarla y darle proyecci\u00f3n mundial. Los m\u00e1s relevantes han sido la Exposici\u00f3n Universal de 1888, la Exposici\u00f3n Internacional de 1929, los Juegos Ol\u00edmpicos de verano de 1992 y el F\u00f3rum Universal de las Culturas 2004. Es tambi\u00e9n sede del secretariado de la Uni\u00f3n para el Mediterr\u00e1neo.<\/p>\n<p>En la actualidad, Barcelona est\u00e1 reconocida como una ciudad global por su importancia cultural, financiera, comercial y tur\u00edstica. Posee uno de los puertos m\u00e1s importantes del Mediterr\u00e1neo y es tambi\u00e9n un importante punto de comunicaciones entre Espa\u00f1a y Francia, debido a las conexiones por autopista y tren de alta velocidad. El aeropuerto de Barcelona fue utilizado por m\u00e1s de 37,5 millones de pasajeros en 2014.<\/p>\n<p><b>Moverse en Barcelona<\/b><\/p>\n<p>Seguramente el metro es la mejor opci\u00f3n de todas, ya que la red est\u00e1 distribuida por toda la ciudad y poblaciones de los alrededores. Tambi\u00e9n puedes usar los trenes de Cercan\u00edas y los Ferrocarriles de la Generalitat.<\/p>\n<p>Tienes disponible un <a href=\"http:\/\/www.tmb.cat\/es\/mapa-metro-barcelona\">Mapa del Metro de Barcelona<\/a>, tambi\u00e9n el <a href=\"http:\/\/www.tmb.cat\/es\/mapa-bus-barcelona\">mapa de l\u00edneas de autob\u00fas<\/a>, el de <a href=\"http:\/\/www.renfe.com\/viajeros\/cercanias\/planos\/barcelona.html\">Cercan\u00edas de Barcelona<\/a> y el de los <a href=\"http:\/\/www.fgc.cat\/esp\/planol.asp\">Ferrocarrils de la Generalitat<\/a>.<\/p>\n","protected":false},"excerpt":{"rendered":"<p>Barcelona seg\u00fan la Wikipedia Barcelona es una ciudad y municipio de Espa\u00f1a, capital de la provincia hom\u00f3nima y de la comunidad aut\u00f3noma de Catalu\u00f1a. Con una poblaci\u00f3n de 1602386 habitantes en 2014 es la segunda ciudad m\u00e1s poblada de Espa\u00f1a despu\u00e9s de Madrid, y la und\u00e9cima de la Uni\u00f3n Europea. El \u00e1rea metropolitana de Barcelona, &hellip; <a href=\"https:\/\/barcelona.wordcamp.org\/2015\/lugar\/barcelona\/\" class=\"more-link\">Seguir leyendo <span class=\"screen-reader-text\">Barcelona<\/span> <span class=\"meta-nav\">&rarr;<\/span><\/a><\/p>\n","protected":false},"author":9330583,"featured_media":0,"parent":9,"menu_order":30,"comment_status":"closed","ping_status":"closed","template":"","meta":{"jetpack_post_was_ever_published":false,"footnotes":""},"class_list":["post-102","page","type-page","status-publish","hentry"],"jetpack_sharing_enabled":true,"jetpack_shortlink":"https:\/\/wp.me\/P5BJsP-1E","jetpack_likes_enabled":true,"_links":{"self":[{"href":"https:\/\/barcelona.wordcamp.org\/2015\/wp-json\/wp\/v2\/pages\/102","targetHints":{"allow":["GET"]}}],"collection":[{"href":"https:\/\/barcelona.wordcamp.org\/2015\/wp-json\/wp\/v2\/pages"}],"about":[{"href":"https:\/\/barcelona.wordcamp.org\/2015\/wp-json\/wp\/v2\/types\/page"}],"author":[{"embeddable":true,"href":"https:\/\/barcelona.wordcamp.org\/2015\/wp-json\/wp\/v2\/users\/9330583"}],"replies":[{"embeddable":true,"href":"https:\/\/barcelona.wordcamp.org\/2015\/wp-json\/wp\/v2\/comments?post=102"}],"version-history":[{"count":4,"href":"https:\/\/barcelona.wordcamp.org\/2015\/wp-json\/wp\/v2\/pages\/102\/revisions"}],"predecessor-version":[{"id":297,"href":"https:\/\/barcelona.wordcamp.org\/2015\/wp-json\/wp\/v2\/pages\/102\/revisions\/297"}],"up":[{"embeddable":true,"href":"https:\/\/barcelona.wordcamp.org\/2015\/wp-json\/wp\/v2\/pages\/9"}],"wp:attachment":[{"href":"https:\/\/barcelona.wordcamp.org\/2015\/wp-json\/wp\/v2\/media?parent=102"}],"curies":[{"name":"wp","href":"https:\/\/api.w.org\/{rel}","templated":true}]}}